{"id":921,"date":"2021-07-21T08:40:24","date_gmt":"2021-07-21T08:40:24","guid":{"rendered":"https:\/\/www.iesoretania.es\/?page_id=921"},"modified":"2021-07-21T09:01:54","modified_gmt":"2021-07-21T09:01:54","slug":"autorizaciones","status":"publish","type":"page","link":"https:\/\/www.iesoretania.es\/index.php\/autorizaciones\/","title":{"rendered":"Autorizaciones"},"content":{"rendered":"<h1>Actividades Extraescolares<\/h1>\n<p>Para poder asistir a una actividad extraescolar es imprescindible entregar al tutor la autorizaci\u00f3n firmada por el padre\/madre\/tutor legal del alumno.<\/p>\n<p>El plazo m\u00e1ximo para entregar la autorizaci\u00f3n es de dos d\u00edas antes de la actividad.<\/p>\n<p><span style=\"color: #0000ff;\"><strong><a style=\"color: #0000ff;\" href=\"https:\/\/www.iesoretania.es\/wp-content\/uploads\/2021\/07\/MD850706-Autorizacion-para-participar-en-actividad.odt\">Pincha aqu\u00ed para ver la autorizaci\u00f3n.<\/a><\/strong><\/span><\/p>\n","protected":false},"excerpt":{"rendered":"<p>Actividades Extraescolares Para poder asistir a una actividad extraescolar es imprescindible entregar al tutor la autorizaci\u00f3n firmada por el padre\/madre\/tutor legal del alumno. El plazo m\u00e1ximo para entregar la autorizaci\u00f3n es de dos d\u00edas antes de la actividad. Pincha aqu\u00ed para ver la autorizaci\u00f3n.<\/p>\n","protected":false},"author":1,"featured_media":0,"parent":0,"menu_order":0,"comment_status":"closed","ping_status":"closed","template":"","meta":{"_et_pb_use_builder":"","_et_pb_old_content":"","_et_gb_content_width":"","footnotes":""},"class_list":["post-921","page","type-page","status-publish","hentry"],"_links":{"self":[{"href":"https:\/\/www.iesoretania.es\/index.php\/wp-json\/wp\/v2\/pages\/921","targetHints":{"allow":["GET"]}}],"collection":[{"href":"https:\/\/www.iesoretania.es\/index.php\/wp-json\/wp\/v2\/pages"}],"about":[{"href":"https:\/\/www.iesoretania.es\/index.php\/wp-json\/wp\/v2\/types\/page"}],"author":[{"embeddable":true,"href":"https:\/\/www.iesoretania.es\/index.php\/wp-json\/wp\/v2\/users\/1"}],"replies":[{"embeddable":true,"href":"https:\/\/www.iesoretania.es\/index.php\/wp-json\/wp\/v2\/comments?post=921"}],"version-history":[{"count":5,"href":"https:\/\/www.iesoretania.es\/index.php\/wp-json\/wp\/v2\/pages\/921\/revisions"}],"predecessor-version":[{"id":927,"href":"https:\/\/www.iesoretania.es\/index.php\/wp-json\/wp\/v2\/pages\/921\/revisions\/927"}],"wp:attachment":[{"href":"https:\/\/www.iesoretania.es\/index.php\/wp-json\/wp\/v2\/media?parent=921"}],"curies":[{"name":"wp","href":"https:\/\/api.w.org\/{rel}","templated":true}]}}