{"id":854,"date":"2021-07-18T17:21:18","date_gmt":"2021-07-18T17:21:18","guid":{"rendered":"https:\/\/www.iesoretania.es\/?page_id=854"},"modified":"2021-11-06T19:17:22","modified_gmt":"2021-11-06T19:17:22","slug":"formacion-profesional-basica","status":"publish","type":"page","link":"https:\/\/www.iesoretania.es\/index.php\/formacion-profesional-basica\/","title":{"rendered":"Formaci\u00f3n Profesional B\u00e1sica"},"content":{"rendered":"<p>[et_pb_section fb_built=\u00bb1&#8243; _builder_version=\u00bb4.8.1&#8243; _module_preset=\u00bbdefault\u00bb collapsed=\u00bboff\u00bb][et_pb_row _builder_version=\u00bb4.8.1&#8243; _module_preset=\u00bbdefault\u00bb collapsed=\u00bbon\u00bb][et_pb_column type=\u00bb4_4&#8243; _builder_version=\u00bb4.8.1&#8243; _module_preset=\u00bbdefault\u00bb][et_pb_image src=\u00bb\/wp-content\/uploads\/2021\/11\/alphabet-g536a4ec54_1920.jpg\u00bb title_text=\u00bbalphabet-g536a4ec54_1920&#8243; _builder_version=\u00bb4.8.1&#8243; _module_preset=\u00bbdefault\u00bb hover_enabled=\u00bb0&#8243; sticky_enabled=\u00bb0&#8243;][\/et_pb_image][\/et_pb_column][\/et_pb_row][et_pb_row _builder_version=\u00bb4.8.1&#8243; _module_preset=\u00bbdefault\u00bb][et_pb_column type=\u00bb4_4&#8243; _builder_version=\u00bb4.8.1&#8243; _module_preset=\u00bbdefault\u00bb][et_pb_text _builder_version=\u00bb4.8.1&#8243; _module_preset=\u00bbdefault\u00bb hover_enabled=\u00bb0&#8243; sticky_enabled=\u00bb0&#8243;]<\/p>\n<h2 class=\"title\"><strong>F.P.B. de Servicios Administrativos<br \/><\/strong><\/h2>\n<h4><strong>\u00bfQu\u00e9 es la Formaci\u00f3n Profesional B\u00e1sica?<\/strong><\/h4>\n<p>Los Ciclos de Formaci\u00f3n Profesional B\u00e1sica tienen\u00a0<strong>una duraci\u00f3n de 2 a\u00f1os acad\u00e9micos (2000 horas)<\/strong>\u00a0destinados a personas que\u00a0<strong>no han finalizado la ESO<\/strong>\u00a0y quieren proseguir sus estudios hacia un campo de la\u00a0Formaci\u00f3n Profesional. Estos estudios forman parte de la educaci\u00f3n obligatoria y gratuita.<\/p>\n<p>Las caracter\u00edsticas pedag\u00f3gicas se adaptar\u00e1n a las caracter\u00edsticas espec\u00edficas del alumnado. Se fomentar\u00e1 el trabajo en equipo, la tutor\u00eda y la\u00a0orientaci\u00f3n educativa y profesional.<\/p>\n<h4><strong>Requisitos de acceso<\/strong><\/h4>\n<ul>\n<li class=\"\">Para acceder a este ciclo se deben tener un\u00a0<strong>m\u00ednimo de 15 a\u00f1os<\/strong>\u00a0(cumplidos o cumplirlos durante el a\u00f1o en curso)\u00a0<strong>y no superar los 17 a\u00f1os.<\/strong><\/li>\n<li>Se accede por\u00a0<strong>recomendaci\u00f3n del equipo docente<\/strong>\u00a0de la ESO, seg\u00fan el Consejo Orientador, con el consentimiento de los tutores legales del alumno o del propio alumno si est\u00e1 emancipado.<\/li>\n<li class=\"\">Se tiene que<strong>\u00a0haber cursado 3\u00ba de ESO<\/strong>\u00a0para acceder. Excepcionalmente se podr\u00e1 acceder habiendo cursado 2\u00ba de ESO.<\/li>\n<\/ul>\n<h4><strong>M\u00f3dulos (asignaturas) de la FPB<\/strong><\/h4>\n<h5><strong>Primer curso y Segundo curso.<\/strong><\/h5>\n<h5>Promoci\u00f3n, repetici\u00f3n y titulaci\u00f3n<\/h5>\n<ul>\n<li>Si se supera al menos el 80% del 1er. curso, el alumno podr\u00e1 acceder al 2\u00ba curso matricul\u00e1ndose de los m\u00f3dulos pendientes.<\/li>\n<li>Si se supera al menos el 50% del 1er. curso, y previo informe del equipo docente, el alumno se podr\u00e1 matricular de los m\u00f3dulos pendientes y de algunos del 2\u00ba curso hasta completar el horario escolar.<\/li>\n<li>Se podr\u00e1 repetir cada uno de los cursos una sola vez y, excepcionalmente, previo informe del equipo docente, uno de los dos cursos una segunda vez.<\/li>\n<li>Se obtiene el T\u00edtulo Profesional B\u00e1sico de Inform\u00e1tica y Comunicaciones, cuya competencia profesional ser\u00e1 el nivel 1 del Cat\u00e1logo Nacional de Cualificaciones Profesionales.<\/li>\n<\/ul>\n<h4><strong>Certificado y convalidaci\u00f3n<\/strong><\/h4>\n<ul>\n<li>Los alumnos que no obtengan el T\u00edtulo recibir\u00e1n una certificaci\u00f3n acad\u00e9mica de los m\u00f3dulos superados.<\/li>\n<li>Se podr\u00e1n convocar pruebas para la obtenci\u00f3n directa del T\u00edtulo Profesional B\u00e1sico para personas mayores de 18 a\u00f1os.<\/li>\n<li>Las personas mayores de 22 a\u00f1os que tengan acreditadas todas las unidades de competencia profesional en un T\u00edtulo Profesional B\u00e1sico recibir\u00e1n el t\u00edtulo correspondiente.<\/li>\n<\/ul>\n<h4><strong>Salidas<\/strong><\/h4>\n<p>El T\u00edtulo Profesional B\u00e1sico permite el acceso a los Ciclos Formativos de Grado Medio, la obtenci\u00f3n del T\u00edtulo de la ESO a trav\u00e9s de una prueba y en el \u00e1mbito laboral tendr\u00e1 los mismos efectos que el t\u00edtulo de Educaci\u00f3n Secundaria Obligatoria para el acceso a empleos p\u00fablicos y privados.<\/p>\n<p>[\/et_pb_text][\/et_pb_column][\/et_pb_row][\/et_pb_section]<\/p>\n","protected":false},"excerpt":{"rendered":"<p>[et_pb_section fb_built=\u00bb1&#8243; _builder_version=\u00bb4.8.1&#8243; _module_preset=\u00bbdefault\u00bb collapsed=\u00bboff\u00bb][et_pb_row _builder_version=\u00bb4.8.1&#8243; _module_preset=\u00bbdefault\u00bb collapsed=\u00bbon\u00bb][et_pb_column type=\u00bb4_4&#8243; _builder_version=\u00bb4.8.1&#8243; _module_preset=\u00bbdefault\u00bb][et_pb_image src=\u00bb\/wp-content\/uploads\/2021\/11\/alphabet-g536a4ec54_1920.jpg\u00bb title_text=\u00bbalphabet-g536a4ec54_1920&#8243; _builder_version=\u00bb4.8.1&#8243; _module_preset=\u00bbdefault\u00bb hover_enabled=\u00bb0&#8243; sticky_enabled=\u00bb0&#8243;][\/et_pb_image][\/et_pb_column][\/et_pb_row][et_pb_row _builder_version=\u00bb4.8.1&#8243; _module_preset=\u00bbdefault\u00bb][et_pb_column type=\u00bb4_4&#8243; _builder_version=\u00bb4.8.1&#8243; _module_preset=\u00bbdefault\u00bb][et_pb_text _builder_version=\u00bb4.8.1&#8243; _module_preset=\u00bbdefault\u00bb hover_enabled=\u00bb0&#8243; sticky_enabled=\u00bb0&#8243;] F.P.B. de Servicios Administrativos \u00bfQu\u00e9 es la Formaci\u00f3n Profesional B\u00e1sica? Los Ciclos de Formaci\u00f3n Profesional B\u00e1sica tienen\u00a0una duraci\u00f3n de 2 a\u00f1os acad\u00e9micos (2000 horas)\u00a0destinados a personas que\u00a0no han finalizado [&hellip;]<\/p>\n","protected":false},"author":1,"featured_media":0,"parent":0,"menu_order":0,"comment_status":"closed","ping_status":"closed","template":"","meta":{"_et_pb_use_builder":"on","_et_pb_old_content":"","_et_gb_content_width":"","footnotes":""},"class_list":["post-854","page","type-page","status-publish","hentry"],"_links":{"self":[{"href":"https:\/\/www.iesoretania.es\/index.php\/wp-json\/wp\/v2\/pages\/854","targetHints":{"allow":["GET"]}}],"collection":[{"href":"https:\/\/www.iesoretania.es\/index.php\/wp-json\/wp\/v2\/pages"}],"about":[{"href":"https:\/\/www.iesoretania.es\/index.php\/wp-json\/wp\/v2\/types\/page"}],"author":[{"embeddable":true,"href":"https:\/\/www.iesoretania.es\/index.php\/wp-json\/wp\/v2\/users\/1"}],"replies":[{"embeddable":true,"href":"https:\/\/www.iesoretania.es\/index.php\/wp-json\/wp\/v2\/comments?post=854"}],"version-history":[{"count":3,"href":"https:\/\/www.iesoretania.es\/index.php\/wp-json\/wp\/v2\/pages\/854\/revisions"}],"predecessor-version":[{"id":1415,"href":"https:\/\/www.iesoretania.es\/index.php\/wp-json\/wp\/v2\/pages\/854\/revisions\/1415"}],"wp:attachment":[{"href":"https:\/\/www.iesoretania.es\/index.php\/wp-json\/wp\/v2\/media?parent=854"}],"curies":[{"name":"wp","href":"https:\/\/api.w.org\/{rel}","templated":true}]}}