{"id":534,"date":"2021-06-09T07:51:50","date_gmt":"2021-06-09T06:51:50","guid":{"rendered":"https:\/\/blogsaverroes.juntadeandalucia.es\/iesoretania\/?page_id=534"},"modified":"2025-04-08T09:13:41","modified_gmt":"2025-04-08T09:13:41","slug":"equipo-directivo","status":"publish","type":"page","link":"https:\/\/www.iesoretania.es\/index.php\/equipo-directivo\/","title":{"rendered":"Equipo Directivo"},"content":{"rendered":"<div class=\"content clearfix\">\n<h2>Direcci\u00f3n<\/h2>\n<table style=\"border-style: solid; border-color: #000000;\" border=\"0\" cellpadding=\"4\">\n<tbody>\n<tr>\n<td style=\"border-style: solid; border-color: #000000;\"><b>Director<\/b><\/td>\n<td style=\"border-style: solid; border-color: #000000;\"><b>Vicedirector<\/b><\/td>\n<td style=\"border-style: solid; border-color: #000000;\"><b>Secretario<\/b><\/td>\n<\/tr>\n<tr>\n<td style=\"border-style: solid; border-color: #000000;\">Jos\u00e9 Francisco Fern\u00e1ndez Pe\u00f1a<\/td>\n<td style=\"border-style: solid; border-color: #000000;\">Gregorio Palomares Ram\u00edrez<\/td>\n<td style=\"border-style: solid; border-color: #000000;\">Roque \u00c1ngel Garc\u00eda Mart\u00ednez<\/td>\n<\/tr>\n<\/tbody>\n<\/table>\n<h2>Jefatura de Estudios<\/h2>\n<table border=\"0\">\n<tbody>\n<tr>\n<td style=\"border-style: solid; border-color: #000000;\"><b>Jefa de Estudios<\/b><\/td>\n<td style=\"border-style: solid; border-color: #000000;\"><b>Jefa de Estudios Adjunta<\/b><\/td>\n<td style=\"border-style: solid; border-color: #000000;\"><b>Jefe de Estudios Adjunto<\/b><\/td>\n<\/tr>\n<tr>\n<td style=\"border-style: solid; border-color: #000000;\">Margarita Ya\u00f1ez Lentisco<\/td>\n<td style=\"border-style: solid; border-color: #000000;\">Isabel Mar\u00eda Torres L\u00f3pez<\/td>\n<td style=\"border-style: solid; border-color: #000000;\">Diego Godoy Qu\u00edlez<\/td>\n<\/tr>\n<\/tbody>\n<\/table>\n<\/div>\n","protected":false},"excerpt":{"rendered":"<p>Direcci\u00f3n Director Vicedirector Secretario Jos\u00e9 Francisco Fern\u00e1ndez Pe\u00f1a Gregorio Palomares Ram\u00edrez Roque \u00c1ngel Garc\u00eda Mart\u00ednez Jefatura de Estudios Jefa de Estudios Jefa de Estudios Adjunta Jefe de Estudios Adjunto Margarita Ya\u00f1ez Lentisco Isabel Mar\u00eda Torres L\u00f3pez Diego Godoy Qu\u00edlez<\/p>\n","protected":false},"author":1,"featured_media":0,"parent":0,"menu_order":0,"comment_status":"closed","ping_status":"closed","template":"","meta":{"_et_pb_use_builder":"off","_et_pb_old_content":"","_et_gb_content_width":"","footnotes":""},"class_list":["post-534","page","type-page","status-publish","hentry"],"_links":{"self":[{"href":"https:\/\/www.iesoretania.es\/index.php\/wp-json\/wp\/v2\/pages\/534","targetHints":{"allow":["GET"]}}],"collection":[{"href":"https:\/\/www.iesoretania.es\/index.php\/wp-json\/wp\/v2\/pages"}],"about":[{"href":"https:\/\/www.iesoretania.es\/index.php\/wp-json\/wp\/v2\/types\/page"}],"author":[{"embeddable":true,"href":"https:\/\/www.iesoretania.es\/index.php\/wp-json\/wp\/v2\/users\/1"}],"replies":[{"embeddable":true,"href":"https:\/\/www.iesoretania.es\/index.php\/wp-json\/wp\/v2\/comments?post=534"}],"version-history":[{"count":13,"href":"https:\/\/www.iesoretania.es\/index.php\/wp-json\/wp\/v2\/pages\/534\/revisions"}],"predecessor-version":[{"id":2151,"href":"https:\/\/www.iesoretania.es\/index.php\/wp-json\/wp\/v2\/pages\/534\/revisions\/2151"}],"wp:attachment":[{"href":"https:\/\/www.iesoretania.es\/index.php\/wp-json\/wp\/v2\/media?parent=534"}],"curies":[{"name":"wp","href":"https:\/\/api.w.org\/{rel}","templated":true}]}}