{"id":531,"date":"2021-06-09T07:48:10","date_gmt":"2021-06-09T06:48:10","guid":{"rendered":"https:\/\/blogsaverroes.juntadeandalucia.es\/iesoretania\/?page_id=531"},"modified":"2025-04-27T18:13:20","modified_gmt":"2025-04-27T18:13:20","slug":"horario-atencion-al-publico","status":"publish","type":"page","link":"https:\/\/www.iesoretania.es\/index.php\/horario-atencion-al-publico\/","title":{"rendered":"Horario atenci\u00f3n al p\u00fablico"},"content":{"rendered":"<p>[et_pb_section fb_built=\u00bb1&#8243; admin_label=\u00bbsection\u00bb _builder_version=\u00bb3.22&#8243;][et_pb_row admin_label=\u00bbrow\u00bb _builder_version=\u00bb3.25&#8243; background_size=\u00bbinitial\u00bb background_position=\u00bbtop_left\u00bb background_repeat=\u00bbrepeat\u00bb collapsed=\u00bboff\u00bb][et_pb_column type=\u00bb4_4&#8243; _builder_version=\u00bb3.25&#8243; custom_padding=\u00bb|||\u00bb custom_padding__hover=\u00bb|||\u00bb][et_pb_text admin_label=\u00bbText\u00bb _builder_version=\u00bb4.8.1&#8243; background_size=\u00bbinitial\u00bb background_position=\u00bbtop_left\u00bb background_repeat=\u00bbrepeat\u00bb hover_enabled=\u00bb0&#8243; sticky_enabled=\u00bb0&#8243;]<\/p>\n<div class=\"content clearfix\">\n<p>&nbsp;<\/p>\n<table style=\"border-style: solid; border-color: #000000; height: 100%;\" border=\"1\" width=\"737\" cellspacing=\"0\" cellpadding=\"0\" align=\"center\">\n<tbody>\n<tr>\n<td style=\"border-style: solid; border-color: #000000;\" colspan=\"3\">\n<p align=\"center\"><strong>Horario de atenci\u00f3n al p\u00fablico Curso 2024 \/ 2025 <\/strong><\/p>\n<\/td>\n<\/tr>\n<tr>\n<td style=\"border-style: solid; border-color: #000000;\">\n<p class=\"center rtecenter\" style=\"text-align: center;\"><strong>CARGO<\/strong><\/p>\n<\/td>\n<td style=\"border-style: solid; border-color: #000000;\">\n<p align=\"center\"><strong>NOMBRE<\/strong><\/p>\n<\/td>\n<td style=\"border-style: solid; border-color: #000000;\">\n<p align=\"center\"><strong>HORARIO<\/strong><\/p>\n<\/td>\n<\/tr>\n<tr>\n<td style=\"width: 173.717px; border-style: solid; border-color: #000000;\"><strong>DIRECTOR<\/strong><\/td>\n<td style=\"width: 278.617px; border-style: solid; border-color: #000000;\">D. JOS\u00c9 F. FERN\u00c1NDEZ PE\u00d1A<\/td>\n<td style=\"width: 276.667px; border-style: solid; border-color: #000000;\">\n<div>&#8211; Lunes, de 12:45 a 14:45<\/div>\n<\/td>\n<\/tr>\n<tr>\n<td style=\"width: 173.717px; border-style: solid; border-color: #000000;\"><strong>VICEDIRECTOR<\/strong><\/td>\n<td style=\"width: 278.617px; border-style: solid; border-color: #000000;\">D. GREGORIO PALOMARES RAM\u00cdREZ<\/td>\n<td style=\"width: 276.667px; border-style: solid; border-color: #000000;\">\n<div>&#8211; Martes, de 8:15 a 9:15<\/div>\n<div>&#8211; Mi\u00e9rcoles, de 8:15 a 9:15<\/div>\n<\/td>\n<\/tr>\n<tr>\n<td style=\"width: 173.717px; border-style: solid; border-color: #000000;\"><strong>JEFA DE ESTUDIOS<\/strong><\/td>\n<td style=\"width: 278.617px; border-style: solid; border-color: #000000;\">D\u00aa. MARGARITA YA\u00d1EZ LENTISCO<\/td>\n<td style=\"width: 276.667px; border-style: solid; border-color: #000000;\">\n<div>&#8211; Jueves, de 10:15 a 11 :15<\/div>\n<div>&#8211; Viernes, de 10:15 a 11:15<\/div>\n<\/td>\n<\/tr>\n<tr>\n<td style=\"width: 173.717px; border-style: solid; border-color: #000000;\"><strong>J. ESTUDIOS ADJUNTA<\/strong><\/td>\n<td style=\"width: 278.617px; border-style: solid; border-color: #000000;\">D\u00aa. ISABEL MAR\u00cdA TORRES L\u00d3PEZ<\/td>\n<td style=\"width: 276.667px; border-style: solid; border-color: #000000;\">\n<div>&#8211; Mi\u00e9rcoles, de 11:45 a 12:15<\/div>\n<\/td>\n<\/tr>\n<tr>\n<td style=\"width: 173.717px; border-style: solid; border-color: #000000;\"><strong>J. ESTUDIOS ADJUNTO<\/strong><\/td>\n<td style=\"width: 278.617px; border-style: solid; border-color: #000000;\">D. DIEGO GODOY QU\u00cdLEZ<\/td>\n<td style=\"width: 276.667px; border-style: solid; border-color: #000000;\">&#8211; Martes, de 17:30 a 18:30<\/td>\n<\/tr>\n<tr>\n<td style=\"width: 173.717px; border-style: solid; border-color: #000000;\"><strong>SECRETARIO<\/strong><\/td>\n<td style=\"width: 278.617px; border-style: solid; border-color: #000000;\">D. ROQUE A. GARC\u00cdA MART\u00cdNEZ<\/td>\n<td style=\"width: 276.667px; border-style: solid; border-color: #000000;\">\n<div>&#8211; Lunes, de 09:15 a 10:15<\/div>\n<div>&#8211; Martes, de 10:15 a 11:15<\/div>\n<\/td>\n<\/tr>\n<tr>\n<td style=\"width: 173.717px; border-style: solid; border-color: #000000;\"><strong>ORIENTADOR<\/strong><\/td>\n<td style=\"width: 278.617px; border-style: solid; border-color: #000000;\">D. JOAQU\u00cdN L\u00d3PEZ G\u00d3MEZ<\/td>\n<td style=\"width: 276.667px; border-style: solid; border-color: #000000;\">\n<div>&#8211; Viernes, de 9:15 a 10:15<\/div>\n<\/td>\n<\/tr>\n<tr>\n<td style=\"width: 173.717px; border-style: solid; border-color: #000000;\"><strong>COORD. DE CALIDAD<\/strong><\/td>\n<td style=\"width: 278.617px; border-style: solid; border-color: #000000;\">D\u00aa. MAR\u00cdA LIZARTE NAVARRO<\/td>\n<td style=\"width: 276.667px; border-style: solid; border-color: #000000;\">\n<div>&#8211; Lunes, de 10:15 a 11:15<\/div>\n<\/td>\n<\/tr>\n<tr>\n<td style=\"width: 454.333px; border-style: solid; border-color: #000000;\" colspan=\"2\"><strong>TUTORES\/AS<\/strong><\/td>\n<td style=\"width: 276.667px; border-style: solid; border-color: #000000;\"><strong>LUNES<\/strong>, de 16:00 a 17:00<\/td>\n<\/tr>\n<tr>\n<td style=\"width: 454.333px; border-style: solid; border-color: #000000;\" colspan=\"2\"><strong>RESTO PROFESORADO<\/strong><\/td>\n<td style=\"width: 276.667px; border-style: solid; border-color: #000000;\"><strong>CONCERTANDO CITA PREVIAMENTE<\/strong><\/td>\n<\/tr>\n<\/tbody>\n<\/table>\n<p>&nbsp;<\/p>\n<p><strong>NOTA.- PARA ESTAR SEGUROS DE PODER ATENDERLOS DEBIDAMENTE, ES MUY IMPORTANTE CONCERTAR LA CITA PREVIAMENTE EN TODOS LOS CASOS<\/strong><\/p>\n<\/div>\n<p>[\/et_pb_text][\/et_pb_column][\/et_pb_row][\/et_pb_section]<\/p>\n","protected":false},"excerpt":{"rendered":"<p>[et_pb_section fb_built=\u00bb1&#8243; admin_label=\u00bbsection\u00bb _builder_version=\u00bb3.22&#8243;][et_pb_row admin_label=\u00bbrow\u00bb _builder_version=\u00bb3.25&#8243; background_size=\u00bbinitial\u00bb background_position=\u00bbtop_left\u00bb background_repeat=\u00bbrepeat\u00bb collapsed=\u00bboff\u00bb][et_pb_column type=\u00bb4_4&#8243; _builder_version=\u00bb3.25&#8243; custom_padding=\u00bb|||\u00bb custom_padding__hover=\u00bb|||\u00bb][et_pb_text admin_label=\u00bbText\u00bb _builder_version=\u00bb4.8.1&#8243; background_size=\u00bbinitial\u00bb background_position=\u00bbtop_left\u00bb background_repeat=\u00bbrepeat\u00bb hover_enabled=\u00bb0&#8243; sticky_enabled=\u00bb0&#8243;] &nbsp; Horario de atenci\u00f3n al p\u00fablico Curso 2024 \/ 2025 CARGO NOMBRE HORARIO DIRECTOR D. JOS\u00c9 F. FERN\u00c1NDEZ PE\u00d1A &#8211; Lunes, de 12:45 a 14:45 VICEDIRECTOR D. GREGORIO PALOMARES RAM\u00cdREZ &#8211; Martes, de 8:15 [&hellip;]<\/p>\n","protected":false},"author":1,"featured_media":0,"parent":0,"menu_order":0,"comment_status":"closed","ping_status":"closed","template":"","meta":{"_et_pb_use_builder":"on","_et_pb_old_content":"<div class=\"content clearfix\">\r\n\r\n\u00a0\r\n<table style=\"border-style: solid; border-color: #000000;\" border=\"1\" width=\"737\" cellspacing=\"0\" cellpadding=\"0\" align=\"center\">\r\n<tbody>\r\n<tr>\r\n<td style=\"border-style: solid; border-color: #000000;\" colspan=\"3\">\r\n<p align=\"center\"><strong>Horario de atenci\u00f3n al p\u00fablico Curso 2020 \/ 2021\r\n<\/strong><\/p>\r\n<\/td>\r\n<\/tr>\r\n<tr>\r\n<td style=\"border-style: solid; border-color: #000000;\">\r\n<p class=\"center rtecenter\" style=\"text-align: center;\"><strong>CARGO<\/strong><\/p>\r\n<\/td>\r\n<td style=\"border-style: solid; border-color: #000000;\">\r\n<p align=\"center\"><strong>NOMBRE<\/strong><\/p>\r\n<\/td>\r\n<td style=\"border-style: solid; border-color: #000000;\">\r\n<p align=\"center\"><strong>HORARIO<\/strong><\/p>\r\n<\/td>\r\n<\/tr>\r\n<tr>\r\n<td style=\"width: 173.717px; border-style: solid; border-color: #000000;\"><strong>DIRECTOR<\/strong><\/td>\r\n<td style=\"width: 278.617px; border-style: solid; border-color: #000000;\">D. JOS\u00c9 F. FERN\u00c1NDEZ PE\u00d1A<\/td>\r\n<td style=\"width: 276.667px; border-style: solid; border-color: #000000;\">\r\n<div>- Mi\u00e9rcoles, de 11:45 a 12:45<\/div><\/td>\r\n<\/tr>\r\n<tr>\r\n<td style=\"width: 173.717px; border-style: solid; border-color: #000000;\"><strong>VICEDIRECTOR<\/strong><\/td>\r\n<td style=\"width: 278.617px; border-style: solid; border-color: #000000;\">D. GREGORIO PALOMARES RAM\u00cdREZ<\/td>\r\n<td style=\"width: 276.667px; border-style: solid; border-color: #000000;\">- Martes de 12:45 a 13:45<\/td>\r\n<\/tr>\r\n<tr>\r\n<td style=\"width: 173.717px; border-style: solid; border-color: #000000;\"><strong>JEFA DE ESTUDIOS<\/strong><\/td>\r\n<td style=\"width: 278.617px; border-style: solid; border-color: #000000;\">D\u00aa. PATRICIA JIM\u00c9NEZ DEL MORAL<\/td>\r\n<td style=\"width: 276.667px; border-style: solid; border-color: #000000;\">\r\n<div>- Martes, de 10:15 a 11:15<\/div><\/td>\r\n<\/tr>\r\n<tr>\r\n<td style=\"width: 173.717px; border-style: solid; border-color: #000000;\"><strong>J. ESTUDIOS ADJUNTA<\/strong><\/td>\r\n<td style=\"width: 278.617px; border-style: solid; border-color: #000000;\">D\u00aa. MARGARITA YA\u00d1EZ LENTISCO<\/td>\r\n<td style=\"width: 276.667px; border-style: solid; border-color: #000000;\">\r\n<div>- Viernes, de 09:15 a 10:15<\/div><\/td>\r\n<\/tr>\r\n<tr>\r\n<td style=\"width: 173.717px; border-style: solid; border-color: #000000;\"><strong>SECRETARIO<\/strong><\/td>\r\n<td style=\"width: 278.617px; border-style: solid; border-color: #000000;\">D. ROQUE A. GARC\u00cdA MART\u00cdNEZ<\/td>\r\n<td style=\"width: 276.667px; border-style: solid; border-color: #000000;\">\r\n<div>- Mi\u00e9rcoles, de 09:15 a 10:15<\/div><\/td>\r\n<\/tr>\r\n<tr>\r\n<td style=\"width: 173.717px; border-style: solid; border-color: #000000;\"><strong>ORIENTADOR<\/strong><\/td>\r\n<td style=\"width: 278.617px; border-style: solid; border-color: #000000;\">D. JOAQU\u00cdN L\u00d3PEZ G\u00d3MEZ<\/td>\r\n<td style=\"width: 276.667px; border-style: solid; border-color: #000000;\">\r\n<div>- Viernes, de 9:15 a 10:15<\/div><\/td>\r\n<\/tr>\r\n<tr>\r\n<td style=\"width: 173.717px; border-style: solid; border-color: #000000;\"><strong>COORD. DE CALIDAD<\/strong><\/td>\r\n<td style=\"width: 278.617px; border-style: solid; border-color: #000000;\">D\u00aa. MAR\u00cdA LIZARTE NAVARRO<\/td>\r\n<td style=\"width: 276.667px; border-style: solid; border-color: #000000;\">\r\n<div>- Lunes, de 09:15 a 10:15<\/div><\/td>\r\n<\/tr>\r\n<tr>\r\n<td style=\"width: 454.333px; border-style: solid; border-color: #000000;\" colspan=\"2\"><strong>TUTORES\/AS<\/strong><\/td>\r\n<td style=\"width: 276.667px; border-style: solid; border-color: #000000;\"><strong>LUNES<\/strong>, de 16:00 a 17:00<\/td>\r\n<\/tr>\r\n<tr>\r\n<td style=\"width: 454.333px; border-style: solid; border-color: #000000;\" colspan=\"2\"><strong>RESTO PROFESORADO<\/strong><\/td>\r\n<td style=\"width: 276.667px; border-style: solid; border-color: #000000;\"><strong>CONCERTANDO CITA PREVIAMENTE<\/strong><\/td>\r\n<\/tr>\r\n<\/tbody>\r\n<\/table>\r\n\u00a0\r\n\r\n<strong>NOTA.- PARA ESTAR SEGUROS DE PODER ATENDERLOS DEBIDAMENTE, ES MUY IMPORTANTE CONCERTAR LA CITA PREVIAMENTE EN TODOS LOS CASOS<\/strong>\r\n\r\n<\/div>","_et_gb_content_width":"","footnotes":""},"class_list":["post-531","page","type-page","status-publish","hentry"],"_links":{"self":[{"href":"https:\/\/www.iesoretania.es\/index.php\/wp-json\/wp\/v2\/pages\/531","targetHints":{"allow":["GET"]}}],"collection":[{"href":"https:\/\/www.iesoretania.es\/index.php\/wp-json\/wp\/v2\/pages"}],"about":[{"href":"https:\/\/www.iesoretania.es\/index.php\/wp-json\/wp\/v2\/types\/page"}],"author":[{"embeddable":true,"href":"https:\/\/www.iesoretania.es\/index.php\/wp-json\/wp\/v2\/users\/1"}],"replies":[{"embeddable":true,"href":"https:\/\/www.iesoretania.es\/index.php\/wp-json\/wp\/v2\/comments?post=531"}],"version-history":[{"count":18,"href":"https:\/\/www.iesoretania.es\/index.php\/wp-json\/wp\/v2\/pages\/531\/revisions"}],"predecessor-version":[{"id":2166,"href":"https:\/\/www.iesoretania.es\/index.php\/wp-json\/wp\/v2\/pages\/531\/revisions\/2166"}],"wp:attachment":[{"href":"https:\/\/www.iesoretania.es\/index.php\/wp-json\/wp\/v2\/media?parent=531"}],"curies":[{"name":"wp","href":"https:\/\/api.w.org\/{rel}","templated":true}]}}