{"id":2187,"date":"2025-09-03T16:58:32","date_gmt":"2025-09-03T16:58:32","guid":{"rendered":"https:\/\/www.iesoretania.es\/?page_id=2187"},"modified":"2025-09-03T17:03:11","modified_gmt":"2025-09-03T17:03:11","slug":"solicitud-de-cambio-o-asignacion-de-grupo","status":"publish","type":"page","link":"https:\/\/www.iesoretania.es\/index.php\/solicitud-de-cambio-o-asignacion-de-grupo\/","title":{"rendered":"Solicitud de cambio o asignaci\u00f3n de grupo"},"content":{"rendered":"<p>[et_pb_section fb_built=\u00bb1&#8243; _builder_version=\u00bb4.8.1&#8243; _module_preset=\u00bbdefault\u00bb][et_pb_row column_structure=\u00bb2_3,1_3&#8243; admin_label=\u00bbSolicitud de cambio o asignaci\u00f3n de grupo\u00bb _builder_version=\u00bb4.8.1&#8243; _module_preset=\u00bbdefault\u00bb][et_pb_column type=\u00bb2_3&#8243; _builder_version=\u00bb4.8.1&#8243; _module_preset=\u00bbdefault\u00bb][et_pb_text admin_label=\u00bbTexto\u00bb _builder_version=\u00bb4.8.1&#8243; _module_preset=\u00bbdefault\u00bb text_text_color=\u00bb#8300E9&#8243; text_font_size=\u00bb18px\u00bb]<\/p>\n<p>SOLICITUD DE CAMBIO O ASIGNACI\u00d3N DE GRUPO<\/p>\n<p>[\/et_pb_text][et_pb_text _builder_version=\u00bb4.8.1&#8243; _module_preset=\u00bbdefault\u00bb]<\/p>\n<p>Para poder solicitar el cambio de grupo o la solicitud de uno antes del periodo lectivo debes enviar un correo electr\u00f3nico a oficina@iesoretania.es indicando en el asunto cambio de grupo junto con el curso y el nombre del ciclo.<\/p>\n<p>No te olvides de adjuntar el impreso de la solicitud y la documentaci\u00f3n justificativa.<\/p>\n<p>Una vez estudiada la solicitud se le responder\u00e1 a su correo electr\u00f3nico con la concesi\u00f3n o no del grupo elegido.<\/p>\n<p>&nbsp;<\/p>\n<p>[\/et_pb_text][\/et_pb_column][et_pb_column type=\u00bb1_3&#8243; _builder_version=\u00bb4.8.1&#8243; _module_preset=\u00bbdefault\u00bb][et_pb_image src=\u00bb\/wp-content\/uploads\/2023\/04\/icono_descarga.png\u00bb title_text=\u00bbicono_descarga\u00bb url=\u00bbhttps:\/\/www.iesoretania.es\/wp-content\/uploads\/2025\/09\/MD820210-solicitud_grupo_ciclos.pdf\u00bb url_new_window=\u00bbon\u00bb align=\u00bbright\u00bb _builder_version=\u00bb4.8.1&#8243; _module_preset=\u00bbdefault\u00bb min_height=\u00bb100px\u00bb height=\u00bb150px\u00bb animation_style=\u00bbroll\u00bb hover_enabled=\u00bb0&#8243; sticky_enabled=\u00bb0&#8243;][\/et_pb_image][\/et_pb_column][\/et_pb_row][\/et_pb_section]<\/p>\n","protected":false},"excerpt":{"rendered":"<p>[et_pb_section fb_built=\u00bb1&#8243; _builder_version=\u00bb4.8.1&#8243; _module_preset=\u00bbdefault\u00bb][et_pb_row column_structure=\u00bb2_3,1_3&#8243; admin_label=\u00bbSolicitud de cambio o asignaci\u00f3n de grupo\u00bb _builder_version=\u00bb4.8.1&#8243; _module_preset=\u00bbdefault\u00bb][et_pb_column type=\u00bb2_3&#8243; _builder_version=\u00bb4.8.1&#8243; _module_preset=\u00bbdefault\u00bb][et_pb_text admin_label=\u00bbTexto\u00bb _builder_version=\u00bb4.8.1&#8243; _module_preset=\u00bbdefault\u00bb text_text_color=\u00bb#8300E9&#8243; text_font_size=\u00bb18px\u00bb] SOLICITUD DE CAMBIO O ASIGNACI\u00d3N DE GRUPO [\/et_pb_text][et_pb_text _builder_version=\u00bb4.8.1&#8243; _module_preset=\u00bbdefault\u00bb] Para poder solicitar el cambio de grupo o la solicitud de uno antes del periodo lectivo debes enviar un correo electr\u00f3nico a oficina@iesoretania.es [&hellip;]<\/p>\n","protected":false},"author":1,"featured_media":0,"parent":0,"menu_order":0,"comment_status":"closed","ping_status":"closed","template":"","meta":{"_et_pb_use_builder":"on","_et_pb_old_content":"","_et_gb_content_width":"","footnotes":""},"class_list":["post-2187","page","type-page","status-publish","hentry"],"_links":{"self":[{"href":"https:\/\/www.iesoretania.es\/index.php\/wp-json\/wp\/v2\/pages\/2187","targetHints":{"allow":["GET"]}}],"collection":[{"href":"https:\/\/www.iesoretania.es\/index.php\/wp-json\/wp\/v2\/pages"}],"about":[{"href":"https:\/\/www.iesoretania.es\/index.php\/wp-json\/wp\/v2\/types\/page"}],"author":[{"embeddable":true,"href":"https:\/\/www.iesoretania.es\/index.php\/wp-json\/wp\/v2\/users\/1"}],"replies":[{"embeddable":true,"href":"https:\/\/www.iesoretania.es\/index.php\/wp-json\/wp\/v2\/comments?post=2187"}],"version-history":[{"count":4,"href":"https:\/\/www.iesoretania.es\/index.php\/wp-json\/wp\/v2\/pages\/2187\/revisions"}],"predecessor-version":[{"id":2194,"href":"https:\/\/www.iesoretania.es\/index.php\/wp-json\/wp\/v2\/pages\/2187\/revisions\/2194"}],"wp:attachment":[{"href":"https:\/\/www.iesoretania.es\/index.php\/wp-json\/wp\/v2\/media?parent=2187"}],"curies":[{"name":"wp","href":"https:\/\/api.w.org\/{rel}","templated":true}]}}