{"id":1876,"date":"2023-09-14T09:46:25","date_gmt":"2023-09-14T09:46:25","guid":{"rendered":"https:\/\/www.iesoretania.es\/?page_id=1876"},"modified":"2023-09-15T10:06:56","modified_gmt":"2023-09-15T10:06:56","slug":"cambios-matricula-fpi","status":"publish","type":"page","link":"https:\/\/www.iesoretania.es\/index.php\/cambios-matricula-fpi\/","title":{"rendered":"Cambios matr\u00edcula FPI"},"content":{"rendered":"<p>[et_pb_section fb_built=\u00bb1&#8243; _builder_version=\u00bb4.8.1&#8243; _module_preset=\u00bbdefault\u00bb][et_pb_row column_structure=\u00bb2_3,1_3&#8243; admin_label=\u00bbAmplicaci\u00f3n matr\u00edcula parcial\u00bb _builder_version=\u00bb4.8.1&#8243; _module_preset=\u00bbdefault\u00bb][et_pb_column type=\u00bb2_3&#8243; _builder_version=\u00bb4.8.1&#8243; _module_preset=\u00bbdefault\u00bb][et_pb_text _builder_version=\u00bb4.8.1&#8243; _module_preset=\u00bbdefault\u00bb text_text_color=\u00bb#8300E9&#8243; text_font_size=\u00bb18px\u00bb]<\/p>\n<p>AMPLIACI\u00d3N DE MATR\u00cdCULA EN OFERTA PARCIAL EN SEGUNDO CURSO DE LOS CICLOS DE FPI<\/p>\n<p>[\/et_pb_text][et_pb_text _builder_version=\u00bb4.8.1&#8243; _module_preset=\u00bbdefault\u00bb]<\/p>\n<p>Si la carga horaria de los m\u00f3dulos profesionales no superados de primer curso es Igual o inferior al 50% de las horas totales, el alumno o alumna podr\u00e1 optar por repetir s\u00f3lo los m\u00f3dulos profesionales no superados, o matricularse de \u00e9stos y de m\u00f3dulos profesionales de segundo curso, utilizando la oferta parcial, siempre que la carga horaria que se curse no sea superior a 1.000 horas lectivas en ese curso escolar y el horario lectivo de dichos m\u00f3dulos profesionales sea compatible, permitiendo la asistencia y evaluaci\u00f3n continua en todos ellos.<\/p>\n<p>Las solicitudes para la ampliaci\u00f3n de la matr\u00edcula, en oferta parcial, a los m\u00f3dulos profesionales de segundo curso de los distintos ciclos que se imparten en nuestro centro, puede descargarla de los siguientes enlaces:<\/p>\n<p>CICLO DE GRADO MEDIO: <a href=\"https:\/\/www.iesoretania.es\/wp-content\/uploads\/2023\/09\/Ampliacion-modulos-CM-SMR.pdf\" target=\"_blank\" rel=\"noopener\">SISTEMAS MICROINFORM\u00c1TICOS Y REDES.<\/a><\/p>\n<p>CICLO DE GRADO SUPERIOR: <a href=\"https:\/\/www.iesoretania.es\/wp-content\/uploads\/2023\/09\/Ampliacion-modulos-CS-ASIR.pdf\" target=\"_blank\" rel=\"noopener\">ADMINISTRACI\u00d3N DE SISTEMAS INFORM\u00c1TICOS EN RED.<\/a><\/p>\n<p>CICLO DE GRADO SUPERIOR: <a href=\"https:\/\/www.iesoretania.es\/wp-content\/uploads\/2023\/09\/Ampliacion-modulos-CS-DAM.pdf\" target=\"_blank\" rel=\"noopener\">DESARROLLO DE APLICACIONES MULTIPLATAFORMA.<\/a><\/p>\n<p>CICLO DE GRADO SUPERIOR: <a href=\"https:\/\/www.iesoretania.es\/wp-content\/uploads\/2023\/09\/Ampliacion-modulos-CS-DAW.pdf\" target=\"_blank\" rel=\"noopener\">DESARROLLO DE APLICACIONES WEB.<\/a><\/p>\n<p>CICLO DE GRADO SUPERIOR: <a href=\"https:\/\/www.iesoretania.es\/wp-content\/uploads\/2023\/09\/Ampliacion-modulos-CS-AUDIO.pdf\" target=\"_blank\" rel=\"noopener\">AUDIOLOG\u00cdA PROT\u00c9SICA.<\/a><\/p>\n<p>CICLO DE GRADO SUPERIOR: <a href=\"https:\/\/www.iesoretania.es\/wp-content\/uploads\/2023\/09\/Ampliacion-modulos-CS-HBD.pdf\" target=\"_blank\" rel=\"noopener\">HIGIENE BUCODENTAL.<\/a><\/p>\n<p>Una vez rellenada la solicitud, entr\u00e9guela al tutor docente de su curso para que sea procesada.<\/p>\n<p>[\/et_pb_text][\/et_pb_column][et_pb_column type=\u00bb1_3&#8243; _builder_version=\u00bb4.8.1&#8243; _module_preset=\u00bbdefault\u00bb][\/et_pb_column][\/et_pb_row][et_pb_row column_structure=\u00bb2_3,1_3&#8243; admin_label=\u00bbEval Excepcional FPI\u00bb _builder_version=\u00bb4.8.1&#8243; _module_preset=\u00bbdefault\u00bb][et_pb_column type=\u00bb2_3&#8243; _builder_version=\u00bb4.8.1&#8243; _module_preset=\u00bbdefault\u00bb][et_pb_text _builder_version=\u00bb4.8.1&#8243; _module_preset=\u00bbdefault\u00bb text_text_color=\u00bb#8300E9&#8243; text_font_size=\u00bb18px\u00bb]<\/p>\n<p>SOLICITUD DE EVALUACI\u00d3N EXCEPCIONAL EN ESTUDIOS DE FPI<\/p>\n<p>[\/et_pb_text][et_pb_text _builder_version=\u00bb4.8.1&#8243; _module_preset=\u00bbdefault\u00bb]<\/p>\n<p>El alumnado que se encuentre matriculado en segundo curso de alguno de los ciclos formativos que se imparten en nuestro centro, solo en los m\u00f3dulos de formaci\u00f3n en centros de trabajo y\/o proyecto, podr\u00e1 solicitar que estos m\u00f3dulos sean desarrollados y evaluados durante el primer trimestre del curso acad\u00e9mico en la correspondiente <strong>Evaluaci\u00f3n Excepcional<\/strong>.<\/p>\n<p>A tal fin, deber\u00e1 rellenar la solicitud que se adjunta y que est\u00e1 accesible en el icono de descarga.<\/p>\n<p>Una vez rellenada, ser\u00e1 entregada en la secretar\u00eda del centro para su estudio y concesi\u00f3n, si procede.<\/p>\n<p>[\/et_pb_text][\/et_pb_column][et_pb_column type=\u00bb1_3&#8243; _builder_version=\u00bb4.8.1&#8243; _module_preset=\u00bbdefault\u00bb][et_pb_image src=\u00bb\/wp-content\/uploads\/2023\/04\/icono_descarga.png\u00bb title_text=\u00bbicono_descarga\u00bb url=\u00bbhttps:\/\/www.iesoretania.es\/wp-content\/uploads\/2023\/09\/MD820209-Solicitud-final-excepcional.pdf\u00bb url_new_window=\u00bbon\u00bb align=\u00bbright\u00bb _builder_version=\u00bb4.8.1&#8243; _module_preset=\u00bbdefault\u00bb min_height=\u00bb100px\u00bb height=\u00bb150px\u00bb animation_style=\u00bbroll\u00bb][\/et_pb_image][\/et_pb_column][\/et_pb_row][\/et_pb_section]<\/p>\n","protected":false},"excerpt":{"rendered":"<p>[et_pb_section fb_built=\u00bb1&#8243; _builder_version=\u00bb4.8.1&#8243; _module_preset=\u00bbdefault\u00bb][et_pb_row column_structure=\u00bb2_3,1_3&#8243; admin_label=\u00bbAmplicaci\u00f3n matr\u00edcula parcial\u00bb _builder_version=\u00bb4.8.1&#8243; _module_preset=\u00bbdefault\u00bb][et_pb_column type=\u00bb2_3&#8243; _builder_version=\u00bb4.8.1&#8243; _module_preset=\u00bbdefault\u00bb][et_pb_text _builder_version=\u00bb4.8.1&#8243; _module_preset=\u00bbdefault\u00bb text_text_color=\u00bb#8300E9&#8243; text_font_size=\u00bb18px\u00bb] AMPLIACI\u00d3N DE MATR\u00cdCULA EN OFERTA PARCIAL EN SEGUNDO CURSO DE LOS CICLOS DE FPI [\/et_pb_text][et_pb_text _builder_version=\u00bb4.8.1&#8243; _module_preset=\u00bbdefault\u00bb] Si la carga horaria de los m\u00f3dulos profesionales no superados de primer curso es Igual o inferior al 50% de las [&hellip;]<\/p>\n","protected":false},"author":1,"featured_media":0,"parent":0,"menu_order":0,"comment_status":"closed","ping_status":"closed","template":"","meta":{"_et_pb_use_builder":"on","_et_pb_old_content":"","_et_gb_content_width":"","footnotes":""},"class_list":["post-1876","page","type-page","status-publish","hentry"],"_links":{"self":[{"href":"https:\/\/www.iesoretania.es\/index.php\/wp-json\/wp\/v2\/pages\/1876","targetHints":{"allow":["GET"]}}],"collection":[{"href":"https:\/\/www.iesoretania.es\/index.php\/wp-json\/wp\/v2\/pages"}],"about":[{"href":"https:\/\/www.iesoretania.es\/index.php\/wp-json\/wp\/v2\/types\/page"}],"author":[{"embeddable":true,"href":"https:\/\/www.iesoretania.es\/index.php\/wp-json\/wp\/v2\/users\/1"}],"replies":[{"embeddable":true,"href":"https:\/\/www.iesoretania.es\/index.php\/wp-json\/wp\/v2\/comments?post=1876"}],"version-history":[{"count":17,"href":"https:\/\/www.iesoretania.es\/index.php\/wp-json\/wp\/v2\/pages\/1876\/revisions"}],"predecessor-version":[{"id":1920,"href":"https:\/\/www.iesoretania.es\/index.php\/wp-json\/wp\/v2\/pages\/1876\/revisions\/1920"}],"wp:attachment":[{"href":"https:\/\/www.iesoretania.es\/index.php\/wp-json\/wp\/v2\/media?parent=1876"}],"curies":[{"name":"wp","href":"https:\/\/api.w.org\/{rel}","templated":true}]}}