{"id":1683,"date":"2023-04-06T17:05:11","date_gmt":"2023-04-06T17:05:11","guid":{"rendered":"https:\/\/www.iesoretania.es\/?page_id=1683"},"modified":"2023-04-07T16:46:22","modified_gmt":"2023-04-07T16:46:22","slug":"anulacionesmatricula","status":"publish","type":"page","link":"https:\/\/www.iesoretania.es\/index.php\/anulacionesmatricula\/","title":{"rendered":"Anulaciones de matr\u00edcula y renuncias de convocatorias"},"content":{"rendered":"<p>[et_pb_section fb_built=\u00bb1&#8243; _builder_version=\u00bb4.8.1&#8243; _module_preset=\u00bbdefault\u00bb][et_pb_row column_structure=\u00bb2_3,1_3&#8243; admin_label=\u00bbanulacion matricula\u00bb _builder_version=\u00bb4.8.1&#8243; _module_preset=\u00bbdefault\u00bb][et_pb_column type=\u00bb2_3&#8243; _builder_version=\u00bb4.8.1&#8243; _module_preset=\u00bbdefault\u00bb][et_pb_text _builder_version=\u00bb4.8.1&#8243; _module_preset=\u00bbdefault\u00bb text_text_color=\u00bb#8300E9&#8243; text_font_size=\u00bb18px\u00bb]ANULACI\u00d3N DE MATR\u00cdCULA[\/et_pb_text][et_pb_text _builder_version=\u00bb4.8.1&#8243; _module_preset=\u00bbdefault\u00bb]La anulaci\u00f3n de matr\u00edcula se solicitar\u00e1 al Director del Centro con el formulario indicado en la Orden de 29 de septiembre de 2010 y que te puede descargar de esta web.<br \/>\nDebes tener presente que una vez aprobada la anulaci\u00f3n perder\u00e1s todos los derechos sobre la ense\u00f1anza: asistencia a clases, evaluaci\u00f3n, calificaci\u00f3n y continuidad en el ciclo. El alumnado con matr\u00edcula anulada deber\u00e1 pasar de nuevo por el procedimiento de preinscripci\u00f3n en los plazos establecidos para solicitar una nueva plaza.<br \/>\nLa anulaci\u00f3n de matr\u00edcula da derecho a no perder convocatoria en el curso solicitada y aprobada.[\/et_pb_text][\/et_pb_column][et_pb_column type=\u00bb1_3&#8243; _builder_version=\u00bb4.8.1&#8243; _module_preset=\u00bbdefault\u00bb][et_pb_image src=\u00bb\/wp-content\/uploads\/2023\/04\/icono_descarga.png\u00bb title_text=\u00bbicono_descarga\u00bb url=\u00bbhttps:\/\/www.iesoretania.es\/wp-content\/uploads\/2023\/04\/ANEXO-III-ANULACIO\u0301N-DE-MATRI\u0301CULA-FP.pdf\u00bb url_new_window=\u00bbon\u00bb align=\u00bbright\u00bb _builder_version=\u00bb4.8.1&#8243; _module_preset=\u00bbdefault\u00bb min_height=\u00bb100px\u00bb height=\u00bb150px\u00bb animation_style=\u00bbroll\u00bb][\/et_pb_image][\/et_pb_column][\/et_pb_row][et_pb_row column_structure=\u00bb2_3,1_3&#8243; admin_label=\u00bbrenuncia a modulos\u00bb _builder_version=\u00bb4.8.1&#8243; _module_preset=\u00bbdefault\u00bb][et_pb_column type=\u00bb2_3&#8243; _builder_version=\u00bb4.8.1&#8243; _module_preset=\u00bbdefault\u00bb][et_pb_text _builder_version=\u00bb4.8.1&#8243; _module_preset=\u00bbdefault\u00bb text_text_color=\u00bb#8300E9&#8243; text_font_size=\u00bb18px\u00bb]RENUNCIA A M\u00d3DULOS MATRICULADOS[\/et_pb_text][et_pb_text _builder_version=\u00bb4.8.1&#8243; _module_preset=\u00bbdefault\u00bb]La renuncia a m\u00f3dulos se podr\u00e1 hacer una vez por curso escolar y no podr\u00e1 superar el 50% de los m\u00f3dulos en los que se encuentre matriculados.<br \/>\nDicha renuncia se solicitar\u00e1 al Director del Centro mediante el modelo 2 y que se puede descargar de esta web.<br \/>\nDebes tener presente que una vez aprobada la renuncia a convocatoria perder\u00e1s todos los derechos sobre la ense\u00f1anza en dichos m\u00f3dulos: asistencia a clases, evaluaci\u00f3n, calificaci\u00f3n.[\/et_pb_text][\/et_pb_column][et_pb_column type=\u00bb1_3&#8243; _builder_version=\u00bb4.8.1&#8243; _module_preset=\u00bbdefault\u00bb][et_pb_image src=\u00bb\/wp-content\/uploads\/2023\/04\/icono_descarga.png\u00bb title_text=\u00bbicono_descarga\u00bb url=\u00bbhttps:\/\/www.iesoretania.es\/wp-content\/uploads\/2023\/04\/anexo-II-renuncia-modulos.pdf\u00bb url_new_window=\u00bbon\u00bb align=\u00bbright\u00bb _builder_version=\u00bb4.8.1&#8243; _module_preset=\u00bbdefault\u00bb min_height=\u00bb100px\u00bb height=\u00bb150px\u00bb animation_style=\u00bbroll\u00bb][\/et_pb_image][\/et_pb_column][\/et_pb_row][et_pb_row admin_label=\u00bbmotivos\u00bb _builder_version=\u00bb4.8.1&#8243; _module_preset=\u00bbdefault\u00bb][et_pb_column type=\u00bb4_4&#8243; _builder_version=\u00bb4.8.1&#8243; _module_preset=\u00bbdefault\u00bb][et_pb_text _builder_version=\u00bb4.8.1&#8243; _module_preset=\u00bbdefault\u00bb text_text_color=\u00bb#8300E9&#8243; text_font_size=\u00bb18px\u00bb]MOTIVOS DE RENUNCIA O ANULACI\u00d3N[\/et_pb_text][et_pb_text _builder_version=\u00bb4.8.1&#8243; _module_preset=\u00bbdefault\u00bb]El alumno, la alumna o sus representantes legales, en caso de que sea menor de edad, podr\u00e1n presentar la solicitud de convocatoria extraordinaria cuando concurra alguna de las circunstancias siguientes:<\/p>\n<p>a) Enfermedad prolongada o accidente del alumno o alumna.<\/p>\n<p>b) Incorporaci\u00f3n o desempe\u00f1o de un puesto de trabajo en un horario incompatible con las ense\u00f1anzas del ciclo formativo.<\/p>\n<p>c) Por cuidado de hijo o hija menor de 16 meses o por accidente grave, enfermedad grave y hospitalizaci\u00f3n del c\u00f3nyuge o an\u00e1logo y de familiares hasta el segundo grado de parentesco por consanguinidad o afinidad.[\/et_pb_text][\/et_pb_column][\/et_pb_row][et_pb_row admin_label=\u00bbplazos\u00bb _builder_version=\u00bb4.8.1&#8243; _module_preset=\u00bbdefault\u00bb][et_pb_column type=\u00bb4_4&#8243; _builder_version=\u00bb4.8.1&#8243; _module_preset=\u00bbdefault\u00bb][et_pb_text _builder_version=\u00bb4.8.1&#8243; _module_preset=\u00bbdefault\u00bb text_text_color=\u00bb#8300E9&#8243; text_font_size=\u00bb18px\u00bb]PLAZOS DE RENUNCIA O ANULACI\u00d3N[\/et_pb_text][et_pb_text _builder_version=\u00bb4.8.1&#8243; _module_preset=\u00bbdefault\u00bb]<\/p>\n<p>La solicitud deber\u00e1 presentarse con una antelaci\u00f3n m\u00ednima de <span style=\"color: #ff0000;\"><strong>dos meses<\/strong><\/span> respecto a la fecha prevista para la sesi\u00f3n de evaluaci\u00f3n final<\/p>\n<p>[\/et_pb_text][\/et_pb_column][\/et_pb_row][et_pb_row admin_label=\u00bblugar presentaci\u00f3n\u00bb _builder_version=\u00bb4.8.1&#8243; _module_preset=\u00bbdefault\u00bb][et_pb_column type=\u00bb4_4&#8243; _builder_version=\u00bb4.8.1&#8243; _module_preset=\u00bbdefault\u00bb][et_pb_text _builder_version=\u00bb4.8.1&#8243; _module_preset=\u00bbdefault\u00bb text_text_color=\u00bb#8300E9&#8243; text_font_size=\u00bb18px\u00bb]<\/p>\n<p>PRESENTACI\u00d3N DEL MODELO DE ANULACI\u00d3N O RENUNCIA<\/p>\n<p>[\/et_pb_text][et_pb_text _builder_version=\u00bb4.8.1&#8243; _module_preset=\u00bbdefault\u00bb]<\/p>\n<p>La solicitud debe ir dirigida a la persona titular de la direcci\u00f3n del centro docente\u00a0 y se presentar\u00e1 en la secretar\u00eda del mismo, o, en su defecto, en cualquiera de los registros de los dem\u00e1s \u00f3rganos previstos en el art\u00edculo 38.4 de la Ley 30\/1992, de 26 de noviembre, de R\u00e9gimen Jur\u00eddico de las Administraciones P\u00fablicas y del Procedimiento Administrativo Com\u00fan, o en los registros generales de los Ayuntamientos de acuerdo con lo establecido en el art\u00edculo 82.2 de la Ley 9\/2007, de 22 de octubre, de la Administraci\u00f3n de la Junta de Andaluc\u00eda, con una antelaci\u00f3n m\u00ednima de dos meses respecto a la fecha prevista para la sesi\u00f3n de evaluaci\u00f3n final.<\/p>\n<p>Dicha solicitud se ajustar\u00e1 al modelo que se recoge como Anexo II, para la renuncia a convocatoria, o al modelo recogido como Anexo III, para la renuncia a matr\u00edcula.<\/p>\n<p>[\/et_pb_text][\/et_pb_column][\/et_pb_row][et_pb_row admin_label=\u00bbTexto de la Orden\u00bb _builder_version=\u00bb4.8.1&#8243; _module_preset=\u00bbdefault\u00bb][et_pb_column type=\u00bb4_4&#8243; _builder_version=\u00bb4.8.1&#8243; _module_preset=\u00bbdefault\u00bb][et_pb_text admin_label=\u00bbTitulo\u00bb _builder_version=\u00bb4.8.1&#8243; _module_preset=\u00bbdefault\u00bb text_text_color=\u00bb#8300E9&#8243; text_font_size=\u00bb18px\u00bb]Texto de la Orden.  Art\u00edculo 7. Renuncia a convocatoria o matr\u00edcula[\/et_pb_text][et_pb_text admin_label=\u00bbTexto\u00bb _builder_version=\u00bb4.8.1&#8243; _module_preset=\u00bbdefault\u00bb hover_enabled=\u00bb0&#8243; sticky_enabled=\u00bb0&#8243;]<\/p>\n<p>1. Los alumnos y alumnas o, si son menores de edad sus representantes legales, podr\u00e1n presentar la renuncia a la convocatoria de hasta el 50% de los m\u00f3dulos profesionales en los que se encuentren matriculados, una sola vez por curso escolar.<\/p>\n<p>2. Asimismo podr\u00e1n solicitar, por una sola vez, la renuncia de la matr\u00edcula tanto en oferta parcial como en oferta completa.<\/p>\n<p>3. La solicitud de renuncia a la convocatoria de m\u00f3dulos profesionales o la renuncia a matr\u00edcula ir\u00e1 dirigida a la persona titular de la direcci\u00f3n del centro docente p\u00fablico, o, en su caso, a la persona titular del centro docente privado, donde el alumno o alumna se encuentre matriculado y se presentar\u00e1 preferentemente en la secretar\u00eda del mismo, o, en su defecto, en cualquiera de los registros de los dem\u00e1s \u00f3rganos previstos en el art\u00edculo 38.4 de la Ley 30\/1992, de 26 de noviembre, de R\u00e9gimen Jur\u00eddico de las Administraciones P\u00fablicas y del Procedimiento Administrativo Com\u00fan, o en los registros generales de los Ayuntamientos de acuerdo con lo establecido en el art\u00edculo 82.2 de la Ley 9\/2007, de 22 de octubre, de la Administraci\u00f3n de la Junta de Andaluc\u00eda, con una antelaci\u00f3n m\u00ednima de dos meses respecto a la fecha prevista para la sesi\u00f3n de evaluaci\u00f3n final. Dicha solicitud se ajustar\u00e1 al modelo que se recoge como Anexo II, para la renuncia a convocatoria, o al modelo recogido como Anexo III, para la renuncia a matr\u00edcula.<\/p>\n<p>4. Las circunstancias que las motiven y su justificaci\u00f3n documental son las establecidas en el art\u00edculo 6, apartados 2 y 3.<\/p>\n<p>5. La persona titular de la direcci\u00f3n del centro docente p\u00fablico, o, en su caso, la persona titular del centro docente privado, una vez comprobado que la documentaci\u00f3n presentada acredita la circunstancia alegada, resolver\u00e1 provisionalmente la solicitud en un plazo m\u00e1ximo de diez d\u00edas, contado desde la fecha de presentaci\u00f3n de la misma. La resoluci\u00f3n provisional se har\u00e1 p\u00fablica en el tabl\u00f3n de anuncios del centro docente, disponiendo los solicitantes de cinco d\u00edas para la presentaci\u00f3n de alegaciones por escrito. Transcurridos cinco d\u00edas desde la finalizaci\u00f3n del plazo de alegaciones, la persona titular de la direcci\u00f3n resolver\u00e1 definitivamente la solicitud presentada. Una vez adoptada la resoluci\u00f3n definitiva, en los cinco d\u00edas siguientes la secretar\u00eda del centro docente la notificar\u00e1 al solicitante o a sus representantes legales, mediante alguno de los procedimientos legales que garanticen su recepci\u00f3n y de conformidad con lo establecido en el art\u00edculo 59 de la Ley 30\/1992, de 26 de noviembre.<\/p>\n<p>6. La resoluci\u00f3n favorable de la renuncia a convocatoria o a matr\u00edcula, desde el momento en que se hagan efectivas, no permitir\u00e1 al alumnado participar en los procesos de adquisici\u00f3n de competencias ni ser evaluado en la evaluaci\u00f3n final.<\/p>\n<p>7. La renuncia a convocatoria o a matr\u00edcula resuelta favorablemente no computar\u00e1 a efectos de convocatorias utilizadas. No obstante, el alumno o alumna que renuncia a matr\u00edcula perder\u00e1 el derecho de reserva de plaza, por lo que si en el futuro deseara continuar dichos estudios deber\u00e1 concurrir de nuevo al procedimiento general de admisi\u00f3n que est\u00e9 establecido.<\/p>\n<p>Puede consultar el texto completo en la Orden de 29 de septiembre del 2010, BOJA 202 de 15 de octubre de 2010<\/p>\n<p>[\/et_pb_text][\/et_pb_column][\/et_pb_row][\/et_pb_section]<\/p>\n","protected":false},"excerpt":{"rendered":"<p>[et_pb_section fb_built=\u00bb1&#8243; _builder_version=\u00bb4.8.1&#8243; _module_preset=\u00bbdefault\u00bb][et_pb_row column_structure=\u00bb2_3,1_3&#8243; admin_label=\u00bbanulacion matricula\u00bb _builder_version=\u00bb4.8.1&#8243; _module_preset=\u00bbdefault\u00bb][et_pb_column type=\u00bb2_3&#8243; _builder_version=\u00bb4.8.1&#8243; _module_preset=\u00bbdefault\u00bb][et_pb_text _builder_version=\u00bb4.8.1&#8243; _module_preset=\u00bbdefault\u00bb text_text_color=\u00bb#8300E9&#8243; text_font_size=\u00bb18px\u00bb]ANULACI\u00d3N DE MATR\u00cdCULA[\/et_pb_text][et_pb_text _builder_version=\u00bb4.8.1&#8243; _module_preset=\u00bbdefault\u00bb]La anulaci\u00f3n de matr\u00edcula se solicitar\u00e1 al Director del Centro con el formulario indicado en la Orden de 29 de septiembre de 2010 y que te puede descargar de esta web. Debes tener presente que una [&hellip;]<\/p>\n","protected":false},"author":1,"featured_media":0,"parent":0,"menu_order":0,"comment_status":"closed","ping_status":"closed","template":"","meta":{"_et_pb_use_builder":"on","_et_pb_old_content":"","_et_gb_content_width":"","footnotes":""},"class_list":["post-1683","page","type-page","status-publish","hentry"],"_links":{"self":[{"href":"https:\/\/www.iesoretania.es\/index.php\/wp-json\/wp\/v2\/pages\/1683","targetHints":{"allow":["GET"]}}],"collection":[{"href":"https:\/\/www.iesoretania.es\/index.php\/wp-json\/wp\/v2\/pages"}],"about":[{"href":"https:\/\/www.iesoretania.es\/index.php\/wp-json\/wp\/v2\/types\/page"}],"author":[{"embeddable":true,"href":"https:\/\/www.iesoretania.es\/index.php\/wp-json\/wp\/v2\/users\/1"}],"replies":[{"embeddable":true,"href":"https:\/\/www.iesoretania.es\/index.php\/wp-json\/wp\/v2\/comments?post=1683"}],"version-history":[{"count":26,"href":"https:\/\/www.iesoretania.es\/index.php\/wp-json\/wp\/v2\/pages\/1683\/revisions"}],"predecessor-version":[{"id":1752,"href":"https:\/\/www.iesoretania.es\/index.php\/wp-json\/wp\/v2\/pages\/1683\/revisions\/1752"}],"wp:attachment":[{"href":"https:\/\/www.iesoretania.es\/index.php\/wp-json\/wp\/v2\/media?parent=1683"}],"curies":[{"name":"wp","href":"https:\/\/api.w.org\/{rel}","templated":true}]}}