{"id":1601,"date":"2022-11-08T19:06:52","date_gmt":"2022-11-08T19:06:52","guid":{"rendered":"https:\/\/www.iesoretania.es\/?page_id=1601"},"modified":"2022-12-07T08:08:26","modified_gmt":"2022-12-07T08:08:26","slug":"exencion-modulo-fct","status":"publish","type":"page","link":"https:\/\/www.iesoretania.es\/index.php\/exencion-modulo-fct\/","title":{"rendered":"Exenci\u00f3n del m\u00f3dulo profesional FCT"},"content":{"rendered":"<div>\n<h3><strong>Normativa Reguladora:<\/strong><\/h3>\n<div>\n<p><strong>ORDEN de 28 de septiembre de 2011<\/strong>, por la que se regulan los m\u00f3dulos profesionales de formaci\u00f3n en centros de trabajo y de proyecto para el alumnado matriculado en centros docentes de la Comunidad Aut\u00f3noma de Andaluc\u00eda.<\/p>\n<\/div>\n<div>\n<h3><strong>Exenci\u00f3n del m\u00f3dulo profesional de formaci\u00f3n en centros de trabajo.<\/strong><\/h3>\n<p>El m\u00f3dulo profesional de formaci\u00f3n en centros de trabajo ser\u00e1 susceptible de exenci\u00f3n por su correspondencia con la experiencia laboral, de conformidad con el art\u00edculo 39 del Real Decreto 1147\/2011, de 29 de julio.<\/p>\n<ul>\n<li><strong>La exenci\u00f3n podr\u00e1 ser total o parcial,<\/strong> dependiendo de la correspondencia que haya entre la experiencia acreditada y los resultados de aprendizaje del m\u00f3dulo profesional de formaci\u00f3n en centros de trabajo.<\/li>\n<li><strong>Se debe acreditar<\/strong>, tanto para la exenci\u00f3n total como para la parcial, <strong>una experiencia laboral<\/strong> equivalente al trabajo a tiempo completo <strong>de, al menos, un a\u00f1o<\/strong>, que permita demostrar que la persona solicitante tiene adquiridos los resultados de aprendizaje del m\u00f3dulo profesional de formaci\u00f3n en centros de trabajo.<\/li>\n<li>En el caso de <strong>contratos a tiempo parcial, los d\u00edas de cotizaci\u00f3n<\/strong> deber\u00e1n ser <strong>equivalentes a un a\u00f1o a tiempo completo.<\/strong><\/li>\n<\/ul>\n<h3><strong>Presentaci\u00f3n de la Solicitud de Exenci\u00f3n.<\/strong><\/h3>\n<div>La solicitud de exenci\u00f3n, as\u00ed como la documentaci\u00f3n acreditativa, se presentar\u00e1 en la secretar\u00eda del centro docente donde el alumnado se encuentre matriculado. Se emplear\u00e1 para ello el Anexo I. <a href=\"https:\/\/www.iesoretania.es\/wp-content\/uploads\/2022\/11\/anaxo_I_exencion_fct.pdf\" target=\"_blank\" rel=\"noopener\">(<strong>Anexo I<\/strong><\/a>).<\/div>\n<div>La exenci\u00f3n total o parcial del m\u00f3dulo profesional de formaci\u00f3n en centros de trabajo requerir\u00e1, adem\u00e1s de cumplir el requisito de experiencia laboral, la matr\u00edcula previa del alumno o de la alumna en un centro docente autorizado para impartir ense\u00f1anzas conducentes al t\u00edtulo del ciclo formativo correspondiente.<\/div>\n<div>Cuando se trate de alumnado que se matricule s\u00f3lo del m\u00f3dulo profesional de formaci\u00f3n en centros de trabajo y, si procede, el de proyecto, esta solicitud se entregar\u00e1 en el momento de formalizar la matricula.<\/div>\n<div>Si el alumnado realiza el m\u00f3dulo profesional de formaci\u00f3n en centros de trabajo en el periodo establecido con car\u00e1cter general, la solicitud de exenci\u00f3n se presentar\u00e1 al menos un mes antes del inicio de las actividades programadas para dicho m\u00f3dulo profesional.<\/div>\n<p>&nbsp;<\/p>\n<h4><strong>Justificaci\u00f3n de la experiencia laboral:<\/strong><\/h4>\n<div>La justificaci\u00f3n de la experiencia laboral se realizar\u00e1 de conformidad con lo establecido en el art\u00edculo 12 del Real Decreto 1124\/2009, de 17 de julio, de reconocimiento de las competencias profesionales adquiridas por experiencia laboral con los siguientes documentos:<\/div>\n<div>a) Para trabajadores o trabajadoras asalariados:<\/div>\n<div>Certificaci\u00f3n de la Tesorer\u00eda General de la Seguridad Social, del Instituto Social de la Marina o de la mutualidad a la que estuvieran afiliadas, donde conste la empresa, la categor\u00eda laboral (grupo de cotizaci\u00f3n) y el per\u00edodo de contrataci\u00f3n.<\/div>\n<div>Contrato de trabajo o certificaci\u00f3n de la empresa donde hayan adquirido la experiencia laboral, en la que conste espec\u00edficamente la duraci\u00f3n de los periodos de prestaci\u00f3n del contrato, la actividad desarrollada y el intervalo de tiempo en el que se ha realizado dicha actividad.<\/div>\n<div>b) Para trabajadores o trabajadoras aut\u00f3nomos o por cuenta propia:<\/div>\n<div>Certificaci\u00f3n de la Tesorer\u00eda General de la Seguridad Social o del Instituto Social de la Marina de los per\u00edodos de alta en la Seguridad Social en el r\u00e9gimen especial correspondiente.<\/div>\n<div>Descripci\u00f3n de la actividad desarrollada e intervalo de tiempo en el que se ha realizado la misma.<\/div>\n<div>c) Para trabajadores o trabajadoras voluntarios o becarios:<\/div>\n<div>Certificaci\u00f3n de la organizaci\u00f3n donde se haya prestado la asistencia en la que consten, espec\u00edficamente, las actividades y funciones realizadas, el a\u00f1o en el que se han realizado y el n\u00famero total de horas dedicadas a las mismas.<\/div>\n<div>Recursos.<\/div>\n<div>Contra la resoluci\u00f3n definitiva de exenci\u00f3n total o parcial del m\u00f3dulo profesional de formaci\u00f3n en centros de trabajo dictada por la persona titular de la direcci\u00f3n del centro docente p\u00fablico, las personas interesadas podr\u00e1n interponer recurso de alzada ante la persona titular de la Delegaci\u00f3n Provincial de la Consejer\u00eda con competencias en materia de educaci\u00f3n, que conocer\u00e1 y resolver\u00e1 el recurso por delegaci\u00f3n de la persona titular de la Consejer\u00eda.<\/div>\n<div>La informaci\u00f3n proporcionada por este medio tiene car\u00e1cter exclusivamente ilustrativo y no originar\u00e1 derechos ni expectativas de derecho. No nos hacemos responsables de un posible error u omisi\u00f3n en la informaci\u00f3n suministrada. Solo el texto de las disposiciones legales que se publiquen en el Bolet\u00edn Oficial de la Junta de Andaluc\u00eda y tablones de anuncios de las dependencias administrativas tendr\u00e1n la consideraci\u00f3n de aut\u00e9ntico.<\/div>\n<\/div>\n<\/div>\n<div>\n&nbsp;<\/p>\n<h3><strong>Tr\u00e1mite.<\/strong><\/h3>\n<p><a href=\"https:\/\/www.juntadeandalucia.es\/servicios\/sede\/tramites\/procedimientos\/detalle\/7302.html\"><span style=\"color: #3366ff;\">Puedes ver los pasos y los documentos en la web de la Junta de Educaci\u00f3n<\/span>.<\/a><\/p>\n<p>&nbsp;<\/p>\n<hr \/>\n<p><em>La informaci\u00f3n proporcionada por este medio tiene car\u00e1cter exclusivamente ilustrativo y no originar\u00e1 derechos ni expectativas de derecho. No nos hacemos responsables de un posible error u omisi\u00f3n en la informaci\u00f3n suministrada. Solo el texto de las disposiciones legales que se publiquen en el Bolet\u00edn Oficial de la Junta de Andaluc\u00eda y tablones de anuncios de las dependencias administrativas tendr\u00e1n la consideraci\u00f3n de aut\u00e9ntico.<\/em><\/p>\n<p>&nbsp;<\/p>\n<p>&nbsp;<\/p>\n<p>&nbsp;<\/p>\n<p>&nbsp;<\/p>\n<p>&nbsp;<\/p>\n<p>&nbsp;<\/p>\n<\/div>\n<div><\/div>\n","protected":false},"excerpt":{"rendered":"<p>Normativa Reguladora: ORDEN de 28 de septiembre de 2011, por la que se regulan los m\u00f3dulos profesionales de formaci\u00f3n en centros de trabajo y de proyecto para el alumnado matriculado en centros docentes de la Comunidad Aut\u00f3noma de Andaluc\u00eda. Exenci\u00f3n del m\u00f3dulo profesional de formaci\u00f3n en centros de trabajo. El m\u00f3dulo profesional de formaci\u00f3n en [&hellip;]<\/p>\n","protected":false},"author":1,"featured_media":0,"parent":0,"menu_order":0,"comment_status":"closed","ping_status":"closed","template":"","meta":{"_et_pb_use_builder":"off","_et_pb_old_content":"","_et_gb_content_width":"","footnotes":""},"class_list":["post-1601","page","type-page","status-publish","hentry"],"_links":{"self":[{"href":"https:\/\/www.iesoretania.es\/index.php\/wp-json\/wp\/v2\/pages\/1601","targetHints":{"allow":["GET"]}}],"collection":[{"href":"https:\/\/www.iesoretania.es\/index.php\/wp-json\/wp\/v2\/pages"}],"about":[{"href":"https:\/\/www.iesoretania.es\/index.php\/wp-json\/wp\/v2\/types\/page"}],"author":[{"embeddable":true,"href":"https:\/\/www.iesoretania.es\/index.php\/wp-json\/wp\/v2\/users\/1"}],"replies":[{"embeddable":true,"href":"https:\/\/www.iesoretania.es\/index.php\/wp-json\/wp\/v2\/comments?post=1601"}],"version-history":[{"count":32,"href":"https:\/\/www.iesoretania.es\/index.php\/wp-json\/wp\/v2\/pages\/1601\/revisions"}],"predecessor-version":[{"id":1650,"href":"https:\/\/www.iesoretania.es\/index.php\/wp-json\/wp\/v2\/pages\/1601\/revisions\/1650"}],"wp:attachment":[{"href":"https:\/\/www.iesoretania.es\/index.php\/wp-json\/wp\/v2\/media?parent=1601"}],"curies":[{"name":"wp","href":"https:\/\/api.w.org\/{rel}","templated":true}]}}