{"id":1446,"date":"2022-06-15T06:51:35","date_gmt":"2022-06-15T06:51:35","guid":{"rendered":"https:\/\/www.iesoretania.es\/?page_id=1446"},"modified":"2022-06-15T07:22:07","modified_gmt":"2022-06-15T07:22:07","slug":"curso-de-especializacion-en-inteligencia-artificial-y-big-data","status":"publish","type":"page","link":"https:\/\/www.iesoretania.es\/index.php\/curso-de-especializacion-en-inteligencia-artificial-y-big-data\/","title":{"rendered":"Curso de Especializaci\u00f3n en Inteligencia Artificial y Big Data"},"content":{"rendered":"<p>[et_pb_section fb_built=\u00bb1&#8243; _builder_version=\u00bb4.8.1&#8243; _module_preset=\u00bbdefault\u00bb collapsed=\u00bboff\u00bb][et_pb_row column_structure=\u00bb1_3,2_3&#8243; _builder_version=\u00bb4.8.1&#8243; _module_preset=\u00bbdefault\u00bb][et_pb_column type=\u00bb1_3&#8243; _builder_version=\u00bb4.8.1&#8243; _module_preset=\u00bbdefault\u00bb][et_pb_image src=\u00bb\/wp-content\/uploads\/2021\/07\/fpa.png\u00bb title_text=\u00bbfpa\u00bb align=\u00bbcenter\u00bb force_fullwidth=\u00bbon\u00bb _builder_version=\u00bb4.8.1&#8243; _module_preset=\u00bbdefault\u00bb border_radii=\u00bbon|2px|2px|2px|2px\u00bb border_width_all=\u00bb5px\u00bb][\/et_pb_image][et_pb_toggle title=\u00bbC.F.G.M. Inform\u00e1tica y Comunicaciones\u00bb closed_toggle_background_color=\u00bbrgba(127,90,201,0.67)\u00bb icon_color=\u00bb#000000&#8243; _builder_version=\u00bb4.8.1&#8243; _module_preset=\u00bbdefault\u00bb animation_style=\u00bbfold\u00bb]<\/p>\n<ul>\n<li><a href=\"https:\/\/www.iesoretania.es\/index.php\/c-f-g-m-sistemas-microinformaticos-y-redes\/\">Sistemas Microinform\u00e1ticos y Redes<\/a><\/li>\n<\/ul>\n<p>[\/et_pb_toggle][et_pb_toggle title=\u00bbC.F.G.S. Inform\u00e1tica y Comunicaciones\u00bb open_toggle_background_color=\u00bb#FFFFFF\u00bb closed_toggle_background_color=\u00bb#979b76&#8243; icon_color=\u00bb#000000&#8243; _builder_version=\u00bb4.8.1&#8243; _module_preset=\u00bbdefault\u00bb animation_style=\u00bbfold\u00bb animation_starting_opacity=\u00bb28%\u00bb]<\/p>\n<ul>\n<li><a href=\"https:\/\/www.iesoretania.es\/index.php\/c-f-g-s-desarrollo-de-aplicaciones-web\/\">Desarrollo de Aplicaciones Web<\/a><\/li>\n<li><a href=\"https:\/\/www.iesoretania.es\/index.php\/c-f-g-s-desarrollo-de-aplicaciones-multiplataforma\/\">Desarrollo de Aplicaciones Multiplataforma<\/a><\/li>\n<li><a href=\"https:\/\/www.iesoretania.es\/index.php\/c-f-g-s-administracion-de-sistemas-informaticos-en-red\/\">Administraci\u00f3n de Sistemas Inform\u00e1ticos<\/a><\/li>\n<\/ul>\n<p>[\/et_pb_toggle][et_pb_toggle title=\u00bbC.F.G.S. Sanidad\u00bb icon_color=\u00bb#000000&#8243; _builder_version=\u00bb4.8.1&#8243; _module_preset=\u00bbdefault\u00bb animation_style=\u00bbfold\u00bb]<\/p>\n<ul>\n<li>Higiene Bucodental<\/li>\n<li><a href=\"https:\/\/www.iesoretania.es\/index.php\/c-f-g-s-audiologia-protesica\/\">Audiolog\u00eda Prot\u00e9sica<\/a><\/li>\n<\/ul>\n<p>[\/et_pb_toggle][\/et_pb_column][et_pb_column type=\u00bb2_3&#8243; _builder_version=\u00bb4.8.1&#8243; _module_preset=\u00bbdefault\u00bb][et_pb_text admin_label=\u00bbTexto\u00bb _builder_version=\u00bb4.8.1&#8243; _module_preset=\u00bbdefault\u00bb]<\/p>\n<h1 style=\"text-align: center;\"><span style=\"color: #7c1482;\"><strong>Curso de Especializaci\u00f3n en Inteligencia Artificial y Big Data<br \/><\/strong><\/span><\/h1>\n<p>[\/et_pb_text][et_pb_text admin_label=\u00bbTexto\u00bb _builder_version=\u00bb4.8.1&#8243; _module_preset=\u00bbdefault\u00bb text_orientation=\u00bbcenter\u00bb link_option_url_new_window=\u00bbon\u00bb]<\/p>\n<p style=\"text-align: left;\">Puedes consultar la fuente original en:<\/p>\n<p><a href=\"https:\/\/www.todofp.es\/que-estudiar\/loe\/informatica-comunicaciones\/ce-inteligencia-artificial-bigdata.html\">https:\/\/www.todofp.es\/que-estudiar\/loe\/informatica-comunicaciones\/ce-inteligencia-artificial-bigdata.html<\/a><\/p>\n<p>[\/et_pb_text][et_pb_toggle title=\u00bbDuraci\u00f3n del estudio\u00bb admin_label=\u00bbDuraci\u00f3n\u00bb _builder_version=\u00bb4.8.1&#8243; _module_preset=\u00bbdefault\u00bb]<\/p>\n<p>El ciclo son 600 horas presenciales<\/p>\n<p>[\/et_pb_toggle][et_pb_toggle title=\u00bbRequisitos de acceso\u00bb open_toggle_text_color=\u00bb#8300E9&#8243; closed_toggle_text_color=\u00bb#000000&#8243; admin_label=\u00bbRequisitos\u00bb _builder_version=\u00bb4.8.1&#8243; _module_preset=\u00bb674580ac-28c5-40d6-ade9-0cca6658db14&#8243; title_text_color=\u00bb#FFFFFF\u00bb background_enable_color=\u00bboff\u00bb]<\/p>\n<div class=\"cte\">\n<p class=\"ta-justify\">Puedes acceder a este de <strong>especilizaci\u00f3n<\/strong> con alguno de los siguientes requisitos:<\/p>\n<p class=\"ta-justify\">\n<ul>\n<li>T\u00e9cnico Superior en Administraci\u00f3n de Sistemas Inform\u00e1ticos en Red.<\/li>\n<li>T\u00e9cnico Superior en Desarrollo de Aplicaciones Multiplataforma.<\/li>\n<li>T\u00e9cnico Superior en Desarrollo de Aplicaciones Web.<\/li>\n<li>T\u00e9cnico Superior en Sistemas de Telecomunicaciones e Inform\u00e1ticos.<\/li>\n<li>T\u00edtulo de T\u00e9cnico Superior en Mecatr\u00f3nica Industrial.<\/li>\n<li>T\u00edtulo de T\u00e9cnico Superior en Automatizaci\u00f3n y Rob\u00f3tica Industrial.<\/li>\n<\/ul>\n<\/div>\n<p>[\/et_pb_toggle][et_pb_toggle title=\u00bb\u00bfQu\u00e9 voy a aprender?\u00bb open=\u00bbon\u00bb admin_label=\u00bbque voy a aprender\u00bb _builder_version=\u00bb4.8.1&#8243; _module_preset=\u00bbdefault\u00bb]<\/p>\n<div class=\"cte\">\n<div class=\"cte\">\n<div class=\"cte\">\n<ul>\n<li>Aplicar sistemas de Inteligencia Artificial para identificar nuevas formas de interacci\u00f3n en los negocios que mejoren la productividad.<\/li>\n<li>Desarrollar e implementar sistemas de Inteligencia Artificial que faciliten la toma de decisiones \u00e1giles dentro de un negocio gestionando y explotando datos masivos.<\/li>\n<li>Gestionar la transformaci\u00f3n digital necesaria en las organizaciones para la consecuci\u00f3n de la eficiencia empresarial mediante el tratamiento de datos.<\/li>\n<li>Aplicar Inteligencia Artificial en funcionalidades, procesos y sistemas de decisi\u00f3n empresariales.<\/li>\n<li>Gestionar los distintos tipos de Inteligencia Artificial para la consecuci\u00f3n de transformaci\u00f3n y cambio en las empresas.<\/li>\n<li>Administrar el desarrollo de procesos automatizados que permitan la mejora de la productividad de las empresas.<\/li>\n<li>Optimizar el desarrollo de procesos aut\u00f3nomos empleando herramientas de Inteligencia Artificial.<\/li>\n<li>Integrar sistemas de explotaci\u00f3n de grandes vol\u00famenes de datos aplicando soluciones de Big Data.<\/li>\n<li>Implantar las funcionalidades, procesos y sistemas de decisiones empresariales aplicando t\u00e9cnicas de Big Data en ellos.<\/li>\n<li>Ejecutar el sistema de explotaci\u00f3n de datos seg\u00fan las necesidades de uso y las condiciones de seguridad establecidas asegurando el cumplimiento de los principios legales y \u00e9ticos.<\/li>\n<li>Configurar las herramientas que se usan para construir soluciones Big Data y de Inteligencia Artificial.<\/li>\n<li>Gestionar de manera eficiente los datos, la informaci\u00f3n y su representaci\u00f3n para transformarlos en conocimiento.<\/li>\n<\/ul>\n<\/div>\n<\/div>\n<\/div>\n<p>[\/et_pb_toggle][et_pb_toggle title=\u00bbPlan de formaci\u00f3n\u00bb admin_label=\u00bbplan de formaci\u00f3n\u00bb _builder_version=\u00bb4.8.1&#8243; _module_preset=\u00bbdefault\u00bb]<\/p>\n<div class=\"cte\">\n<div class=\"cte\">\n<div class=\"cte\">\n<p>Los m\u00f3dulos profesionales de este ciclo formativo son los siguientes:<\/p>\n<ul>\n<li>Modelos de Inteligencia Artificial.<\/li>\n<li>Sistemas de aprendizaje autom\u00e1tico.<\/li>\n<li>Programaci\u00f3n de Inteligencia Artificial.<\/li>\n<li>Sistemas de Big Data.<\/li>\n<li>Big Data aplicado.<\/li>\n<\/ul>\n<\/div>\n<\/div>\n<\/div>\n<p>[\/et_pb_toggle][et_pb_toggle title=\u00bbAl finalizar mis estudios, \u00bfQu\u00e9 puedo hacer?\u00bb admin_label=\u00bbal finalizar los estudios\u00bb _builder_version=\u00bb4.8.1&#8243; _module_preset=\u00bbdefault\u00bb]<\/p>\n<div class=\"cte\">\n<div class=\"cte\">\n<p class=\"ta-justify\"><strong>Trabajar como :<\/strong><\/p>\n<ul>\n<li>Desarrollador de Inteligencia Artificial y Big Data.<\/li>\n<li>Programador de sistemas expertos.<\/li>\n<li>Experto en Inteligencia Artificial y Big Data.<\/li>\n<li>Analista de datos.<\/li>\n<\/ul>\n<\/div>\n<\/div>\n<p>[\/et_pb_toggle][et_pb_toggle title=\u00bb\u00bfCu\u00e1les son las salidas profesionales?\u00bb admin_label=\u00bbsalidas\u00bb _builder_version=\u00bb4.8.1&#8243; _module_preset=\u00bbdefault\u00bb]<\/p>\n<p>Este profesional ejerce su actividad en el \u00e1rea de inform\u00e1tica de entidades que dispongan de sistemas para la gesti\u00f3n de datos e infraestructura de redes (intranet, internet y\/o extranet).<\/p>\n<p>[\/et_pb_toggle][et_pb_toggle title=\u00bbM\u00e1s informaci\u00f3n\u00bb admin_label=\u00bbmas informaci\u00f3n\u00bb _builder_version=\u00bb4.8.1&#8243; _module_preset=\u00bbdefault\u00bb]<\/p>\n<div class=\"cte\">\n<div class=\"cte\"><\/div>\n<div class=\"cte\">\n<p><a href=\"https:\/\/www.boe.es\/diario_boe\/txt.php?id=BOE-A-2021-7686\" rel=\"external noopener\" title=\"Enlace externo, se abre en ventana nueva.\" target=\"_blank\">Real Decreto 279\/2021 de 20 de abril <img loading=\"lazy\" decoding=\"async\" alt=\"Nueva ventana\" src=\"https:\/\/www.todofp.es\/docroot\/img\/iconos\/13\/ico-nv.gif\" title=\"Nueva ventana\" width=\"16\" height=\"14\" \/> <span class=\"ns\">Enlace externo, se abre en ventana nueva<\/span><\/a>(BOE 10\/05\/2021)<\/p>\n<\/div>\n<\/div>\n<p>[\/et_pb_toggle][\/et_pb_column][\/et_pb_row][\/et_pb_section]<\/p>\n","protected":false},"excerpt":{"rendered":"<p>[et_pb_section fb_built=\u00bb1&#8243; _builder_version=\u00bb4.8.1&#8243; _module_preset=\u00bbdefault\u00bb collapsed=\u00bboff\u00bb][et_pb_row column_structure=\u00bb1_3,2_3&#8243; _builder_version=\u00bb4.8.1&#8243; _module_preset=\u00bbdefault\u00bb][et_pb_column type=\u00bb1_3&#8243; _builder_version=\u00bb4.8.1&#8243; _module_preset=\u00bbdefault\u00bb][et_pb_image src=\u00bb\/wp-content\/uploads\/2021\/07\/fpa.png\u00bb title_text=\u00bbfpa\u00bb align=\u00bbcenter\u00bb force_fullwidth=\u00bbon\u00bb _builder_version=\u00bb4.8.1&#8243; _module_preset=\u00bbdefault\u00bb border_radii=\u00bbon|2px|2px|2px|2px\u00bb border_width_all=\u00bb5px\u00bb][\/et_pb_image][et_pb_toggle title=\u00bbC.F.G.M. Inform\u00e1tica y Comunicaciones\u00bb closed_toggle_background_color=\u00bbrgba(127,90,201,0.67)\u00bb icon_color=\u00bb#000000&#8243; _builder_version=\u00bb4.8.1&#8243; _module_preset=\u00bbdefault\u00bb animation_style=\u00bbfold\u00bb] Sistemas Microinform\u00e1ticos y Redes [\/et_pb_toggle][et_pb_toggle title=\u00bbC.F.G.S. Inform\u00e1tica y Comunicaciones\u00bb open_toggle_background_color=\u00bb#FFFFFF\u00bb closed_toggle_background_color=\u00bb#979b76&#8243; icon_color=\u00bb#000000&#8243; _builder_version=\u00bb4.8.1&#8243; _module_preset=\u00bbdefault\u00bb animation_style=\u00bbfold\u00bb animation_starting_opacity=\u00bb28%\u00bb] Desarrollo de Aplicaciones Web Desarrollo de Aplicaciones Multiplataforma Administraci\u00f3n de Sistemas [&hellip;]<\/p>\n","protected":false},"author":1,"featured_media":0,"parent":0,"menu_order":0,"comment_status":"closed","ping_status":"closed","template":"","meta":{"_et_pb_use_builder":"on","_et_pb_old_content":"","_et_gb_content_width":"","footnotes":""},"class_list":["post-1446","page","type-page","status-publish","hentry"],"_links":{"self":[{"href":"https:\/\/www.iesoretania.es\/index.php\/wp-json\/wp\/v2\/pages\/1446","targetHints":{"allow":["GET"]}}],"collection":[{"href":"https:\/\/www.iesoretania.es\/index.php\/wp-json\/wp\/v2\/pages"}],"about":[{"href":"https:\/\/www.iesoretania.es\/index.php\/wp-json\/wp\/v2\/types\/page"}],"author":[{"embeddable":true,"href":"https:\/\/www.iesoretania.es\/index.php\/wp-json\/wp\/v2\/users\/1"}],"replies":[{"embeddable":true,"href":"https:\/\/www.iesoretania.es\/index.php\/wp-json\/wp\/v2\/comments?post=1446"}],"version-history":[{"count":6,"href":"https:\/\/www.iesoretania.es\/index.php\/wp-json\/wp\/v2\/pages\/1446\/revisions"}],"predecessor-version":[{"id":1457,"href":"https:\/\/www.iesoretania.es\/index.php\/wp-json\/wp\/v2\/pages\/1446\/revisions\/1457"}],"wp:attachment":[{"href":"https:\/\/www.iesoretania.es\/index.php\/wp-json\/wp\/v2\/media?parent=1446"}],"curies":[{"name":"wp","href":"https:\/\/api.w.org\/{rel}","templated":true}]}}