{"id":1187,"date":"2021-07-25T18:33:44","date_gmt":"2021-07-25T18:33:44","guid":{"rendered":"https:\/\/www.iesoretania.es\/?page_id=1187"},"modified":"2021-07-25T18:54:19","modified_gmt":"2021-07-25T18:54:19","slug":"c-f-g-s-higiene-bucodental","status":"publish","type":"page","link":"https:\/\/www.iesoretania.es\/index.php\/c-f-g-s-higiene-bucodental\/","title":{"rendered":"C.F.G.S. Higiene Bucodental"},"content":{"rendered":"<p>[et_pb_section fb_built=\u00bb1&#8243; _builder_version=\u00bb4.8.1&#8243; _module_preset=\u00bbdefault\u00bb collapsed=\u00bboff\u00bb][et_pb_row column_structure=\u00bb1_3,2_3&#8243; _builder_version=\u00bb4.8.1&#8243; _module_preset=\u00bbdefault\u00bb][et_pb_column type=\u00bb1_3&#8243; _builder_version=\u00bb4.8.1&#8243; _module_preset=\u00bbdefault\u00bb][et_pb_image src=\u00bb\/wp-content\/uploads\/2021\/07\/fpa.png\u00bb title_text=\u00bbfpa\u00bb align=\u00bbcenter\u00bb force_fullwidth=\u00bbon\u00bb _builder_version=\u00bb4.8.1&#8243; _module_preset=\u00bbdefault\u00bb border_radii=\u00bbon|2px|2px|2px|2px\u00bb border_width_all=\u00bb5px\u00bb][\/et_pb_image][et_pb_image src=\u00bb\/wp-content\/uploads\/2021\/07\/GUIA_9_hbd.png\u00bb title_text=\u00bbGUIA_9_hbd\u00bb url=\u00bbhttps:\/\/www.iesoretania.es\/wp-content\/uploads\/2021\/07\/GUIA_9_audio.pdf\u00bb url_new_window=\u00bbon\u00bb _builder_version=\u00bb4.8.1&#8243; _module_preset=\u00bbdefault\u00bb][\/et_pb_image][et_pb_toggle title=\u00bbC.F.G.M. Inform\u00e1tica y Comunicaciones\u00bb closed_toggle_background_color=\u00bbrgba(127,90,201,0.67)\u00bb icon_color=\u00bb#000000&#8243; _builder_version=\u00bb4.8.1&#8243; _module_preset=\u00bbdefault\u00bb animation_style=\u00bbfold\u00bb]<\/p>\n<ul>\n<li><a href=\"https:\/\/www.iesoretania.es\/index.php\/c-f-g-m-sistemas-microinformaticos-y-redes\/\">Sistemas Microinform\u00e1ticos y Redes<\/a><\/li>\n<\/ul>\n<p>[\/et_pb_toggle][et_pb_toggle title=\u00bbC.F.G.S. Inform\u00e1tica y Comunicaciones\u00bb open_toggle_background_color=\u00bb#FFFFFF\u00bb closed_toggle_background_color=\u00bb#979b76&#8243; icon_color=\u00bb#000000&#8243; _builder_version=\u00bb4.8.1&#8243; _module_preset=\u00bbdefault\u00bb animation_style=\u00bbfold\u00bb animation_starting_opacity=\u00bb28%\u00bb]<\/p>\n<ul>\n<li><a href=\"https:\/\/www.iesoretania.es\/index.php\/c-f-g-s-desarrollo-de-aplicaciones-web\/\">Desarrollo de Aplicaciones Web<\/a><\/li>\n<li><a href=\"https:\/\/www.iesoretania.es\/index.php\/c-f-g-s-desarrollo-de-aplicaciones-multiplataforma\/\">Desarrollo de Aplicaciones Multiplataforma<\/a><\/li>\n<li><a href=\"https:\/\/www.iesoretania.es\/index.php\/c-f-g-s-administracion-de-sistemas-informaticos-en-red\/\">Administraci\u00f3n de Sistemas Inform\u00e1ticos<\/a><\/li>\n<\/ul>\n<p>[\/et_pb_toggle][et_pb_toggle title=\u00bbC.F.G.S. Sanidad\u00bb icon_color=\u00bb#000000&#8243; _builder_version=\u00bb4.8.1&#8243; _module_preset=\u00bbdefault\u00bb animation_style=\u00bbfold\u00bb]<\/p>\n<ul>\n<li>Higiene Bucodental<\/li>\n<li>Audiolog\u00eda Prot\u00e9sica<\/li>\n<\/ul>\n<p>[\/et_pb_toggle][\/et_pb_column][et_pb_column type=\u00bb2_3&#8243; _builder_version=\u00bb4.8.1&#8243; _module_preset=\u00bbdefault\u00bb][et_pb_text _builder_version=\u00bb4.8.1&#8243; _module_preset=\u00bbdefault\u00bb]<\/p>\n<h1 style=\"text-align: center;\"><span style=\"color: #7c1482;\"><strong>Ciclo Formativo Grado Superior en Higiene Bucodental.<\/strong><\/span><\/h1>\n<p>[\/et_pb_text][et_pb_text admin_label=\u00bbTexto\u00bb _builder_version=\u00bb4.8.1&#8243; _module_preset=\u00bbdefault\u00bb text_orientation=\u00bbcenter\u00bb link_option_url_new_window=\u00bbon\u00bb]<\/p>\n<p style=\"text-align: left;\">Puedes consultar la fuente original en:<\/p>\n<p style=\"text-align: left;\"><a href=\"https:\/\/www.todofp.es\/que-como-y-donde-estudiar\/que-estudiar\/familia\/loe\/sanidad\/higiente-bucodental.html\" target=\"_blank\" rel=\"noopener\">https:\/\/www.todofp.es\/que-como-y-donde-estudiar\/que-estudiar\/familia\/loe\/sanidad\/higiente-bucodental.html<\/a><\/p>\n<p>[\/et_pb_text][et_pb_toggle title=\u00bbDuraci\u00f3n del estudio\u00bb admin_label=\u00bbDuraci\u00f3n\u00bb _builder_version=\u00bb4.8.1&#8243; _module_preset=\u00bbdefault\u00bb]<\/p>\n<p>El ciclo son 2.000 horas presenciales<\/p>\n<p>[\/et_pb_toggle][et_pb_toggle title=\u00bbRequisitos de acceso\u00bb open_toggle_text_color=\u00bb#8300E9&#8243; closed_toggle_text_color=\u00bb#000000&#8243; admin_label=\u00bbRequisitos\u00bb _builder_version=\u00bb4.8.1&#8243; _module_preset=\u00bb674580ac-28c5-40d6-ade9-0cca6658db14&#8243; title_text_color=\u00bb#FFFFFF\u00bb background_enable_color=\u00bboff\u00bb]<\/p>\n<div class=\"cte\">\n<p class=\"ta-justify\">Puedes acceder a un ciclo de <strong>grado superior<\/strong> cuando re\u00fanas alguno de los siguientes requisitos:<\/p>\n<p class=\"ta-justify\">Acceso <strong>directo<\/strong>:<\/p>\n<ul>\n<li class=\"ta-justify\">Estar en posesi\u00f3n del T\u00edtulo de Bachiller, o de un certificado acreditativo de haber superado todas las materias del Bachillerato.<\/li>\n<li class=\"ta-justify\">Haber superado el segundo curso de cualquier modalidad de Bachillerato experimental.<\/li>\n<li class=\"ta-justify\">Estar en posesi\u00f3n de un T\u00edtulo de T\u00e9cnico (Formaci\u00f3n Profesional de Grado Medio).<\/li>\n<li class=\"ta-justify\">Estar en posesi\u00f3n de un T\u00edtulo de T\u00e9cnico Superior, T\u00e9cnico Especialista o equivalente a efectos acad\u00e9micos.<\/li>\n<li class=\"ta-justify\">Haber superado el Curso de Orientaci\u00f3n Universitaria (COU).<\/li>\n<li class=\"ta-justify\">Estar en posesi\u00f3n de cualquier Titulaci\u00f3n Universitaria o equivalente.<\/li>\n<\/ul>\n<p class=\"ta-justify\">Acceso mediante<strong> prueba<\/strong> (para quienes no tengan alguno de los requisitos anteriores)<\/p>\n<ul>\n<li class=\"ta-justify\">Haber superado la prueba de acceso a ciclos formativos de grado superior (se requiere tener al menos 19 a\u00f1os en el a\u00f1o que se realiza la prueba o 18 para quienes poseen el t\u00edtulo de T\u00e9cnico).<\/li>\n<li class=\"ta-justify\">Haber superado la prueba de acceso a la Universidad para mayores de 25 a\u00f1os.<\/li>\n<\/ul>\n<\/div>\n<p>[\/et_pb_toggle][et_pb_toggle title=\u00bb\u00bfQu\u00e9 voy a aprender?\u00bb open=\u00bbon\u00bb admin_label=\u00bbque voy a aprender\u00bb _builder_version=\u00bb4.8.1&#8243; _module_preset=\u00bbdefault\u00bb]<\/p>\n<div class=\"cte\">\n<div class=\"cte\">\n<ul>\n<li class=\"ta-justify\">Gestionar los ficheros de pacientes de un gabinete dental para dar respuesta a las necesidades de atenci\u00f3n requeridas por los mismos..<\/li>\n<li class=\"ta-justify\">Prevenir riesgos y optimizar recursos, colaborando en la programaci\u00f3n de actividades de la unidad de salud bucodental.<\/li>\n<li class=\"ta-justify\">Gestionar la adquisici\u00f3n, reposici\u00f3n y almacenamiento de materiales fungibles, recambios, equipos e instrumental.<\/li>\n<li class=\"ta-justify\">Asegurar la operatividad de las instalaciones y equipos del gabinete, aplicando procedimientos y protocolos de calidad establecidos.<\/li>\n<li class=\"ta-justify\">Obtener datos de salud y enfermedad de la cavidad bucodental mediante inspecci\u00f3n y exploraci\u00f3n, registr\u00e1ndolos.<\/li>\n<li class=\"ta-justify\">Aplicar t\u00e9cnicas preventivas y asistenciales seg\u00fan protocolos establecidos.<\/li>\n<li class=\"ta-justify\">Colaborar en la obtenci\u00f3n de radiograf\u00edas dentales y t\u00e9cnicas radiol\u00f3gicas cumpliendo las normas y criterios de radioprotecci\u00f3n.<\/li>\n<li class=\"ta-justify\">Planificar y desarrollar las actuaciones necesarias para aplicar un programa de seguimiento epidemiol\u00f3gico a grupos de poblaci\u00f3n.<\/li>\n<li class=\"ta-justify\">Dise\u00f1ar e implementar actividades de educaci\u00f3n sanitaria para fomentar la salud bucodental de las personas y de la comunidad.<\/li>\n<li class=\"ta-justify\">Apoyar psicol\u00f3gicamente a los pacientes\/usuarios, para facilitar la realizaci\u00f3n de los tratamientos bucodentales.<\/li>\n<li class=\"ta-justify\">Aplicar t\u00e9cnicas de apoyo o soporte en tratamientos odontol\u00f3gicos dentro del equipo de salud bucodental para facilitar la prestaci\u00f3n de servicios<\/li>\n<\/ul>\n<\/div>\n<\/div>\n<p>[\/et_pb_toggle][et_pb_toggle title=\u00bbPlan de formaci\u00f3n\u00bb admin_label=\u00bbplan de formaci\u00f3n\u00bb _builder_version=\u00bb4.8.1&#8243; _module_preset=\u00bbdefault\u00bb]<\/p>\n<div class=\"cte\">\n<div class=\"cte\">\n<p class=\"ta-justify\">Los m\u00f3dulos profesionales de este ciclo formativo son los siguientes:<\/p>\n<ul>\n<li class=\"ta-justify\">Recepci\u00f3n y log\u00edstica en la cl\u00ednica dental.<\/li>\n<li class=\"ta-justify\">Estudio de la cavidad oral.<\/li>\n<li class=\"ta-justify\">Exploraci\u00f3n de la cavidad oral.<\/li>\n<li class=\"ta-justify\">Intervenci\u00f3n bucodental.<\/li>\n<li class=\"ta-justify\">Epidemiolog\u00eda en salud oral.<\/li>\n<li class=\"ta-justify\">Educaci\u00f3n para la salud oral.<\/li>\n<li class=\"ta-justify\">Conservadora, periodoncia, cirug\u00eda e implantes.<\/li>\n<li class=\"ta-justify\">Pr\u00f3tesis y ortodoncia.<\/li>\n<li class=\"ta-justify\">Primeros auxilios.<\/li>\n<li class=\"ta-justify\">Fisiopatolog\u00eda general.<\/li>\n<li class=\"ta-justify\">Proyecto de higiene bucodental.<\/li>\n<li class=\"ta-justify\">Formaci\u00f3n y orientaci\u00f3n laboral.<\/li>\n<li class=\"ta-justify\">Empresa e iniciativa emprendedora.<\/li>\n<li class=\"ta-justify\">Formaci\u00f3n en centros de trabajo<\/li>\n<\/ul>\n<\/div>\n<\/div>\n<p>[\/et_pb_toggle][et_pb_toggle title=\u00bbAl finalizar mis estudios, \u00bfQu\u00e9 puedo hacer?\u00bb admin_label=\u00bbal finalizar los estudios\u00bb _builder_version=\u00bb4.8.1&#8243; _module_preset=\u00bbdefault\u00bb]<\/p>\n<div class=\"cte\">\n<div class=\"cte\">\n<div class=\"cte\">\n<div class=\"cte\">\n<p class=\"ta-justify\"><strong>Trabajar en:<\/strong><\/p>\n<ul>\n<li>T\u00e9cnica \/ t\u00e9cnico superior en Higiene Bucodental.<\/li>\n<li>T\u00e9cnica \/ t\u00e9cnico especialista higienista dental.<\/li>\n<li>Higienista bucodental.<\/li>\n<li>Educador \/ educadora en salud bucodental<\/li>\n<\/ul>\n<p class=\"ta-justify\"><strong>Seguir estudiando:<\/strong><\/p>\n<ul>\n<li class=\"ta-justify\">Cursos de especializaci\u00f3n profesional.<\/li>\n<li class=\"ta-justify\">Otro Ciclo de Formaci\u00f3n Profesional con la posibilidad de establecer convalidaciones de m\u00f3dulos profesionales de acuerdo a la normativa vigente.<\/li>\n<li class=\"ta-justify\"><strong>Preparaci\u00f3n de las Pruebas de Evaluaci\u00f3n de Bachillerato (\u00fanicamente las materias de opci\u00f3n del bloque de las troncales)<\/strong><\/li>\n<li class=\"ta-justify\">Ense\u00f1anzas Universitarias con la posibilidad de establecer convalidaciones de acuerdo con la normativa vigente<\/li>\n<\/ul>\n<\/div>\n<\/div>\n<\/div>\n<\/div>\n<p>[\/et_pb_toggle][et_pb_toggle title=\u00bb\u00bfCu\u00e1les son las salidas profesionales?\u00bb admin_label=\u00bbsalidas\u00bb _builder_version=\u00bb4.8.1&#8243; _module_preset=\u00bbdefault\u00bb]<\/p>\n<p>Este profesional desarrolla su actividad en el sector sanitario p\u00fablico y privado, en el \u00e1rea de atenci\u00f3n sanitaria y promoci\u00f3n de la salud, formando parte de equipos estructurados de salud bucodental, de equipos de atenci\u00f3n primaria, en las unidades de promoci\u00f3n de la salud, y en consultas o gabinetes dentales privados. Pueden integrarse en un equipo de prevenci\u00f3n y atenci\u00f3n sanitaria, coordinado por un facultativo.<\/p>\n<p>[\/et_pb_toggle][et_pb_toggle title=\u00bbM\u00e1s informaci\u00f3n\u00bb admin_label=\u00bbmas informaci\u00f3n\u00bb _builder_version=\u00bb4.8.1&#8243; _module_preset=\u00bbdefault\u00bb]<\/p>\n<div class=\"cte\">\n<div id=\"contenedor\" class=\"dos\">\n<div id=\"contenido\" class=\"ciclos\">\n<div class=\"cla\">\n<div class=\"elemento\">\n<div class=\"cte\">\n<ul>\n<li><strong>Equivalencia de t\u00edtulos:<\/strong>\n<ul>\n<li>Este t\u00edtulo equivale al t\u00edtulo LOGSE:\n<ul>\n<li><a href=\"https:\/\/www.todofp.es\/que-como-y-donde-estudiar\/que-estudiar\/familia\/logse\/sanidad\/higiene-bucodental.html\">T\u00e9cnico Superior en Higiene Bucodental<\/a><\/li>\n<\/ul>\n<\/li>\n<li>Este t\u00edtulo equivale al t\u00edtulo LEY70:\n<ul>\n<li>T\u00e9cnico Especialista Higienista Dental, rama Sanitaria<\/li>\n<\/ul>\n<\/li>\n<\/ul>\n<\/li>\n<\/ul>\n<h4>Modalidades de bachillerato para acceso preferente a ciclos de grado superior<\/h4>\n<p>Tendr\u00e1n preferencia para acceder a este ciclo formativo quienes hayan cursado la modalidad de bachillerato de:<\/p>\n<ul>\n<li>Ciencias y Tecnolog\u00eda<\/li>\n<\/ul>\n<h4>Funci\u00f3n docente<\/h4>\n<p><a href=\"https:\/\/www.todofp.es\/profesores\/normativa\/acceso-funcion-docente.html\">Acceso a la funci\u00f3n docente<\/a><\/p>\n<\/div>\n<\/div>\n<\/div>\n<\/div>\n<div class=\"clear\">\u00a0<\/div>\n<\/div>\n<footer>\n<div id=\"pie\">\n<div class=\"bloque-superior\">\n<div class=\"centrado\">\n<ul class=\"logos\">\n<li>\u00a0<\/li>\n<\/ul>\n<\/div>\n<\/div>\n<\/div>\n<\/footer>\n<\/div>\n<p>[\/et_pb_toggle][\/et_pb_column][\/et_pb_row][\/et_pb_section]<\/p>\n","protected":false},"excerpt":{"rendered":"<p>[et_pb_section fb_built=\u00bb1&#8243; _builder_version=\u00bb4.8.1&#8243; _module_preset=\u00bbdefault\u00bb collapsed=\u00bboff\u00bb][et_pb_row column_structure=\u00bb1_3,2_3&#8243; _builder_version=\u00bb4.8.1&#8243; _module_preset=\u00bbdefault\u00bb][et_pb_column type=\u00bb1_3&#8243; _builder_version=\u00bb4.8.1&#8243; _module_preset=\u00bbdefault\u00bb][et_pb_image src=\u00bb\/wp-content\/uploads\/2021\/07\/fpa.png\u00bb title_text=\u00bbfpa\u00bb align=\u00bbcenter\u00bb force_fullwidth=\u00bbon\u00bb _builder_version=\u00bb4.8.1&#8243; _module_preset=\u00bbdefault\u00bb border_radii=\u00bbon|2px|2px|2px|2px\u00bb border_width_all=\u00bb5px\u00bb][\/et_pb_image][et_pb_image src=\u00bb\/wp-content\/uploads\/2021\/07\/GUIA_9_hbd.png\u00bb title_text=\u00bbGUIA_9_hbd\u00bb url=\u00bbhttps:\/\/www.iesoretania.es\/wp-content\/uploads\/2021\/07\/GUIA_9_audio.pdf\u00bb url_new_window=\u00bbon\u00bb _builder_version=\u00bb4.8.1&#8243; _module_preset=\u00bbdefault\u00bb][\/et_pb_image][et_pb_toggle title=\u00bbC.F.G.M. Inform\u00e1tica y Comunicaciones\u00bb closed_toggle_background_color=\u00bbrgba(127,90,201,0.67)\u00bb icon_color=\u00bb#000000&#8243; _builder_version=\u00bb4.8.1&#8243; _module_preset=\u00bbdefault\u00bb animation_style=\u00bbfold\u00bb] Sistemas Microinform\u00e1ticos y Redes [\/et_pb_toggle][et_pb_toggle title=\u00bbC.F.G.S. Inform\u00e1tica y Comunicaciones\u00bb open_toggle_background_color=\u00bb#FFFFFF\u00bb closed_toggle_background_color=\u00bb#979b76&#8243; icon_color=\u00bb#000000&#8243; _builder_version=\u00bb4.8.1&#8243; _module_preset=\u00bbdefault\u00bb animation_style=\u00bbfold\u00bb animation_starting_opacity=\u00bb28%\u00bb] Desarrollo de Aplicaciones Web Desarrollo [&hellip;]<\/p>\n","protected":false},"author":1,"featured_media":0,"parent":0,"menu_order":0,"comment_status":"closed","ping_status":"closed","template":"","meta":{"_et_pb_use_builder":"on","_et_pb_old_content":"","_et_gb_content_width":"","footnotes":""},"class_list":["post-1187","page","type-page","status-publish","hentry"],"_links":{"self":[{"href":"https:\/\/www.iesoretania.es\/index.php\/wp-json\/wp\/v2\/pages\/1187","targetHints":{"allow":["GET"]}}],"collection":[{"href":"https:\/\/www.iesoretania.es\/index.php\/wp-json\/wp\/v2\/pages"}],"about":[{"href":"https:\/\/www.iesoretania.es\/index.php\/wp-json\/wp\/v2\/types\/page"}],"author":[{"embeddable":true,"href":"https:\/\/www.iesoretania.es\/index.php\/wp-json\/wp\/v2\/users\/1"}],"replies":[{"embeddable":true,"href":"https:\/\/www.iesoretania.es\/index.php\/wp-json\/wp\/v2\/comments?post=1187"}],"version-history":[{"count":5,"href":"https:\/\/www.iesoretania.es\/index.php\/wp-json\/wp\/v2\/pages\/1187\/revisions"}],"predecessor-version":[{"id":1196,"href":"https:\/\/www.iesoretania.es\/index.php\/wp-json\/wp\/v2\/pages\/1187\/revisions\/1196"}],"wp:attachment":[{"href":"https:\/\/www.iesoretania.es\/index.php\/wp-json\/wp\/v2\/media?parent=1187"}],"curies":[{"name":"wp","href":"https:\/\/api.w.org\/{rel}","templated":true}]}}