{"id":1169,"date":"2021-07-25T17:56:35","date_gmt":"2021-07-25T17:56:35","guid":{"rendered":"https:\/\/www.iesoretania.es\/?page_id=1169"},"modified":"2021-07-25T18:05:02","modified_gmt":"2021-07-25T18:05:02","slug":"c-f-g-s-audiologia-protesica","status":"publish","type":"page","link":"https:\/\/www.iesoretania.es\/index.php\/c-f-g-s-audiologia-protesica\/","title":{"rendered":"C.F.G.S. Audiolog\u00eda Prot\u00e9sica"},"content":{"rendered":"<p>[et_pb_section fb_built=\u00bb1&#8243; _builder_version=\u00bb4.8.1&#8243; _module_preset=\u00bbdefault\u00bb collapsed=\u00bboff\u00bb][et_pb_row column_structure=\u00bb1_3,2_3&#8243; _builder_version=\u00bb4.8.1&#8243; _module_preset=\u00bbdefault\u00bb][et_pb_column type=\u00bb1_3&#8243; _builder_version=\u00bb4.8.1&#8243; _module_preset=\u00bbdefault\u00bb][et_pb_image src=\u00bb\/wp-content\/uploads\/2021\/07\/fpa.png\u00bb title_text=\u00bbfpa\u00bb align=\u00bbcenter\u00bb force_fullwidth=\u00bbon\u00bb _builder_version=\u00bb4.8.1&#8243; _module_preset=\u00bbdefault\u00bb border_radii=\u00bbon|2px|2px|2px|2px\u00bb border_width_all=\u00bb5px\u00bb][\/et_pb_image][et_pb_image src=\u00bb\/wp-content\/uploads\/2021\/07\/GUIA_9_audio.jpg\u00bb title_text=\u00bbGUIA_9_audio\u00bb url=\u00bbhttps:\/\/www.iesoretania.es\/wp-content\/uploads\/2021\/07\/GUIA_9_audio.pdf\u00bb url_new_window=\u00bbon\u00bb _builder_version=\u00bb4.8.1&#8243; _module_preset=\u00bbdefault\u00bb][\/et_pb_image][et_pb_toggle title=\u00bbC.F.G.M. Inform\u00e1tica y Comunicaciones\u00bb closed_toggle_background_color=\u00bbrgba(127,90,201,0.67)\u00bb icon_color=\u00bb#000000&#8243; _builder_version=\u00bb4.8.1&#8243; _module_preset=\u00bbdefault\u00bb animation_style=\u00bbfold\u00bb hover_enabled=\u00bb0&#8243; sticky_enabled=\u00bb0&#8243;]<\/p>\n<ul>\n<li><a href=\"https:\/\/www.iesoretania.es\/index.php\/c-f-g-m-sistemas-microinformaticos-y-redes\/\">Sistemas Microinform\u00e1ticos y Redes<\/a><\/li>\n<\/ul>\n<p>[\/et_pb_toggle][et_pb_toggle title=\u00bbC.F.G.S. Inform\u00e1tica y Comunicaciones\u00bb open_toggle_background_color=\u00bb#FFFFFF\u00bb closed_toggle_background_color=\u00bb#979b76&#8243; icon_color=\u00bb#000000&#8243; _builder_version=\u00bb4.8.1&#8243; _module_preset=\u00bbdefault\u00bb animation_style=\u00bbfold\u00bb animation_starting_opacity=\u00bb28%\u00bb hover_enabled=\u00bb0&#8243; sticky_enabled=\u00bb0&#8243;]<\/p>\n<ul>\n<li><a href=\"https:\/\/www.iesoretania.es\/index.php\/c-f-g-s-desarrollo-de-aplicaciones-web\/\">Desarrollo de Aplicaciones Web<\/a><\/li>\n<li><a href=\"https:\/\/www.iesoretania.es\/index.php\/c-f-g-s-desarrollo-de-aplicaciones-multiplataforma\/\">Desarrollo de Aplicaciones Multiplataforma<\/a><\/li>\n<li><a href=\"https:\/\/www.iesoretania.es\/index.php\/c-f-g-s-administracion-de-sistemas-informaticos-en-red\/\">Administraci\u00f3n de Sistemas Inform\u00e1ticos<\/a><\/li>\n<\/ul>\n<p>[\/et_pb_toggle][et_pb_toggle title=\u00bbC.F.G.S. Sanidad\u00bb icon_color=\u00bb#000000&#8243; _builder_version=\u00bb4.8.1&#8243; _module_preset=\u00bbdefault\u00bb animation_style=\u00bbfold\u00bb hover_enabled=\u00bb0&#8243; sticky_enabled=\u00bb0&#8243;]<\/p>\n<ul>\n<li>Higiene Bucodental<\/li>\n<li>Audiolog\u00eda Prot\u00e9sica<\/li>\n<\/ul>\n<p>[\/et_pb_toggle][\/et_pb_column][et_pb_column type=\u00bb2_3&#8243; _builder_version=\u00bb4.8.1&#8243; _module_preset=\u00bbdefault\u00bb][et_pb_text _builder_version=\u00bb4.8.1&#8243; _module_preset=\u00bbdefault\u00bb]<\/p>\n<h1 style=\"text-align: center;\"><span style=\"color: #7c1482;\"><strong>Ciclo Formativo Grado Superior<br \/>Audiolog\u00eda Prot\u00e9sica.<\/strong><\/span><\/h1>\n<p>[\/et_pb_text][et_pb_text admin_label=\u00bbTexto\u00bb _builder_version=\u00bb4.8.1&#8243; _module_preset=\u00bbdefault\u00bb text_orientation=\u00bbcenter\u00bb link_option_url_new_window=\u00bbon\u00bb]<\/p>\n<p style=\"text-align: left;\">Puedes consultar la fuente original en:<\/p>\n<p style=\"text-align: left;\"><a href=\"https:\/\/www.todofp.es\/que-como-y-donde-estudiar\/que-estudiar\/familia\/loe\/sanidad\/audiologia-protesica.html\" target=\"_blank\" rel=\"noopener\">https:\/\/www.todofp.es\/que-como-y-donde-estudiar\/que-estudiar\/familia\/loe\/sanidad\/audiologia-protesica.html<\/a><\/p>\n<p>[\/et_pb_text][et_pb_toggle title=\u00bbDuraci\u00f3n del estudio\u00bb admin_label=\u00bbDuraci\u00f3n\u00bb _builder_version=\u00bb4.8.1&#8243; _module_preset=\u00bbdefault\u00bb]<\/p>\n<p>El ciclo son 2.000 horas presenciales<\/p>\n<p>[\/et_pb_toggle][et_pb_toggle title=\u00bbRequisitos de acceso\u00bb open_toggle_text_color=\u00bb#8300E9&#8243; closed_toggle_text_color=\u00bb#000000&#8243; admin_label=\u00bbRequisitos\u00bb _builder_version=\u00bb4.8.1&#8243; _module_preset=\u00bb674580ac-28c5-40d6-ade9-0cca6658db14&#8243; title_text_color=\u00bb#FFFFFF\u00bb background_enable_color=\u00bboff\u00bb]<\/p>\n<div class=\"cte\">\n<p class=\"ta-justify\">Puedes acceder a un ciclo de <strong>grado superior<\/strong> cuando re\u00fanas alguno de los siguientes requisitos:<\/p>\n<p class=\"ta-justify\">Acceso <strong>directo<\/strong>:<\/p>\n<ul>\n<li class=\"ta-justify\">Estar en posesi\u00f3n del T\u00edtulo de Bachiller, o de un certificado acreditativo de haber superado todas las materias del Bachillerato.<\/li>\n<li class=\"ta-justify\">Haber superado el segundo curso de cualquier modalidad de Bachillerato experimental.<\/li>\n<li class=\"ta-justify\">Estar en posesi\u00f3n de un T\u00edtulo de T\u00e9cnico (Formaci\u00f3n Profesional de Grado Medio).<\/li>\n<li class=\"ta-justify\">Estar en posesi\u00f3n de un T\u00edtulo de T\u00e9cnico Superior, T\u00e9cnico Especialista o equivalente a efectos acad\u00e9micos.<\/li>\n<li class=\"ta-justify\">Haber superado el Curso de Orientaci\u00f3n Universitaria (COU).<\/li>\n<li class=\"ta-justify\">Estar en posesi\u00f3n de cualquier Titulaci\u00f3n Universitaria o equivalente.<\/li>\n<\/ul>\n<p class=\"ta-justify\">Acceso mediante<strong> prueba<\/strong> (para quienes no tengan alguno de los requisitos anteriores)<\/p>\n<ul>\n<li class=\"ta-justify\">Haber superado la prueba de acceso a ciclos formativos de grado superior (se requiere tener al menos 19 a\u00f1os en el a\u00f1o que se realiza la prueba o 18 para quienes poseen el t\u00edtulo de T\u00e9cnico).<\/li>\n<li class=\"ta-justify\">Haber superado la prueba de acceso a la Universidad para mayores de 25 a\u00f1os.<\/li>\n<\/ul>\n<\/div>\n<p>[\/et_pb_toggle][et_pb_toggle title=\u00bb\u00bfQu\u00e9 voy a aprender?\u00bb open=\u00bbon\u00bb admin_label=\u00bbque voy a aprender\u00bb _builder_version=\u00bb4.8.1&#8243; _module_preset=\u00bbdefault\u00bb]<\/p>\n<div class=\"cte\">\n<p class=\"ta-justify\">Seleccionar y adaptar pr\u00f3tesis auditivas realizando la evaluaci\u00f3n audiol\u00f3gica, efectuando el seguimiento del usuario y el mantenimiento de pr\u00f3tesis, as\u00ed como determinar medidas de protecci\u00f3n ac\u00fastica a partir de la evaluaci\u00f3n de los niveles sonoros.<\/p>\n<p class=\"ta-justify\">Este profesional ser\u00e1 capaz de:<\/p>\n<ul>\n<li class=\"ta-justify\">Realizar exploraciones audiol\u00f3gicas para analizar la funcionalidad del o\u00eddo.<\/li>\n<li class=\"ta-justify\">Elaborar adaptadores anat\u00f3micos y protectores auditivos.<\/li>\n<li class=\"ta-justify\">Regular las pr\u00f3tesis auditivas implantadas y seleccionar y adaptar las no implantadas.<\/li>\n<li class=\"ta-justify\">Seleccionar y adaptar ayudas t\u00e9cnicas auditivas.<\/li>\n<li class=\"ta-justify\">Montar los dispositivos electroac\u00fasticos o ac\u00fasticos en el adaptador anat\u00f3mico y en el protector auditivo.<\/li>\n<li class=\"ta-justify\">Detectar y sustituir los elementos averiados.<\/li>\n<li class=\"ta-justify\">Instruir al paciente y familiares en el uso y mantenimiento de la pr\u00f3tesis auditiva y las ayudas t\u00e9cnicas auditivas.<\/li>\n<li class=\"ta-justify\">Elaborar presupuestos.<\/li>\n<\/ul>\n<p class=\"ta-justify\">Estas ense\u00f1anzas incluyen los conocimientos necesarios para llevar a cabo las actividades de nivel b\u00e1sico de prevenci\u00f3n de riesgos laborales.<\/p>\n<\/div>\n<p>[\/et_pb_toggle][et_pb_toggle title=\u00bbPlan de formaci\u00f3n\u00bb admin_label=\u00bbplan de formaci\u00f3n\u00bb _builder_version=\u00bb4.8.1&#8243; _module_preset=\u00bbdefault\u00bb]<\/p>\n<div class=\"cte\">\n<p class=\"ta-justify\">Los m\u00f3dulos profesionales de este ciclo formativo son:<\/p>\n<ul>\n<li class=\"ta-justify\">Caracter\u00edsticas anatomosensoriales auditivas.<\/li>\n<li class=\"ta-justify\">Tecnolog\u00eda electr\u00f3nica en audiopr\u00f3tesis.<\/li>\n<li class=\"ta-justify\">Ac\u00fastica y elementos de protecci\u00f3n sonora.<\/li>\n<li class=\"ta-justify\">Elaboraci\u00f3n de moldes y protectores auditivos.<\/li>\n<li class=\"ta-justify\">Elecci\u00f3n y adaptaci\u00f3n de pr\u00f3tesis auditivas.<\/li>\n<li class=\"ta-justify\">Atenci\u00f3n al hipoac\u00fasico.<\/li>\n<li class=\"ta-justify\">Audici\u00f3n y comunicaci\u00f3n verbal.<\/li>\n<li class=\"ta-justify\">Proyecto de Audiolog\u00eda Prot\u00e9sica.<\/li>\n<li class=\"ta-justify\">Formaci\u00f3n y orientaci\u00f3n laboral.<\/li>\n<li class=\"ta-justify\">Empresa e iniciativa emprendedora.<\/li>\n<li class=\"ta-justify\">Formaci\u00f3n en centros de trabajo<\/li>\n<\/ul>\n<\/div>\n<p>[\/et_pb_toggle][et_pb_toggle title=\u00bbAl finalizar mis estudios, \u00bfQu\u00e9 puedo hacer?\u00bb admin_label=\u00bbal finalizar los estudios\u00bb _builder_version=\u00bb4.8.1&#8243; _module_preset=\u00bbdefault\u00bb]<\/p>\n<div class=\"cte\">\n<div class=\"cte\">\n<div class=\"cte\">\n<p class=\"ta-justify\"><strong>Trabajar en:<\/strong><\/p>\n<ul>\n<li>Audioprot\u00e9sica \/ audioprot\u00e9sico.<\/li>\n<li>Especialista audioprotesista.<\/li>\n<li>Elaborador \/ elaboradora de moldes y protectores auditivos.<\/li>\n<li>T\u00e9cnica \/ t\u00e9cnico en medici\u00f3n de nivel sonoro.<\/li>\n<li>Audiometrista.<\/li>\n<\/ul>\n<p class=\"ta-justify\"><strong>Seguir estudiando<\/strong><\/p>\n<ul>\n<li class=\"ta-justify\">Cursos de especializaci\u00f3n profesional.<\/li>\n<li class=\"ta-justify\">Otro Ciclo de Formaci\u00f3n Profesional con la posibilidad de establecer convalidaciones de m\u00f3dulos profesionales de acuerdo a la normativa vigente.<\/li>\n<li class=\"ta-justify\"><strong>Preparaci\u00f3n de las Pruebas de Evaluaci\u00f3n de Bachillerato (\u00fanicamente las materias de opci\u00f3n del bloque de las troncales)<\/strong><\/li>\n<li class=\"ta-justify\">Ense\u00f1anzas Universitarias con la posibilidad de establecer convalidaciones de acuerdo con la normativa vigente<\/li>\n<\/ul>\n<\/div>\n<\/div>\n<\/div>\n<p>[\/et_pb_toggle][et_pb_toggle title=\u00bb\u00bfCu\u00e1les son las salidas profesionales?\u00bb admin_label=\u00bbsalidas\u00bb _builder_version=\u00bb4.8.1&#8243; _module_preset=\u00bbdefault\u00bb]<\/p>\n<p>Este profesional desarrolla su actividad en el sector sanitario, en gabinetes audioprot\u00e9sicos y en prevenci\u00f3n de efectos de ruido ambiental.<\/p>\n<p>[\/et_pb_toggle][et_pb_toggle title=\u00bbM\u00e1s informaci\u00f3n\u00bb admin_label=\u00bbmas informaci\u00f3n\u00bb _builder_version=\u00bb4.8.1&#8243; _module_preset=\u00bbdefault\u00bb]<\/p>\n<div class=\"cte\">\n<ul>\n<li><strong>Equivalencia de t\u00edtulos:<\/strong>\n<ul>\n<li>Este t\u00edtulo equivale al t\u00edtulo LOGSE:\n<ul>\n<li><a href=\"https:\/\/www.todofp.es\/que-como-y-donde-estudiar\/que-estudiar\/familia\/logse\/sanidad\/audioprotesis.html\">T\u00e9cnico Superior en Audiopr\u00f3tesis<\/a><\/li>\n<\/ul>\n<\/li>\n<\/ul>\n<\/li>\n<\/ul>\n<h4>Modalidades de bachillerato para acceso preferente a ciclos de grado superior<\/h4>\n<p>Tendr\u00e1n preferencia para acceder a este ciclo formativo quienes hayan cursado la modalidad de bachillerato de:<\/p>\n<ul>\n<li>Ciencias y Tecnolog\u00eda<\/li>\n<\/ul>\n<h4>Funci\u00f3n docente<\/h4>\n<p><a href=\"https:\/\/www.todofp.es\/profesores\/normativa\/acceso-funcion-docente.html\">Acceso a la funci\u00f3n docente<\/a><\/p>\n<\/div>\n<p>[\/et_pb_toggle][\/et_pb_column][\/et_pb_row][\/et_pb_section]<\/p>\n","protected":false},"excerpt":{"rendered":"<p>[et_pb_section fb_built=\u00bb1&#8243; _builder_version=\u00bb4.8.1&#8243; _module_preset=\u00bbdefault\u00bb collapsed=\u00bboff\u00bb][et_pb_row column_structure=\u00bb1_3,2_3&#8243; _builder_version=\u00bb4.8.1&#8243; _module_preset=\u00bbdefault\u00bb][et_pb_column type=\u00bb1_3&#8243; _builder_version=\u00bb4.8.1&#8243; _module_preset=\u00bbdefault\u00bb][et_pb_image src=\u00bb\/wp-content\/uploads\/2021\/07\/fpa.png\u00bb title_text=\u00bbfpa\u00bb align=\u00bbcenter\u00bb force_fullwidth=\u00bbon\u00bb _builder_version=\u00bb4.8.1&#8243; _module_preset=\u00bbdefault\u00bb border_radii=\u00bbon|2px|2px|2px|2px\u00bb border_width_all=\u00bb5px\u00bb][\/et_pb_image][et_pb_image src=\u00bb\/wp-content\/uploads\/2021\/07\/GUIA_9_audio.jpg\u00bb title_text=\u00bbGUIA_9_audio\u00bb url=\u00bbhttps:\/\/www.iesoretania.es\/wp-content\/uploads\/2021\/07\/GUIA_9_audio.pdf\u00bb url_new_window=\u00bbon\u00bb _builder_version=\u00bb4.8.1&#8243; _module_preset=\u00bbdefault\u00bb][\/et_pb_image][et_pb_toggle title=\u00bbC.F.G.M. Inform\u00e1tica y Comunicaciones\u00bb closed_toggle_background_color=\u00bbrgba(127,90,201,0.67)\u00bb icon_color=\u00bb#000000&#8243; _builder_version=\u00bb4.8.1&#8243; _module_preset=\u00bbdefault\u00bb animation_style=\u00bbfold\u00bb hover_enabled=\u00bb0&#8243; sticky_enabled=\u00bb0&#8243;] Sistemas Microinform\u00e1ticos y Redes [\/et_pb_toggle][et_pb_toggle title=\u00bbC.F.G.S. Inform\u00e1tica y Comunicaciones\u00bb open_toggle_background_color=\u00bb#FFFFFF\u00bb closed_toggle_background_color=\u00bb#979b76&#8243; icon_color=\u00bb#000000&#8243; _builder_version=\u00bb4.8.1&#8243; _module_preset=\u00bbdefault\u00bb animation_style=\u00bbfold\u00bb animation_starting_opacity=\u00bb28%\u00bb hover_enabled=\u00bb0&#8243; sticky_enabled=\u00bb0&#8243;] Desarrollo [&hellip;]<\/p>\n","protected":false},"author":1,"featured_media":0,"parent":0,"menu_order":0,"comment_status":"closed","ping_status":"closed","template":"","meta":{"_et_pb_use_builder":"on","_et_pb_old_content":"","_et_gb_content_width":"","footnotes":""},"class_list":["post-1169","page","type-page","status-publish","hentry"],"_links":{"self":[{"href":"https:\/\/www.iesoretania.es\/index.php\/wp-json\/wp\/v2\/pages\/1169","targetHints":{"allow":["GET"]}}],"collection":[{"href":"https:\/\/www.iesoretania.es\/index.php\/wp-json\/wp\/v2\/pages"}],"about":[{"href":"https:\/\/www.iesoretania.es\/index.php\/wp-json\/wp\/v2\/types\/page"}],"author":[{"embeddable":true,"href":"https:\/\/www.iesoretania.es\/index.php\/wp-json\/wp\/v2\/users\/1"}],"replies":[{"embeddable":true,"href":"https:\/\/www.iesoretania.es\/index.php\/wp-json\/wp\/v2\/comments?post=1169"}],"version-history":[{"count":4,"href":"https:\/\/www.iesoretania.es\/index.php\/wp-json\/wp\/v2\/pages\/1169\/revisions"}],"predecessor-version":[{"id":1176,"href":"https:\/\/www.iesoretania.es\/index.php\/wp-json\/wp\/v2\/pages\/1169\/revisions\/1176"}],"wp:attachment":[{"href":"https:\/\/www.iesoretania.es\/index.php\/wp-json\/wp\/v2\/media?parent=1169"}],"curies":[{"name":"wp","href":"https:\/\/api.w.org\/{rel}","templated":true}]}}