{"id":1155,"date":"2021-07-25T17:38:23","date_gmt":"2021-07-25T17:38:23","guid":{"rendered":"https:\/\/www.iesoretania.es\/?page_id=1155"},"modified":"2021-07-25T18:06:44","modified_gmt":"2021-07-25T18:06:44","slug":"c-f-g-m-sistemas-microinformaticos-y-redes","status":"publish","type":"page","link":"https:\/\/www.iesoretania.es\/index.php\/c-f-g-m-sistemas-microinformaticos-y-redes\/","title":{"rendered":"C.F.G.M. Sistemas Microinform\u00e1ticos y redes"},"content":{"rendered":"<p>[et_pb_section fb_built=\u00bb1&#8243; _builder_version=\u00bb4.8.1&#8243; _module_preset=\u00bbdefault\u00bb collapsed=\u00bboff\u00bb][et_pb_row column_structure=\u00bb1_3,2_3&#8243; _builder_version=\u00bb4.8.1&#8243; _module_preset=\u00bbdefault\u00bb][et_pb_column type=\u00bb1_3&#8243; _builder_version=\u00bb4.8.1&#8243; _module_preset=\u00bbdefault\u00bb][et_pb_image src=\u00bb\/wp-content\/uploads\/2021\/07\/fpa.png\u00bb title_text=\u00bbfpa\u00bb align=\u00bbcenter\u00bb force_fullwidth=\u00bbon\u00bb _builder_version=\u00bb4.8.1&#8243; _module_preset=\u00bbdefault\u00bb border_radii=\u00bbon|2px|2px|2px|2px\u00bb border_width_all=\u00bb5px\u00bb][\/et_pb_image][et_pb_image src=\u00bb\/wp-content\/uploads\/2021\/07\/GUIA_17_smr.jpg\u00bb title_text=\u00bbGUIA_17_smr\u00bb url=\u00bbhttps:\/\/www.iesoretania.es\/wp-content\/uploads\/2021\/07\/GUIA_17_smr.pdf\u00bb url_new_window=\u00bbon\u00bb _builder_version=\u00bb4.8.1&#8243; _module_preset=\u00bbdefault\u00bb][\/et_pb_image][et_pb_toggle title=\u00bbC.F.G.M. Inform\u00e1tica y Comunicaciones\u00bb closed_toggle_background_color=\u00bbrgba(127,90,201,0.67)\u00bb icon_color=\u00bb#000000&#8243; _builder_version=\u00bb4.8.1&#8243; _module_preset=\u00bbdefault\u00bb animation_style=\u00bbfold\u00bb hover_enabled=\u00bb0&#8243; sticky_enabled=\u00bb0&#8243;]<\/p>\n<ul>\n<li><a href=\"https:\/\/www.iesoretania.es\/index.php\/c-f-g-m-sistemas-microinformaticos-y-redes\/\">Sistemas Microinform\u00e1ticos y Redes<\/a><\/li>\n<\/ul>\n<p>[\/et_pb_toggle][et_pb_toggle title=\u00bbC.F.G.S. Inform\u00e1tica y Comunicaciones\u00bb open_toggle_background_color=\u00bb#FFFFFF\u00bb closed_toggle_background_color=\u00bb#979b76&#8243; icon_color=\u00bb#000000&#8243; _builder_version=\u00bb4.8.1&#8243; _module_preset=\u00bbdefault\u00bb animation_style=\u00bbfold\u00bb animation_starting_opacity=\u00bb28%\u00bb hover_enabled=\u00bb0&#8243; sticky_enabled=\u00bb0&#8243;]<\/p>\n<ul>\n<li><a href=\"https:\/\/www.iesoretania.es\/index.php\/c-f-g-s-desarrollo-de-aplicaciones-web\/\">Desarrollo de Aplicaciones Web<\/a><\/li>\n<li><a href=\"https:\/\/www.iesoretania.es\/index.php\/c-f-g-s-desarrollo-de-aplicaciones-multiplataforma\/\">Desarrollo de Aplicaciones Multiplataforma<\/a><\/li>\n<li><a href=\"https:\/\/www.iesoretania.es\/index.php\/c-f-g-s-administracion-de-sistemas-informaticos-en-red\/\">Administraci\u00f3n de Sistemas Inform\u00e1ticos<\/a><\/li>\n<\/ul>\n<p>[\/et_pb_toggle][et_pb_toggle title=\u00bbC.F.G.S. Sanidad\u00bb icon_color=\u00bb#000000&#8243; _builder_version=\u00bb4.8.1&#8243; _module_preset=\u00bbdefault\u00bb animation_style=\u00bbfold\u00bb hover_enabled=\u00bb0&#8243; sticky_enabled=\u00bb0&#8243;]<\/p>\n<ul>\n<li>Higiene Bucodental<\/li>\n<li><a href=\"https:\/\/www.iesoretania.es\/index.php\/c-f-g-s-audiologia-protesica\/\">Audiolog\u00eda Prot\u00e9sica<\/a><\/li>\n<\/ul>\n<p>[\/et_pb_toggle][\/et_pb_column][et_pb_column type=\u00bb2_3&#8243; _builder_version=\u00bb4.8.1&#8243; _module_preset=\u00bbdefault\u00bb][et_pb_text _builder_version=\u00bb4.8.1&#8243; _module_preset=\u00bbdefault\u00bb]<\/p>\n<h1 style=\"text-align: center;\"><span style=\"color: #7c1482;\"><strong>Ciclo Formativo Grado Medio Sistemas Microinform\u00e1ticos y Redes.<\/strong><\/span><\/h1>\n<p>[\/et_pb_text][et_pb_text admin_label=\u00bbTexto\u00bb _builder_version=\u00bb4.8.1&#8243; _module_preset=\u00bbdefault\u00bb text_orientation=\u00bbcenter\u00bb]<\/p>\n<p style=\"text-align: left;\">Puedes consultar la fuente original en:<\/p>\n<p style=\"text-align: left;\"><a href=\"https:\/\/www.todofp.es\/que-como-y-donde-estudiar\/que-estudiar\/familia\/loe\/informatica-comunicaciones\/sistemas-microniformaticos-redes.html\" target=\"_blank\" rel=\"noopener\">https:\/\/www.todofp.es\/que-como-y-donde-estudiar\/que-estudiar\/familia\/loe\/informatica-comunicaciones\/sistemas-microniformaticos-redes.html<\/a><\/p>\n<p>[\/et_pb_text][et_pb_toggle title=\u00bbDuraci\u00f3n del estudio\u00bb admin_label=\u00bbDuraci\u00f3n\u00bb _builder_version=\u00bb4.8.1&#8243; _module_preset=\u00bbdefault\u00bb]<\/p>\n<p>El ciclo son 2.000 horas presenciales<\/p>\n<p>[\/et_pb_toggle][et_pb_toggle title=\u00bbRequisitos de acceso\u00bb open_toggle_text_color=\u00bb#8300E9&#8243; closed_toggle_text_color=\u00bb#000000&#8243; admin_label=\u00bbRequisitos\u00bb _builder_version=\u00bb4.8.1&#8243; _module_preset=\u00bb674580ac-28c5-40d6-ade9-0cca6658db14&#8243; title_text_color=\u00bb#FFFFFF\u00bb background_enable_color=\u00bboff\u00bb]<\/p>\n<div class=\"cte\">\n<div class=\"cte\">\n<p class=\"ta-justify\">Puedes acceder a un ciclo de<strong> grado medio<\/strong> cuando re\u00fanas alguno de los siguientes requisitos:<\/p>\n<p class=\"ta-justify\">Acceso<strong> directo<\/strong>:<\/p>\n<ul>\n<li class=\"ta-justify\">Estar en posesi\u00f3n del <strong>t\u00edtulo de Graduado en Educaci\u00f3n Secundaria Obligatoria<\/strong> o de un nivel acad\u00e9mico superior.<\/li>\n<li class=\"ta-justify\">Estar en posesi\u00f3n de un T\u00edtulo Profesional B\u00e1sico (Formaci\u00f3n Profesional B\u00e1sica).<\/li>\n<li class=\"ta-justify\">Estar en posesi\u00f3n de un t\u00edtulo de T\u00e9cnico o de T\u00e9cnico Auxiliar o equivalente a efectos acad\u00e9micos.<\/li>\n<li class=\"ta-justify\">Haber superado el segundo curso del Bachillerato Unificado y Polivalente (BUP).<\/li>\n<li class=\"ta-justify\">Haber superado la prueba de acceso a la Universidad para mayores de 25 a\u00f1os.<\/li>\n<\/ul>\n<p class=\"ta-justify\">Acceso mediante<strong> prueba<\/strong> (para quienes no tengan alguno de los requisitos anteriores)<\/p>\n<ul>\n<li class=\"ta-justify\">Haber superado la prueba de acceso a ciclos formativos de grado medio (se requerir\u00e1 tener, al menos, diecisiete a\u00f1os, cumplidos en el a\u00f1o de realizaci\u00f3n de la prueba).<\/li>\n<\/ul>\n<\/div>\n<\/div>\n<p>[\/et_pb_toggle][et_pb_toggle title=\u00bb\u00bfQu\u00e9 voy a aprender?\u00bb open=\u00bbon\u00bb admin_label=\u00bbque voy a aprender\u00bb _builder_version=\u00bb4.8.1&#8243; _module_preset=\u00bbdefault\u00bb]<\/p>\n<div class=\"cte\">\n<p class=\"ta-justify\">Instalar, configurar y mantener sistemas microinform\u00e1ticos, aislados o en red, as\u00ed como redes locales en peque\u00f1os entornos.<\/p>\n<p class=\"ta-justify\">Este profesional ser\u00e1 capaz de:<\/p>\n<ul>\n<li class=\"ta-justify\">Instalar y configurar software b\u00e1sico y de aplicaci\u00f3n, redes locales cableadas, inal\u00e1mbricas o mixtas y conectadas a redes p\u00fablicas.<\/li>\n<li class=\"ta-justify\">Instalar, configurar y mantener servicios multiusuario, aplicaciones y dispositivos compartidos en un entorno de red local.<\/li>\n<li class=\"ta-justify\">Montar y configurar ordenadores y perif\u00e9ricos.<\/li>\n<li class=\"ta-justify\">Determinar la log\u00edstica asociada a las operaciones de instalaci\u00f3n, configuraci\u00f3n y mantenimiento de sistemas microinform\u00e1ticos.<\/li>\n<li class=\"ta-justify\">Diagnosticar disfunciones en sistemas microinform\u00e1ticos y redes mediante pruebas funcionales.<\/li>\n<li class=\"ta-justify\">Replantear el cableado y la electr\u00f3nica de redes locales en peque\u00f1os entornos y su conexi\u00f3n con redes de \u00e1rea extensa.<\/li>\n<li class=\"ta-justify\">Ejecutar procedimientos establecidos de recuperaci\u00f3n de datos y aplicaciones ante fallos y p\u00e9rdidas de datos en el sistema.<\/li>\n<li class=\"ta-justify\">Elaborar documentaci\u00f3n t\u00e9cnica y administrativa del sistema, elaborar presupuestos y asesorar al cliente.<\/li>\n<\/ul>\n<p class=\"ta-justify\">Estas ense\u00f1anzas incluyen los conocimientos necesarios para llevar a cabo las actividades de nivel b\u00e1sico de prevenci\u00f3n de riesgos laborales.<\/p>\n<\/div>\n<p>[\/et_pb_toggle][et_pb_toggle title=\u00bbPlan de formaci\u00f3n\u00bb admin_label=\u00bbplan de formaci\u00f3n\u00bb _builder_version=\u00bb4.8.1&#8243; _module_preset=\u00bbdefault\u00bb]<\/p>\n<div class=\"cte\">\n<p class=\"ta-justify\">Los m\u00f3dulos profesionales de este ciclo formativo son:<\/p>\n<ul>\n<li class=\"ta-justify\">Montaje y mantenimiento de equipo.<\/li>\n<li class=\"ta-justify\">Sistemas operativos monopuesto.<\/li>\n<li class=\"ta-justify\">Aplicaciones ofim\u00e1ticas.<\/li>\n<li class=\"ta-justify\">Sistemas operativos en red.<\/li>\n<li class=\"ta-justify\">Redes locales.<\/li>\n<li class=\"ta-justify\">Seguridad inform\u00e1tica.<\/li>\n<li class=\"ta-justify\">Servicios en red.<\/li>\n<li class=\"ta-justify\">Aplicaciones web.<\/li>\n<li class=\"ta-justify\">Formaci\u00f3n y orientaci\u00f3n laboral.<\/li>\n<li class=\"ta-justify\">Empresa e iniciativa empresarial.<\/li>\n<li class=\"ta-justify\">Formaci\u00f3n en centros de trabajo<\/li>\n<\/ul>\n<\/div>\n<p>[\/et_pb_toggle][et_pb_toggle title=\u00bbAl finalizar mis estudios, \u00bfQu\u00e9 puedo hacer?\u00bb admin_label=\u00bbal finalizar los estudios\u00bb _builder_version=\u00bb4.8.1&#8243; _module_preset=\u00bbdefault\u00bb]<\/p>\n<div class=\"cte\">\n<p class=\"ta-justify\"><strong>Trabajar en:<\/strong><\/p>\n<ul>\n<li>Instalador-reparador \/ instaladora-reparadora de equipos inform\u00e1ticos.<\/li>\n<li>T\u00e9cnica \/ t\u00e9cnico de soporte inform\u00e1tico.<\/li>\n<li>T\u00e9cnica \/ t\u00e9cnico de redes de datos.<\/li>\n<li>Reparador \/ reparadora de perif\u00e9ricos de sistemas microinform\u00e1ticos.<\/li>\n<li>Comercial de microinform\u00e1tica.<\/li>\n<li>Operador \/ operadora de tele-asistencia.<\/li>\n<li>Operador \/ operadora de sistemas.<\/li>\n<\/ul>\n<p class=\"ta-justify\"><strong>Seguir estudiando<\/strong><\/p>\n<ul>\n<li class=\"ta-justify\">Cursos de especializaci\u00f3n profesional<\/li>\n<li class=\"ta-justify\">Otro ciclo de Formaci\u00f3n Profesional con la posibilidad de establecer convalidaciones de m\u00f3dulos profesionales de acuerdo a la normativa vigente.<\/li>\n<li class=\"ta-justify\">El Bachillerato en cualquiera de sus modalidades<\/li>\n<\/ul>\n<\/div>\n<p>[\/et_pb_toggle][et_pb_toggle title=\u00bb\u00bfCu\u00e1les son las salidas profesionales?\u00bb admin_label=\u00bbsalidas\u00bb _builder_version=\u00bb4.8.1&#8243; _module_preset=\u00bbdefault\u00bb]<\/p>\n<p>Este profesional desarrolla su actividad en empresas del sector servicios que se dediquen a la comercializaci\u00f3n, montaje y reparaci\u00f3n de equipos, redes y servicios microinform\u00e1ticos en general, como parte del soporte inform\u00e1tico de la organizaci\u00f3n o en entidades de cualquier tama\u00f1o y sector productivo que utilizan sistemas microinform\u00e1ticos y redes de datos para su gesti\u00f3n.<\/p>\n<p>[\/et_pb_toggle][et_pb_toggle title=\u00bbM\u00e1s informaci\u00f3n\u00bb admin_label=\u00bbmas informaci\u00f3n\u00bb _builder_version=\u00bb4.8.1&#8243; _module_preset=\u00bbdefault\u00bb]<\/p>\n<ul>\n<li><strong>Equivalencia de t\u00edtulos:<\/strong>\n<ul>\n<li>Este t\u00edtulo equivale al t\u00edtulo LOGSE:\n<ul>\n<li><a href=\"https:\/\/www.todofp.es\/que-como-y-donde-estudiar\/que-estudiar\/familia\/logse\/informatica\/explotacion-sistemas-informaticos.html\">T\u00e9cnico en Explotaci\u00f3n de Sistemas Inform\u00e1ticos<\/a><\/li>\n<\/ul>\n<\/li>\n<\/ul>\n<\/li>\n<\/ul>\n<p>[\/et_pb_toggle][\/et_pb_column][\/et_pb_row][\/et_pb_section]<\/p>\n","protected":false},"excerpt":{"rendered":"<p>[et_pb_section fb_built=\u00bb1&#8243; _builder_version=\u00bb4.8.1&#8243; _module_preset=\u00bbdefault\u00bb collapsed=\u00bboff\u00bb][et_pb_row column_structure=\u00bb1_3,2_3&#8243; _builder_version=\u00bb4.8.1&#8243; _module_preset=\u00bbdefault\u00bb][et_pb_column type=\u00bb1_3&#8243; _builder_version=\u00bb4.8.1&#8243; _module_preset=\u00bbdefault\u00bb][et_pb_image src=\u00bb\/wp-content\/uploads\/2021\/07\/fpa.png\u00bb title_text=\u00bbfpa\u00bb align=\u00bbcenter\u00bb force_fullwidth=\u00bbon\u00bb _builder_version=\u00bb4.8.1&#8243; _module_preset=\u00bbdefault\u00bb border_radii=\u00bbon|2px|2px|2px|2px\u00bb border_width_all=\u00bb5px\u00bb][\/et_pb_image][et_pb_image src=\u00bb\/wp-content\/uploads\/2021\/07\/GUIA_17_smr.jpg\u00bb title_text=\u00bbGUIA_17_smr\u00bb url=\u00bbhttps:\/\/www.iesoretania.es\/wp-content\/uploads\/2021\/07\/GUIA_17_smr.pdf\u00bb url_new_window=\u00bbon\u00bb _builder_version=\u00bb4.8.1&#8243; _module_preset=\u00bbdefault\u00bb][\/et_pb_image][et_pb_toggle title=\u00bbC.F.G.M. Inform\u00e1tica y Comunicaciones\u00bb closed_toggle_background_color=\u00bbrgba(127,90,201,0.67)\u00bb icon_color=\u00bb#000000&#8243; _builder_version=\u00bb4.8.1&#8243; _module_preset=\u00bbdefault\u00bb animation_style=\u00bbfold\u00bb hover_enabled=\u00bb0&#8243; sticky_enabled=\u00bb0&#8243;] Sistemas Microinform\u00e1ticos y Redes [\/et_pb_toggle][et_pb_toggle title=\u00bbC.F.G.S. Inform\u00e1tica y Comunicaciones\u00bb open_toggle_background_color=\u00bb#FFFFFF\u00bb closed_toggle_background_color=\u00bb#979b76&#8243; icon_color=\u00bb#000000&#8243; _builder_version=\u00bb4.8.1&#8243; _module_preset=\u00bbdefault\u00bb animation_style=\u00bbfold\u00bb animation_starting_opacity=\u00bb28%\u00bb hover_enabled=\u00bb0&#8243; sticky_enabled=\u00bb0&#8243;] Desarrollo [&hellip;]<\/p>\n","protected":false},"author":1,"featured_media":0,"parent":0,"menu_order":0,"comment_status":"closed","ping_status":"closed","template":"","meta":{"_et_pb_use_builder":"on","_et_pb_old_content":"","_et_gb_content_width":"","footnotes":""},"class_list":["post-1155","page","type-page","status-publish","hentry"],"_links":{"self":[{"href":"https:\/\/www.iesoretania.es\/index.php\/wp-json\/wp\/v2\/pages\/1155","targetHints":{"allow":["GET"]}}],"collection":[{"href":"https:\/\/www.iesoretania.es\/index.php\/wp-json\/wp\/v2\/pages"}],"about":[{"href":"https:\/\/www.iesoretania.es\/index.php\/wp-json\/wp\/v2\/types\/page"}],"author":[{"embeddable":true,"href":"https:\/\/www.iesoretania.es\/index.php\/wp-json\/wp\/v2\/users\/1"}],"replies":[{"embeddable":true,"href":"https:\/\/www.iesoretania.es\/index.php\/wp-json\/wp\/v2\/comments?post=1155"}],"version-history":[{"count":9,"href":"https:\/\/www.iesoretania.es\/index.php\/wp-json\/wp\/v2\/pages\/1155\/revisions"}],"predecessor-version":[{"id":1178,"href":"https:\/\/www.iesoretania.es\/index.php\/wp-json\/wp\/v2\/pages\/1155\/revisions\/1178"}],"wp:attachment":[{"href":"https:\/\/www.iesoretania.es\/index.php\/wp-json\/wp\/v2\/media?parent=1155"}],"curies":[{"name":"wp","href":"https:\/\/api.w.org\/{rel}","templated":true}]}}