{"id":1128,"date":"2021-07-25T11:41:12","date_gmt":"2021-07-25T11:41:12","guid":{"rendered":"https:\/\/www.iesoretania.es\/?page_id=1128"},"modified":"2021-07-25T18:10:12","modified_gmt":"2021-07-25T18:10:12","slug":"c-f-g-s-administracion-de-sistemas-informaticos-en-red","status":"publish","type":"page","link":"https:\/\/www.iesoretania.es\/index.php\/c-f-g-s-administracion-de-sistemas-informaticos-en-red\/","title":{"rendered":"C.F.G.S. Administraci\u00f3n de Sistemas Inform\u00e1ticos en Red"},"content":{"rendered":"<p>[et_pb_section fb_built=\u00bb1&#8243; _builder_version=\u00bb4.8.1&#8243; _module_preset=\u00bbdefault\u00bb collapsed=\u00bboff\u00bb][et_pb_row column_structure=\u00bb1_3,2_3&#8243; _builder_version=\u00bb4.8.1&#8243; _module_preset=\u00bbdefault\u00bb][et_pb_column type=\u00bb1_3&#8243; _builder_version=\u00bb4.8.1&#8243; _module_preset=\u00bbdefault\u00bb][et_pb_image src=\u00bb\/wp-content\/uploads\/2021\/07\/fpa.png\u00bb title_text=\u00bbfpa\u00bb align=\u00bbcenter\u00bb force_fullwidth=\u00bbon\u00bb _builder_version=\u00bb4.8.1&#8243; _module_preset=\u00bbdefault\u00bb border_radii=\u00bbon|2px|2px|2px|2px\u00bb border_width_all=\u00bb5px\u00bb][\/et_pb_image][et_pb_image src=\u00bb\/wp-content\/uploads\/2021\/07\/GUIA_50_ASIR.jpg\u00bb title_text=\u00bbGUIA_50_ASIR\u00bb url=\u00bbhttps:\/\/www.iesoretania.es\/wp-content\/uploads\/2021\/07\/GUIA_50_ASIR.pdf\u00bb url_new_window=\u00bbon\u00bb _builder_version=\u00bb4.8.1&#8243; _module_preset=\u00bbdefault\u00bb][\/et_pb_image][et_pb_toggle title=\u00bbC.F.G.M. Inform\u00e1tica y Comunicaciones\u00bb closed_toggle_background_color=\u00bbrgba(127,90,201,0.67)\u00bb icon_color=\u00bb#000000&#8243; _builder_version=\u00bb4.8.1&#8243; _module_preset=\u00bbdefault\u00bb animation_style=\u00bbfold\u00bb hover_enabled=\u00bb0&#8243; sticky_enabled=\u00bb0&#8243;]<\/p>\n<ul>\n<li><a href=\"https:\/\/www.iesoretania.es\/index.php\/c-f-g-m-sistemas-microinformaticos-y-redes\/\">Sistemas Microinform\u00e1ticos y Redes<\/a><\/li>\n<\/ul>\n<p>[\/et_pb_toggle][et_pb_toggle title=\u00bbC.F.G.S. Inform\u00e1tica y Comunicaciones\u00bb open_toggle_background_color=\u00bb#FFFFFF\u00bb closed_toggle_background_color=\u00bb#979b76&#8243; icon_color=\u00bb#000000&#8243; _builder_version=\u00bb4.8.1&#8243; _module_preset=\u00bbdefault\u00bb animation_style=\u00bbfold\u00bb animation_starting_opacity=\u00bb28%\u00bb hover_enabled=\u00bb0&#8243; sticky_enabled=\u00bb0&#8243;]<\/p>\n<ul>\n<li><a href=\"https:\/\/www.iesoretania.es\/index.php\/c-f-g-s-desarrollo-de-aplicaciones-web\/\">Desarrollo de Aplicaciones Web<\/a><\/li>\n<li><a href=\"https:\/\/www.iesoretania.es\/index.php\/c-f-g-s-desarrollo-de-aplicaciones-multiplataforma\/\">Desarrollo de Aplicaciones Multiplataforma<\/a><\/li>\n<li><a href=\"https:\/\/www.iesoretania.es\/index.php\/c-f-g-s-administracion-de-sistemas-informaticos-en-red\/\">Administraci\u00f3n de Sistemas Inform\u00e1ticos<\/a><\/li>\n<\/ul>\n<p>[\/et_pb_toggle][et_pb_toggle title=\u00bbC.F.G.S. Sanidad\u00bb icon_color=\u00bb#000000&#8243; _builder_version=\u00bb4.8.1&#8243; _module_preset=\u00bbdefault\u00bb animation_style=\u00bbfold\u00bb hover_enabled=\u00bb0&#8243; sticky_enabled=\u00bb0&#8243;]<\/p>\n<ul>\n<li>Higiene Bucodental<\/li>\n<li><a href=\"https:\/\/www.iesoretania.es\/index.php\/c-f-g-s-audiologia-protesica\/\">Audiolog\u00eda Prot\u00e9sica<\/a><\/li>\n<\/ul>\n<p>[\/et_pb_toggle][\/et_pb_column][et_pb_column type=\u00bb2_3&#8243; _builder_version=\u00bb4.8.1&#8243; _module_preset=\u00bbdefault\u00bb][et_pb_text _builder_version=\u00bb4.8.1&#8243; _module_preset=\u00bbdefault\u00bb]<\/p>\n<h1 style=\"text-align: center;\"><span style=\"color: #7c1482;\"><strong>Ciclo Formativo Grado Superior<br \/>Administraci\u00f3n de Sistemas Inform\u00e1ticos en Red.<\/strong><\/span><\/h1>\n<p>[\/et_pb_text][et_pb_text admin_label=\u00bbTexto\u00bb _builder_version=\u00bb4.8.1&#8243; _module_preset=\u00bbdefault\u00bb text_orientation=\u00bbcenter\u00bb link_option_url_new_window=\u00bbon\u00bb]<\/p>\n<p style=\"text-align: left;\">Puedes consultar la fuente original en:<\/p>\n<p style=\"text-align: left;\"><a href=\"https:\/\/www.todofp.es\/que-como-y-donde-estudiar\/que-estudiar\/familia\/loe\/informatica-comunicaciones\/admin-sist-informaticos-red.html\" target=\"_blank\" data-wplink-edit=\"true\" rel=\"noopener\">https:\/\/www.todofp.es\/que-como-y-donde-estudiar\/que-estudiar\/familia\/loe\/informatica-comunicaciones\/admin-sist-informaticos-red.html<\/a><\/p>\n<p>[\/et_pb_text][et_pb_toggle title=\u00bbDuraci\u00f3n del estudio\u00bb admin_label=\u00bbDuraci\u00f3n\u00bb _builder_version=\u00bb4.8.1&#8243; _module_preset=\u00bbdefault\u00bb]<\/p>\n<p>El ciclo son 2.000 horas presenciales<\/p>\n<p>[\/et_pb_toggle][et_pb_toggle title=\u00bbRequisitos de acceso\u00bb open_toggle_text_color=\u00bb#8300E9&#8243; closed_toggle_text_color=\u00bb#000000&#8243; admin_label=\u00bbRequisitos\u00bb _builder_version=\u00bb4.8.1&#8243; _module_preset=\u00bb674580ac-28c5-40d6-ade9-0cca6658db14&#8243; title_text_color=\u00bb#FFFFFF\u00bb background_enable_color=\u00bboff\u00bb]<\/p>\n<div class=\"cte\">\n<p class=\"ta-justify\">Puedes acceder a un ciclo de <strong>grado superior<\/strong> cuando re\u00fanas alguno de los siguientes requisitos:<\/p>\n<p class=\"ta-justify\">Acceso <strong>directo<\/strong>:<\/p>\n<ul>\n<li class=\"ta-justify\">Estar en posesi\u00f3n del T\u00edtulo de Bachiller, o de un certificado acreditativo de haber superado todas las materias del Bachillerato.<\/li>\n<li class=\"ta-justify\">Haber superado el segundo curso de cualquier modalidad de Bachillerato experimental.<\/li>\n<li class=\"ta-justify\">Estar en posesi\u00f3n de un T\u00edtulo de T\u00e9cnico (Formaci\u00f3n Profesional de Grado Medio).<\/li>\n<li class=\"ta-justify\">Estar en posesi\u00f3n de un T\u00edtulo de T\u00e9cnico Superior, T\u00e9cnico Especialista o equivalente a efectos acad\u00e9micos.<\/li>\n<li class=\"ta-justify\">Haber superado el Curso de Orientaci\u00f3n Universitaria (COU).<\/li>\n<li class=\"ta-justify\">Estar en posesi\u00f3n de cualquier Titulaci\u00f3n Universitaria o equivalente.<\/li>\n<\/ul>\n<p class=\"ta-justify\">Acceso mediante<strong> prueba<\/strong> (para quienes no tengan alguno de los requisitos anteriores)<\/p>\n<ul>\n<li class=\"ta-justify\">Haber superado la prueba de acceso a ciclos formativos de grado superior (se requiere tener al menos 19 a\u00f1os en el a\u00f1o que se realiza la prueba o 18 para quienes poseen el t\u00edtulo de T\u00e9cnico).<\/li>\n<li class=\"ta-justify\">Haber superado la prueba de acceso a la Universidad para mayores de 25 a\u00f1os.<\/li>\n<\/ul>\n<\/div>\n<p>[\/et_pb_toggle][et_pb_toggle title=\u00bb\u00bfQu\u00e9 voy a aprender?\u00bb open=\u00bbon\u00bb admin_label=\u00bbque voy a aprender\u00bb _builder_version=\u00bb4.8.1&#8243; _module_preset=\u00bbdefault\u00bb]<\/p>\n<div class=\"cte\">\n<div class=\"cte\">\n<p class=\"ta-justify\">Configurar, administrar y mantener sistemas inform\u00e1ticos, garantizando la funcionalidad, la integridad de los recursos y servicios del sistema, con la calidad exigida y cumpliendo la reglamentaci\u00f3n vigente. Este profesional ser\u00e1 capaz de.<\/p>\n<ul>\n<li class=\"ta-justify\">Administrar sistemas operativos de servidor, instalando y configurando el software, en condiciones de calidad para asegurar el funcionamiento del sistema.<\/li>\n<li class=\"ta-justify\">Administrar servicios de red (web, mensajer\u00eda electr\u00f3nica y transferencia de archivos, entre otros) instalando y configurando el software, en condiciones de calidad.<\/li>\n<li class=\"ta-justify\">Implantar y gestionar bases de datos instalando y administrando el software de gesti\u00f3n en condiciones de calidad, seg\u00fan las caracter\u00edsticas de la explotaci\u00f3n.<\/li>\n<li class=\"ta-justify\">Evaluar el rendimiento de los dispositivos hardware identificando posibilidades de mejoras seg\u00fan las necesidades de funcionamiento.<\/li>\n<li class=\"ta-justify\">Determinar la infraestructura de redes telem\u00e1ticas elaborando esquemas y seleccionando equipos y elementos.<\/li>\n<li class=\"ta-justify\">Integrar equipos de comunicaciones en infraestructuras de redes telem\u00e1ticas, determinando la configuraci\u00f3n para asegurar su conectividad.<\/li>\n<li class=\"ta-justify\">Administrar usuarios de acuerdo a las especificaciones de explotaci\u00f3n para garantizar los accesos y la disponibilidad de los recursos del sistema.<\/li>\n<li class=\"ta-justify\">Diagnosticar las disfunciones del sistema y adoptar las medidas correctivas para restablecer su funcionalidad.<\/li>\n<li class=\"ta-justify\">Gestionar y\/o realizar el mantenimiento de los recursos de su \u00e1rea (programando y verificando su cumplimiento), en funci\u00f3n de las cargas de trabajo y el plan de mantenimiento.<\/li>\n<\/ul>\n<\/div>\n<\/div>\n<p>[\/et_pb_toggle][et_pb_toggle title=\u00bbPlan de formaci\u00f3n\u00bb admin_label=\u00bbplan de formaci\u00f3n\u00bb _builder_version=\u00bb4.8.1&#8243; _module_preset=\u00bbdefault\u00bb]<\/p>\n<div class=\"cte\">\n<div class=\"cte\">\n<p class=\"ta-justify\">Los m\u00f3dulos profesionales de este ciclo formativo son los siguientes:<\/p>\n<ul>\n<li class=\"ta-justify\">Implantaci\u00f3n de sistemas operativos.<\/li>\n<li class=\"ta-justify\">Planificaci\u00f3n y administraci\u00f3n de redes.<\/li>\n<li class=\"ta-justify\">Fundamentos de hardware.<\/li>\n<li class=\"ta-justify\">Gesti\u00f3n de bases de datos.<\/li>\n<li class=\"ta-justify\">Lenguajes de marcas y sistemas de gesti\u00f3n de informaci\u00f3n.<\/li>\n<li class=\"ta-justify\">Administraci\u00f3n de sistemas operativos.<\/li>\n<li class=\"ta-justify\">Servicios de red e Internet.<\/li>\n<li class=\"ta-justify\">Implantaci\u00f3n de aplicaciones web.<\/li>\n<li class=\"ta-justify\">Administraci\u00f3n de sistemas gestores de bases de datos.<\/li>\n<li class=\"ta-justify\">Seguridad y alta disponibilidad.<\/li>\n<li class=\"ta-justify\">Proyecto de administraci\u00f3n de sistemas inform\u00e1ticos en red.<\/li>\n<li class=\"ta-justify\">Formaci\u00f3n y orientaci\u00f3n laboral.<\/li>\n<li class=\"ta-justify\">Empresa e iniciativa emprendedora.<\/li>\n<li class=\"ta-justify\">Formaci\u00f3n en centros de trabajo.<\/li>\n<\/ul>\n<\/div>\n<\/div>\n<p>[\/et_pb_toggle][et_pb_toggle title=\u00bbAl finalizar mis estudios, \u00bfQu\u00e9 puedo hacer?\u00bb admin_label=\u00bbal finalizar los estudios\u00bb _builder_version=\u00bb4.8.1&#8243; _module_preset=\u00bbdefault\u00bb]<\/p>\n<div class=\"cte\">\n<div class=\"cte\">\n<p class=\"ta-justify\"><strong>Trabajar como :<\/strong><\/p>\n<ul>\n<li class=\"ta-justify\">T\u00e9cnica \/ t\u00e9cnico en administraci\u00f3n de sistemas.<\/li>\n<li class=\"ta-justify\">Responsable de inform\u00e1tica.<\/li>\n<li class=\"ta-justify\">T\u00e9cnica \/ t\u00e9cnico en servicios de Internet.<\/li>\n<li class=\"ta-justify\">T\u00e9cnica \/ t\u00e9cnico en servicios de mensajer\u00eda electr\u00f3nica.<\/li>\n<li class=\"ta-justify\">Personal de apoyo y soporte t\u00e9cnico.<\/li>\n<li class=\"ta-justify\">T\u00e9cnica \/ t\u00e9cnico en teleasistencia.<\/li>\n<li class=\"ta-justify\">T\u00e9cnica \/ t\u00e9cnico en administraci\u00f3n de base de datos.<\/li>\n<li class=\"ta-justify\">T\u00e9cnica \/ t\u00e9cnico de redes.<\/li>\n<li class=\"ta-justify\">Supervisor \/ supervisora de sistemas.<\/li>\n<li class=\"ta-justify\">T\u00e9cnica \/ t\u00e9cnico en servicios de comunicaciones.<\/li>\n<li class=\"ta-justify\">T\u00e9cnica \/ t\u00e9cnico en entornos web.<\/li>\n<\/ul>\n<p class=\"ta-justify\"><strong>Seguir estudiando:<\/strong><\/p>\n<ul>\n<li class=\"ta-justify\">Cursos de especializaci\u00f3n profesional.<\/li>\n<li class=\"ta-justify\">Otro Ciclo de Formaci\u00f3n Profesional con la posibilidad de establecer convalidaciones de m\u00f3dulos profesionales de acuerdo a la normativa vigente.<\/li>\n<li class=\"ta-justify\"><strong>Preparaci\u00f3n de las Pruebas de Evaluaci\u00f3n de Bachillerato (\u00fanicamente las materias de opci\u00f3n del bloque de las troncales)<\/strong><\/li>\n<li class=\"ta-justify\">Ense\u00f1anzas Universitarias con la posibilidad de establecer convalidaciones de acuerdo con la normativa vigente<\/li>\n<\/ul>\n<\/div>\n<\/div>\n<p>[\/et_pb_toggle][et_pb_toggle title=\u00bb\u00bfCu\u00e1les son las salidas profesionales?\u00bb admin_label=\u00bbsalidas\u00bb _builder_version=\u00bb4.8.1&#8243; _module_preset=\u00bbdefault\u00bb]<\/p>\n<p>Este profesional ejerce su actividad en el \u00e1rea de inform\u00e1tica de entidades que dispongan de sistemas para la gesti\u00f3n de datos e infraestructura de redes (intranet, internet y\/o extranet).<\/p>\n<p>[\/et_pb_toggle][et_pb_toggle title=\u00bbM\u00e1s informaci\u00f3n\u00bb admin_label=\u00bbmas informaci\u00f3n\u00bb _builder_version=\u00bb4.8.1&#8243; _module_preset=\u00bbdefault\u00bb]<\/p>\n<div class=\"cte\">\n<div class=\"cte\">\n<ul>\n<li><strong>Equivalencia de t\u00edtulos:<\/strong>\n<ul>\n<li>Este t\u00edtulo equivale al t\u00edtulo LOGSE:\n<ul>\n<li><a href=\"https:\/\/www.todofp.es\/que-como-y-donde-estudiar\/que-estudiar\/familia\/logse\/informatica\/admin-sistemas-informaticos.html\">T\u00e9cnico Superior en Administraci\u00f3n de Sistemas Inform\u00e1ticos<\/a><\/li>\n<\/ul>\n<\/li>\n<li>Este t\u00edtulo equivale al t\u00edtulo LEY70:\n<ul>\n<li>\n<p>T\u00e9cnico Especialista en Inform\u00e1tica de Empresas, rama Administrativa y Comercial.<\/p>\n<\/li>\n<li>\n<p>T\u00e9cnico Especialista en Inform\u00e1tica de Empresa, rama Administrativa y Comercial.<\/p>\n<\/li>\n<li>\n<p>T\u00e9cnico Especialista en Inform\u00e1tica Empresarial, rama Administrativa y Comercial.<\/p>\n<\/li>\n<\/ul>\n<\/li>\n<\/ul>\n<\/li>\n<\/ul>\n<h4>Modalidades de bachillerato para acceso preferente a ciclos de grado superior<\/h4>\n<p>Tendr\u00e1n preferencia para acceder a este ciclo formativo quienes hayan cursado la modalidad de bachillerato de:<\/p>\n<ul>\n<li>Ciencias y Tecnolog\u00eda<\/li>\n<\/ul>\n<h4>Funci\u00f3n docente<\/h4>\n<p><a href=\"https:\/\/www.todofp.es\/profesores\/normativa\/acceso-funcion-docente.html\">Acceso a la funci\u00f3n docente<\/a><\/p>\n<\/div>\n<\/div>\n<p>[\/et_pb_toggle][\/et_pb_column][\/et_pb_row][\/et_pb_section]<\/p>\n","protected":false},"excerpt":{"rendered":"<p>[et_pb_section fb_built=\u00bb1&#8243; _builder_version=\u00bb4.8.1&#8243; _module_preset=\u00bbdefault\u00bb collapsed=\u00bboff\u00bb][et_pb_row column_structure=\u00bb1_3,2_3&#8243; _builder_version=\u00bb4.8.1&#8243; _module_preset=\u00bbdefault\u00bb][et_pb_column type=\u00bb1_3&#8243; _builder_version=\u00bb4.8.1&#8243; _module_preset=\u00bbdefault\u00bb][et_pb_image src=\u00bb\/wp-content\/uploads\/2021\/07\/fpa.png\u00bb title_text=\u00bbfpa\u00bb align=\u00bbcenter\u00bb force_fullwidth=\u00bbon\u00bb _builder_version=\u00bb4.8.1&#8243; _module_preset=\u00bbdefault\u00bb border_radii=\u00bbon|2px|2px|2px|2px\u00bb border_width_all=\u00bb5px\u00bb][\/et_pb_image][et_pb_image src=\u00bb\/wp-content\/uploads\/2021\/07\/GUIA_50_ASIR.jpg\u00bb title_text=\u00bbGUIA_50_ASIR\u00bb url=\u00bbhttps:\/\/www.iesoretania.es\/wp-content\/uploads\/2021\/07\/GUIA_50_ASIR.pdf\u00bb url_new_window=\u00bbon\u00bb _builder_version=\u00bb4.8.1&#8243; _module_preset=\u00bbdefault\u00bb][\/et_pb_image][et_pb_toggle title=\u00bbC.F.G.M. Inform\u00e1tica y Comunicaciones\u00bb closed_toggle_background_color=\u00bbrgba(127,90,201,0.67)\u00bb icon_color=\u00bb#000000&#8243; _builder_version=\u00bb4.8.1&#8243; _module_preset=\u00bbdefault\u00bb animation_style=\u00bbfold\u00bb hover_enabled=\u00bb0&#8243; sticky_enabled=\u00bb0&#8243;] Sistemas Microinform\u00e1ticos y Redes [\/et_pb_toggle][et_pb_toggle title=\u00bbC.F.G.S. Inform\u00e1tica y Comunicaciones\u00bb open_toggle_background_color=\u00bb#FFFFFF\u00bb closed_toggle_background_color=\u00bb#979b76&#8243; icon_color=\u00bb#000000&#8243; _builder_version=\u00bb4.8.1&#8243; _module_preset=\u00bbdefault\u00bb animation_style=\u00bbfold\u00bb animation_starting_opacity=\u00bb28%\u00bb hover_enabled=\u00bb0&#8243; sticky_enabled=\u00bb0&#8243;] Desarrollo [&hellip;]<\/p>\n","protected":false},"author":1,"featured_media":0,"parent":0,"menu_order":0,"comment_status":"closed","ping_status":"closed","template":"","meta":{"_et_pb_use_builder":"on","_et_pb_old_content":"","_et_gb_content_width":"","footnotes":""},"class_list":["post-1128","page","type-page","status-publish","hentry"],"_links":{"self":[{"href":"https:\/\/www.iesoretania.es\/index.php\/wp-json\/wp\/v2\/pages\/1128","targetHints":{"allow":["GET"]}}],"collection":[{"href":"https:\/\/www.iesoretania.es\/index.php\/wp-json\/wp\/v2\/pages"}],"about":[{"href":"https:\/\/www.iesoretania.es\/index.php\/wp-json\/wp\/v2\/types\/page"}],"author":[{"embeddable":true,"href":"https:\/\/www.iesoretania.es\/index.php\/wp-json\/wp\/v2\/users\/1"}],"replies":[{"embeddable":true,"href":"https:\/\/www.iesoretania.es\/index.php\/wp-json\/wp\/v2\/comments?post=1128"}],"version-history":[{"count":12,"href":"https:\/\/www.iesoretania.es\/index.php\/wp-json\/wp\/v2\/pages\/1128\/revisions"}],"predecessor-version":[{"id":1182,"href":"https:\/\/www.iesoretania.es\/index.php\/wp-json\/wp\/v2\/pages\/1128\/revisions\/1182"}],"wp:attachment":[{"href":"https:\/\/www.iesoretania.es\/index.php\/wp-json\/wp\/v2\/media?parent=1128"}],"curies":[{"name":"wp","href":"https:\/\/api.w.org\/{rel}","templated":true}]}}