{"id":1109,"date":"2021-07-25T11:11:19","date_gmt":"2021-07-25T11:11:19","guid":{"rendered":"https:\/\/www.iesoretania.es\/?page_id=1109"},"modified":"2021-07-25T18:12:10","modified_gmt":"2021-07-25T18:12:10","slug":"c-f-g-s-desarrollo-de-aplicaciones-multiplataforma","status":"publish","type":"page","link":"https:\/\/www.iesoretania.es\/index.php\/c-f-g-s-desarrollo-de-aplicaciones-multiplataforma\/","title":{"rendered":"C.F.G.S. Desarrollo de Aplicaciones Multiplataforma"},"content":{"rendered":"<p>[et_pb_section fb_built=\u00bb1&#8243; _builder_version=\u00bb4.8.1&#8243; _module_preset=\u00bbdefault\u00bb collapsed=\u00bboff\u00bb][et_pb_row column_structure=\u00bb1_3,2_3&#8243; _builder_version=\u00bb4.8.1&#8243; _module_preset=\u00bbdefault\u00bb][et_pb_column type=\u00bb1_3&#8243; _builder_version=\u00bb4.8.1&#8243; _module_preset=\u00bbdefault\u00bb][et_pb_image src=\u00bb\/wp-content\/uploads\/2021\/07\/fpa.png\u00bb title_text=\u00bbfpa\u00bb align=\u00bbcenter\u00bb force_fullwidth=\u00bbon\u00bb _builder_version=\u00bb4.8.1&#8243; _module_preset=\u00bbdefault\u00bb border_radii=\u00bbon|2px|2px|2px|2px\u00bb border_width_all=\u00bb5px\u00bb][\/et_pb_image][et_pb_image src=\u00bb\/wp-content\/uploads\/2021\/07\/GUIA_51_dam.jpg\u00bb title_text=\u00bbGUIA_51_dam\u00bb url=\u00bbhttps:\/\/www.iesoretania.es\/wp-content\/uploads\/2021\/07\/GUIA_51_dam.pdf\u00bb url_new_window=\u00bbon\u00bb _builder_version=\u00bb4.8.1&#8243; _module_preset=\u00bbdefault\u00bb][\/et_pb_image][et_pb_toggle title=\u00bbC.F.G.M. Inform\u00e1tica y Comunicaciones\u00bb closed_toggle_background_color=\u00bbrgba(127,90,201,0.67)\u00bb icon_color=\u00bb#000000&#8243; _builder_version=\u00bb4.8.1&#8243; _module_preset=\u00bbdefault\u00bb animation_style=\u00bbfold\u00bb hover_enabled=\u00bb0&#8243; sticky_enabled=\u00bb0&#8243;]<\/p>\n<ul>\n<li><a href=\"https:\/\/www.iesoretania.es\/index.php\/c-f-g-m-sistemas-microinformaticos-y-redes\/\">Sistemas Microinform\u00e1ticos y Redes<\/a><\/li>\n<\/ul>\n<p>[\/et_pb_toggle][et_pb_toggle title=\u00bbC.F.G.S. Inform\u00e1tica y Comunicaciones\u00bb open_toggle_background_color=\u00bb#FFFFFF\u00bb closed_toggle_background_color=\u00bb#979b76&#8243; icon_color=\u00bb#000000&#8243; _builder_version=\u00bb4.8.1&#8243; _module_preset=\u00bbdefault\u00bb animation_style=\u00bbfold\u00bb animation_starting_opacity=\u00bb28%\u00bb hover_enabled=\u00bb0&#8243; sticky_enabled=\u00bb0&#8243;]<\/p>\n<ul>\n<li><a href=\"https:\/\/www.iesoretania.es\/index.php\/c-f-g-s-desarrollo-de-aplicaciones-web\/\">Desarrollo de Aplicaciones Web<\/a><\/li>\n<li><a href=\"https:\/\/www.iesoretania.es\/index.php\/c-f-g-s-desarrollo-de-aplicaciones-multiplataforma\/\">Desarrollo de Aplicaciones Multiplataforma<\/a><\/li>\n<li><a href=\"https:\/\/www.iesoretania.es\/index.php\/c-f-g-s-administracion-de-sistemas-informaticos-en-red\/\">Administraci\u00f3n de Sistemas Inform\u00e1ticos<\/a><\/li>\n<\/ul>\n<p>[\/et_pb_toggle][et_pb_toggle title=\u00bbC.F.G.S. Sanidad\u00bb icon_color=\u00bb#000000&#8243; _builder_version=\u00bb4.8.1&#8243; _module_preset=\u00bbdefault\u00bb animation_style=\u00bbfold\u00bb hover_enabled=\u00bb0&#8243; sticky_enabled=\u00bb0&#8243;]<\/p>\n<ul>\n<li>Higiene Bucodental<\/li>\n<li><a href=\"https:\/\/www.iesoretania.es\/index.php\/c-f-g-s-audiologia-protesica\/\">Audiolog\u00eda Prot\u00e9sica<\/a><\/li>\n<\/ul>\n<p>[\/et_pb_toggle][\/et_pb_column][et_pb_column type=\u00bb2_3&#8243; _builder_version=\u00bb4.8.1&#8243; _module_preset=\u00bbdefault\u00bb][et_pb_text _builder_version=\u00bb4.8.1&#8243; _module_preset=\u00bbdefault\u00bb]<\/p>\n<h1 style=\"text-align: center;\"><span style=\"color: #7c1482;\"><strong>Ciclo Formativo Grado Superior<br \/>Desarrollo de Aplicaciones Multiplataforma.<\/strong><\/span><\/h1>\n<p>[\/et_pb_text][et_pb_text admin_label=\u00bbTexto\u00bb _builder_version=\u00bb4.8.1&#8243; _module_preset=\u00bbdefault\u00bb text_orientation=\u00bbcenter\u00bb]<\/p>\n<p>Puedes consultar la fuente original en <a href=\"https:\/\/www.todofp.es\/que-como-y-donde-estudiar\/que-estudiar\/familia\/loe\/informatica-comunicaciones\/des-aplicaciones-web.html\">https:\/\/www.todofp.es\/que-como-y-donde-estudiar\/que-estudiar\/familia\/loe\/informatica-comunicaciones\/des-aplicaciones-multiplataforma.html<\/a><\/p>\n<p>[\/et_pb_text][et_pb_toggle title=\u00bbDuraci\u00f3n del estudio\u00bb admin_label=\u00bbDuraci\u00f3n\u00bb _builder_version=\u00bb4.8.1&#8243; _module_preset=\u00bbdefault\u00bb]<\/p>\n<p>El ciclo son 2.000 horas presenciales<\/p>\n<p>[\/et_pb_toggle][et_pb_toggle title=\u00bbRequisitos de acceso\u00bb open_toggle_text_color=\u00bb#8300E9&#8243; closed_toggle_text_color=\u00bb#000000&#8243; admin_label=\u00bbRequisitos\u00bb _builder_version=\u00bb4.8.1&#8243; _module_preset=\u00bb674580ac-28c5-40d6-ade9-0cca6658db14&#8243; title_text_color=\u00bb#FFFFFF\u00bb background_enable_color=\u00bboff\u00bb]<\/p>\n<div class=\"cte\">\n<div class=\"cte\">\n<p class=\"ta-justify\">Puedes acceder a un ciclo de <strong>grado superior<\/strong> cuando re\u00fanas alguno de los siguientes requisitos:<\/p>\n<p class=\"ta-justify\">Acceso <strong>directo<\/strong>:<\/p>\n<ul>\n<li class=\"ta-justify\">Estar en posesi\u00f3n del T\u00edtulo de Bachiller, o de un certificado acreditativo de haber superado todas las materias del Bachillerato.<\/li>\n<li class=\"ta-justify\">Haber superado el segundo curso de cualquier modalidad de Bachillerato experimental.<\/li>\n<li class=\"ta-justify\">Estar en posesi\u00f3n de un T\u00edtulo de T\u00e9cnico (Formaci\u00f3n Profesional de Grado Medio).<\/li>\n<li class=\"ta-justify\">Estar en posesi\u00f3n de un T\u00edtulo de T\u00e9cnico Superior, T\u00e9cnico Especialista o equivalente a efectos acad\u00e9micos.<\/li>\n<li class=\"ta-justify\">Haber superado el Curso de Orientaci\u00f3n Universitaria (COU).<\/li>\n<li class=\"ta-justify\">Estar en posesi\u00f3n de cualquier Titulaci\u00f3n Universitaria o equivalente.<\/li>\n<\/ul>\n<p class=\"ta-justify\">Acceso mediante<strong> prueba<\/strong> (para quienes no tengan alguno de los requisitos anteriores)<\/p>\n<ul>\n<li class=\"ta-justify\">Haber superado la prueba de acceso a ciclos formativos de grado superior (se requiere tener al menos 19 a\u00f1os en el a\u00f1o que se realiza la prueba o 18 para quienes poseen el t\u00edtulo de T\u00e9cnico).<\/li>\n<li class=\"ta-justify\">Haber superado la prueba de acceso a la Universidad para mayores de 25 a\u00f1os.<\/li>\n<\/ul>\n<\/div>\n<\/div>\n<p>[\/et_pb_toggle][et_pb_toggle title=\u00bb\u00bfQu\u00e9 voy a aprender?\u00bb open=\u00bbon\u00bb admin_label=\u00bbque voy a aprender\u00bb _builder_version=\u00bb4.8.1&#8243; _module_preset=\u00bbdefault\u00bb]<\/p>\n<div class=\"cte\">\n<div class=\"cte\">\n<ul>\n<li class=\"ta-justify\">Configurar y explotar sistemas inform\u00e1ticos, adaptando la configuraci\u00f3n l\u00f3gica del sistema seg\u00fan las necesidades de uso y los criterios establecidos.<\/li>\n<li class=\"ta-justify\">Aplicar t\u00e9cnicas y procedimientos relacionados con la seguridad en sistemas, servicios y aplicaciones, cumpliendo el plan de seguridad.<\/li>\n<li class=\"ta-justify\">Gestionar bases de datos, interpretando su dise\u00f1o l\u00f3gico y verificando integridad, consistencia, seguridad y accesibilidad de los datos.<\/li>\n<li class=\"ta-justify\">Gestionar entornos de desarrollo adaptando su configuraci\u00f3n en cada caso para permitir el desarrollo y despliegue de aplicaciones.<\/li>\n<li class=\"ta-justify\">Desarrollar aplicaciones multiplataforma con acceso a bases de datos utilizando lenguajes, librer\u00edas y herramientas adecuados a las especificaciones.<\/li>\n<li class=\"ta-justify\">Integrar contenidos gr\u00e1ficos y componentes multimedia en aplicaciones multiplataforma, empleando herramientas espec\u00edficas y cumpliendo los requerimientos establecidos.<\/li>\n<li class=\"ta-justify\">Desarrollar interfaces gr\u00e1ficos de usuario interactivos y con la usabilidad adecuada, empleando componentes visuales est\u00e1ndar o implementando componentes visuales espec\u00edficos.<\/li>\n<li class=\"ta-justify\">Desarrollar aplicaciones para tel\u00e9fonos, PDA y otros dispositivos m\u00f3viles empleando t\u00e9cnicas y entornos de desarrollo espec\u00edficos.<\/li>\n<li class=\"ta-justify\">Desarrollar aplicaciones multiproceso y multihilo empleando librer\u00edas y t\u00e9cnicas de programaci\u00f3n espec\u00edficas.<\/li>\n<li class=\"ta-justify\">Participar en la implantaci\u00f3n de sistemas ERP-CRM evaluando la utilidad de cada uno de sus m\u00f3dulos.<\/li>\n<li class=\"ta-justify\">Gestionar la informaci\u00f3n almacenada en sistemas ERP-CRM garantizando su integridad.<\/li>\n<\/ul>\n<\/div>\n<\/div>\n<p>[\/et_pb_toggle][et_pb_toggle title=\u00bbPlan de formaci\u00f3n\u00bb admin_label=\u00bbplan de formaci\u00f3n\u00bb _builder_version=\u00bb4.8.1&#8243; _module_preset=\u00bbdefault\u00bb]<\/p>\n<div class=\"cte\">\n<div class=\"cte\">\n<p class=\"ta-justify\">Los m\u00f3dulos profesionales de este ciclo formativo son los siguientes:<\/p>\n<ul>\n<li class=\"ta-justify\">Sistemas inform\u00e1ticos.<\/li>\n<li class=\"ta-justify\">Bases de Datos.<\/li>\n<li class=\"ta-justify\">Programaci\u00f3n.<\/li>\n<li class=\"ta-justify\">Lenguajes de marcas y sistemas de gesti\u00f3n de informaci\u00f3n.<\/li>\n<li class=\"ta-justify\">Entornos de desarrollo.<\/li>\n<li class=\"ta-justify\">Acceso a datos.<\/li>\n<li class=\"ta-justify\">Desarrollo de interfaces.<\/li>\n<li class=\"ta-justify\">Programaci\u00f3n multimedia y dispositivos m\u00f3viles.<\/li>\n<li class=\"ta-justify\">Programaci\u00f3n de servicios y procesos.<\/li>\n<li class=\"ta-justify\">Sistemas de gesti\u00f3n empresarial.<\/li>\n<li class=\"ta-justify\">Proyecto de desarrollo de aplicaciones multiplataforma.<\/li>\n<li class=\"ta-justify\">Formaci\u00f3n y orientaci\u00f3n laboral.<\/li>\n<li class=\"ta-justify\">Empresa e iniciativa emprendedora.<\/li>\n<li class=\"ta-justify\">Formaci\u00f3n en centros de trabajo.<\/li>\n<\/ul>\n<\/div>\n<\/div>\n<p>[\/et_pb_toggle][et_pb_toggle title=\u00bbAl finalizar mis estudios, \u00bfQu\u00e9 puedo hacer?\u00bb admin_label=\u00bbal finalizar los estudios\u00bb _builder_version=\u00bb4.8.1&#8243; _module_preset=\u00bbdefault\u00bb]<\/p>\n<div class=\"cte\">\n<div class=\"cte\">\n<p class=\"ta-justify\"><strong>Trabajar:<\/strong><\/p>\n<ul>\n<li class=\"ta-justify\">Desarrollando aplicaciones inform\u00e1ticas para la gesti\u00f3n empresarial y de negocio.<\/li>\n<li class=\"ta-justify\">Desarrollando aplicaciones de prop\u00f3sito general.<\/li>\n<li class=\"ta-justify\">Desarrollando aplicaciones en el \u00e1mbito del entretenimiento y la inform\u00e1tica m\u00f3vil.<\/li>\n<\/ul>\n<p class=\"ta-justify\"><strong>Seguir estudiando:<\/strong><\/p>\n<ul>\n<li class=\"ta-justify\">Cursos de especializaci\u00f3n profesional.<\/li>\n<li class=\"ta-justify\">Otro Ciclo de Formaci\u00f3n Profesional con la posibilidad de establecer convalidaciones de m\u00f3dulos profesionales de acuerdo a la normativa vigente.<\/li>\n<li class=\"ta-justify\"><strong>Preparaci\u00f3n de las Pruebas de Evaluaci\u00f3n de Bachillerato (\u00fanicamente las materias de opci\u00f3n del bloque de las troncales)<\/strong><\/li>\n<li class=\"ta-justify\">Ense\u00f1anzas Universitarias con la posibilidad de establecer convalidaciones de acuerdo con la normativa vigente<\/li>\n<\/ul>\n<\/div>\n<\/div>\n<p>[\/et_pb_toggle][et_pb_toggle title=\u00bb\u00bfCu\u00e1les son las salidas profesionales?\u00bb admin_label=\u00bbsalidas\u00bb _builder_version=\u00bb4.8.1&#8243; _module_preset=\u00bbdefault\u00bb]<\/p>\n<p>Las personas con este perfil profesional ejercen su actividad en entidades p\u00fablicas o privadas de cualquier tama\u00f1o, tanto por cuenta ajena como por cuenta propia, desempe\u00f1ando su trabajo en el \u00e1rea de desarrollo de aplicaciones inform\u00e1ticas multiplataforma en diversos \u00e1mbitos: gesti\u00f3n empresarial y de negocio, relaciones con clientes, educaci\u00f3n, ocio, dispositivos m\u00f3viles y entretenimiento, entre otros; aplicaciones desarrolladas e implantadas en entornos de alcance intranet, extranet e Internet; implantaci\u00f3n y adaptaci\u00f3n de sistemas de planificaci\u00f3n de recursos empresariales y de gesti\u00f3n de relaciones con clientes.<\/p>\n<p>[\/et_pb_toggle][et_pb_toggle title=\u00bbM\u00e1s informaci\u00f3n\u00bb admin_label=\u00bbmas informaci\u00f3n\u00bb _builder_version=\u00bb4.8.1&#8243; _module_preset=\u00bbdefault\u00bb]<\/p>\n<div class=\"cte\">\n<div class=\"cte\">\n<ul>\n<li><strong>Equivalencia de t\u00edtulos:<\/strong>\n<ul>\n<li>Este t\u00edtulo equivale al t\u00edtulo LOGSE:\n<ul>\n<li><a href=\"https:\/\/www.todofp.es\/que-como-y-donde-estudiar\/que-estudiar\/familia\/logse\/informatica\/desarrollo-aplicaciones-informaticas.html\">T\u00e9cnico Superior en Desarrollo de Aplicaciones Inform\u00e1ticas<\/a><\/li>\n<\/ul>\n<\/li>\n<li>Este t\u00edtulo equivale al t\u00edtulo LEY70:\n<ul>\n<li>\n<p>T\u00e9cnico Especialista en Inform\u00e1tica de Gesti\u00f3n, rama Administrativa y Comercial.<\/p>\n<\/li>\n<li>\n<p>T\u00e9cnico Especialista Programador de Gesti\u00f3n Administrativa, rama Administrativa y Comercial.<\/p>\n<\/li>\n<li>\n<p>T\u00e9cnico Especialista Programador de Aplicaciones de Gesti\u00f3n, rama Administrativa y Comercial.<\/p>\n<\/li>\n<li>\n<p>T\u00e9cnico Especialista en Programaci\u00f3n de Inform\u00e1tica de Gesti\u00f3n, rama Administrativa y Comercial.<\/p>\n<\/li>\n<li>\n<p>T\u00e9cnico Especialista Programador de Gesti\u00f3n, rama Administrativa y Comercial.<\/p>\n<\/li>\n<\/ul>\n<\/li>\n<\/ul>\n<\/li>\n<\/ul>\n<h4>Modalidades de bachillerato para acceso preferente a ciclos de grado superior<\/h4>\n<p>Tendr\u00e1n preferencia para acceder a este ciclo formativo quienes hayan cursado la modalidad de bachillerato de:<\/p>\n<ul>\n<li>Ciencias y Tecnolog\u00eda<\/li>\n<\/ul>\n<h4>Funci\u00f3n docente<\/h4>\n<p><a href=\"https:\/\/www.todofp.es\/profesores\/normativa\/acceso-funcion-docente.html\">Acceso a la funci\u00f3n docente<\/a><\/p>\n<\/div>\n<p>&nbsp;<\/p>\n<\/div>\n<p>[\/et_pb_toggle][\/et_pb_column][\/et_pb_row][\/et_pb_section]<\/p>\n","protected":false},"excerpt":{"rendered":"<p>[et_pb_section fb_built=\u00bb1&#8243; _builder_version=\u00bb4.8.1&#8243; _module_preset=\u00bbdefault\u00bb collapsed=\u00bboff\u00bb][et_pb_row column_structure=\u00bb1_3,2_3&#8243; _builder_version=\u00bb4.8.1&#8243; _module_preset=\u00bbdefault\u00bb][et_pb_column type=\u00bb1_3&#8243; _builder_version=\u00bb4.8.1&#8243; _module_preset=\u00bbdefault\u00bb][et_pb_image src=\u00bb\/wp-content\/uploads\/2021\/07\/fpa.png\u00bb title_text=\u00bbfpa\u00bb align=\u00bbcenter\u00bb force_fullwidth=\u00bbon\u00bb _builder_version=\u00bb4.8.1&#8243; _module_preset=\u00bbdefault\u00bb border_radii=\u00bbon|2px|2px|2px|2px\u00bb border_width_all=\u00bb5px\u00bb][\/et_pb_image][et_pb_image src=\u00bb\/wp-content\/uploads\/2021\/07\/GUIA_51_dam.jpg\u00bb title_text=\u00bbGUIA_51_dam\u00bb url=\u00bbhttps:\/\/www.iesoretania.es\/wp-content\/uploads\/2021\/07\/GUIA_51_dam.pdf\u00bb url_new_window=\u00bbon\u00bb _builder_version=\u00bb4.8.1&#8243; _module_preset=\u00bbdefault\u00bb][\/et_pb_image][et_pb_toggle title=\u00bbC.F.G.M. Inform\u00e1tica y Comunicaciones\u00bb closed_toggle_background_color=\u00bbrgba(127,90,201,0.67)\u00bb icon_color=\u00bb#000000&#8243; _builder_version=\u00bb4.8.1&#8243; _module_preset=\u00bbdefault\u00bb animation_style=\u00bbfold\u00bb hover_enabled=\u00bb0&#8243; sticky_enabled=\u00bb0&#8243;] Sistemas Microinform\u00e1ticos y Redes [\/et_pb_toggle][et_pb_toggle title=\u00bbC.F.G.S. Inform\u00e1tica y Comunicaciones\u00bb open_toggle_background_color=\u00bb#FFFFFF\u00bb closed_toggle_background_color=\u00bb#979b76&#8243; icon_color=\u00bb#000000&#8243; _builder_version=\u00bb4.8.1&#8243; _module_preset=\u00bbdefault\u00bb animation_style=\u00bbfold\u00bb animation_starting_opacity=\u00bb28%\u00bb hover_enabled=\u00bb0&#8243; sticky_enabled=\u00bb0&#8243;] Desarrollo [&hellip;]<\/p>\n","protected":false},"author":1,"featured_media":0,"parent":0,"menu_order":0,"comment_status":"closed","ping_status":"closed","template":"","meta":{"_et_pb_use_builder":"on","_et_pb_old_content":"","_et_gb_content_width":"","footnotes":""},"class_list":["post-1109","page","type-page","status-publish","hentry"],"_links":{"self":[{"href":"https:\/\/www.iesoretania.es\/index.php\/wp-json\/wp\/v2\/pages\/1109","targetHints":{"allow":["GET"]}}],"collection":[{"href":"https:\/\/www.iesoretania.es\/index.php\/wp-json\/wp\/v2\/pages"}],"about":[{"href":"https:\/\/www.iesoretania.es\/index.php\/wp-json\/wp\/v2\/types\/page"}],"author":[{"embeddable":true,"href":"https:\/\/www.iesoretania.es\/index.php\/wp-json\/wp\/v2\/users\/1"}],"replies":[{"embeddable":true,"href":"https:\/\/www.iesoretania.es\/index.php\/wp-json\/wp\/v2\/comments?post=1109"}],"version-history":[{"count":12,"href":"https:\/\/www.iesoretania.es\/index.php\/wp-json\/wp\/v2\/pages\/1109\/revisions"}],"predecessor-version":[{"id":1184,"href":"https:\/\/www.iesoretania.es\/index.php\/wp-json\/wp\/v2\/pages\/1109\/revisions\/1184"}],"wp:attachment":[{"href":"https:\/\/www.iesoretania.es\/index.php\/wp-json\/wp\/v2\/media?parent=1109"}],"curies":[{"name":"wp","href":"https:\/\/api.w.org\/{rel}","templated":true}]}}